{"id":32368,"date":"2023-03-19T19:58:23","date_gmt":"2023-03-19T19:58:23","guid":{"rendered":"https:\/\/congresoterapiaocupacional.umh.es\/intervenants\/"},"modified":"2026-02-05T12:14:38","modified_gmt":"2026-02-05T12:14:38","slug":"intervenants","status":"publish","type":"page","link":"https:\/\/congresoterapiaocupacional.umh.es\/fr\/intervenants\/","title":{"rendered":"Intervenants"},"content":{"rendered":"<p>[et_pb_section fb_built=\u00a0\u00bb1&Prime; disabled_on=\u00a0\u00bboff|off|off\u00a0\u00bb admin_label=\u00a0\u00bbsection\u00a0\u00bb _builder_version=\u00a0\u00bb4.16&Prime; global_colors_info=\u00a0\u00bb{}\u00a0\u00bb][et_pb_row column_structure=\u00a0\u00bb1_2,1_2&Prime; _builder_version=\u00a0\u00bb4.17.4&Prime; _module_preset=\u00a0\u00bbdefault\u00a0\u00bb global_colors_info=\u00a0\u00bb{}\u00a0\u00bb][et_pb_column type=\u00a0\u00bb1_2&Prime; _builder_version=\u00a0\u00bb4.17.4&Prime; _module_preset=\u00a0\u00bbdefault\u00a0\u00bb global_colors_info=\u00a0\u00bb{}\u00a0\u00bb][et_pb_image src=\u00a0\u00bbhttps:\/\/congresoterapiaocupacional.umh.es\/files\/2025\/12\/WhatsApp-Image-2025-12-01-at-16.31.30-5-289&#215;300.jpeg\u00a0\u00bb title_text=\u00a0\u00bbWhatsApp Image 2025-12-01 at 16.31.30&Prime; align=\u00a0\u00bbcenter\u00a0\u00bb _builder_version=\u00a0\u00bb4.17.4&Prime; _module_preset=\u00a0\u00bbdefault\u00a0\u00bb global_colors_info=\u00a0\u00bb{}\u00a0\u00bb][\/et_pb_image][\/et_pb_column][et_pb_column type=\u00a0\u00bb1_2&Prime; _builder_version=\u00a0\u00bb4.17.4&Prime; _module_preset=\u00a0\u00bbdefault\u00a0\u00bb global_colors_info=\u00a0\u00bb{}\u00a0\u00bb][et_pb_text _builder_version=\u00a0\u00bb4.17.4&Prime; _module_preset=\u00a0\u00bbdefault\u00a0\u00bb text_font_size=\u00a0\u00bb25px\u00a0\u00bb global_colors_info=\u00a0\u00bb{}\u00a0\u00bb]<\/p>\n<p><strong>CRISTINA PERDOMO<\/strong><\/p>\n<p>[\/et_pb_text][et_pb_text _builder_version=\u00a0\u00bb4.17.4&Prime; _module_preset=\u00a0\u00bbdefault\u00a0\u00bb global_colors_info=\u00a0\u00bb{}\u00a0\u00bb]<\/p>\n<p data-start=\"0\" data-end=\"137\"><strong data-start=\"0\" data-end=\"11\">Titre: <\/strong>Avantages de la robot-th\u00e9rapie comme intervention th\u00e9rapeutique pour les personnes \u00e2g\u00e9es souffrant de troubles cognitifs.<\/p>\n<p data-start=\"0\" data-end=\"137\"><em data-start=\"12\" data-end=\"137\"><\/em><strong data-start=\"139\" data-end=\"151\">R\u00e9sum\u00e9:<\/strong> La conf\u00e9rence abordera les avantages de la robot-th\u00e9rapie en tant qu&rsquo;intervention th\u00e9rapeutique pour les personnes \u00e2g\u00e9es souffrant de troubles cognitifs. Th\u00e9rapeute occupationnelle de formation, elle a obtenu son doctorat en conception et utilisation des technologies d&rsquo;assistance \u00e0 la r\u00e9\u00e9ducation \u00e0 l&rsquo;Universidade Estadual Paulista (Br\u00e9sil) et a effectu\u00e9 un post-doctorat en co-conception technologique \u00e0 l&rsquo;Universit\u00e9 du Manitoba (Canada). Elle coordonne actuellement des projets financ\u00e9s dans les domaines de la robot-th\u00e9rapie et des technologies d&rsquo;assistance \u00e0 la r\u00e9\u00e9ducation en Espagne, au Canada et au Chili.<\/p>\n<p data-start=\"162\" data-end=\"235\"><strong data-start=\"162\" data-end=\"179\">Affiliation: <\/strong>Professeure-chercheuse \u00e0 l&rsquo;universit\u00e9 Rey Juan Carlos et membre du conseil d&rsquo;administration du R\u00e9seau europ\u00e9en d&rsquo;ergoth\u00e9rapie dans l&rsquo;enseignement sup\u00e9rieur (ENOTHE).<\/p>\n<p>[\/et_pb_text][\/et_pb_column][\/et_pb_row][et_pb_row column_structure=\u00a0\u00bb1_2,1_2&Prime; disabled_on=\u00a0\u00bboff|off|off\u00a0\u00bb _builder_version=\u00a0\u00bb4.17.4&Prime; _module_preset=\u00a0\u00bbdefault\u00a0\u00bb global_colors_info=\u00a0\u00bb{}\u00a0\u00bb][et_pb_column type=\u00a0\u00bb1_2&Prime; _builder_version=\u00a0\u00bb4.17.4&Prime; _module_preset=\u00a0\u00bbdefault\u00a0\u00bb global_colors_info=\u00a0\u00bb{}\u00a0\u00bb][et_pb_image src=\u00a0\u00bbhttps:\/\/congresoterapiaocupacional.umh.es\/files\/2026\/02\/WhatsApp-Image-2026-02-02-at-14.12.39-300&#215;292.jpeg\u00a0\u00bb title_text=\u00a0\u00bbWhatsApp Image 2026-02-02 at 14.12.39&Prime; align=\u00a0\u00bbcenter\u00a0\u00bb _builder_version=\u00a0\u00bb4.17.4&Prime; _module_preset=\u00a0\u00bbdefault\u00a0\u00bb global_colors_info=\u00a0\u00bb{}\u00a0\u00bb][\/et_pb_image][\/et_pb_column][et_pb_column type=\u00a0\u00bb1_2&Prime; _builder_version=\u00a0\u00bb4.17.4&Prime; _module_preset=\u00a0\u00bbdefault\u00a0\u00bb global_colors_info=\u00a0\u00bb{}\u00a0\u00bb][et_pb_text _builder_version=\u00a0\u00bb4.17.4&Prime; _module_preset=\u00a0\u00bbdefault\u00a0\u00bb text_font_size=\u00a0\u00bb25px\u00a0\u00bb global_colors_info=\u00a0\u00bb{}\u00a0\u00bb]<\/p>\n<p><strong>JO ADAMS<\/strong><\/p>\n<p>[\/et_pb_text][et_pb_text _builder_version=\u00a0\u00bb4.17.4&Prime; _module_preset=\u00a0\u00bbdefault\u00a0\u00bb hover_enabled=\u00a0\u00bb0&Prime; global_colors_info=\u00a0\u00bb{}\u00a0\u00bb sticky_enabled=\u00a0\u00bb0&Prime;]<\/p>\n<p style=\"text-align: justify\"><strong data-start=\"0\" data-end=\"11\">Titre:<\/strong> Approches de recherche clinique en ergoth\u00e9rapie visant \u00e0 examiner l&rsquo;efficacit\u00e9 de l&rsquo;autogestion chez les personnes atteintes de troubles musculo-squelettiques.<\/p>\n<p style=\"text-align: justify\"><strong data-start=\"106\" data-end=\"118\">R\u00e9sum\u00e9: <\/strong>Jo a obtenu son dipl\u00f4me d&rsquo;ergoth\u00e9rapeute en 1986. Elle a travaill\u00e9 au Royaume-Uni, aux \u00c9tats-Unis, au Canada, en Ouganda et au Bangladesh dans des environnements cliniques, communautaires, caritatifs et d&rsquo;enseignement sup\u00e9rieur. Au cours des 30 derni\u00e8res ann\u00e9es, Jo a men\u00e9 des recherches interdisciplinaires ax\u00e9es sur l&rsquo;examen de l&rsquo;efficacit\u00e9 des strat\u00e9gies d&rsquo;autogestion pour les personnes atteintes de troubles musculo-squelettiques. Toutes ses recherches ont \u00e9t\u00e9 men\u00e9es en collaboration. Elle a eu le privil\u00e8ge de travailler pendant de nombreuses ann\u00e9es avec d&rsquo;excellentes \u00e9quipes d&rsquo;\u00e9tudiants en ergoth\u00e9rapie, de personnes atteintes de troubles musculo-squelettiques, d&rsquo;autres professionnels de la sant\u00e9, d&rsquo;ing\u00e9nieurs, de chirurgiens, de rhumatologues et de professionnels de l&rsquo;\u00e9ducation.<em data-start=\"12\" data-end=\"104\"><\/em><\/p>\n<p style=\"text-align: justify\">\n<div class=\"flex max-w-full flex-col flex-grow\">\n<div data-message-author-role=\"assistant\" data-message-id=\"e40756e0-e8f3-41c8-896f-702cf1d042cb\" dir=\"auto\" class=\"min-h-8 text-message relative flex w-full flex-col items-end gap-2 whitespace-normal break-words text-start [.text-message+&amp;]:mt-5\" data-message-model-slug=\"gpt-4o-mini\">\n<div class=\"flex w-full flex-col gap-1 empty:hidden first:pt-[3px]\">\n<div class=\"markdown prose w-full break-words dark:prose-invert light\">\n<p data-start=\"129\" data-end=\"333\" data-is-last-node=\"\" data-is-only-node=\"\"><strong data-start=\"129\" data-end=\"146\">Affiliation: <\/strong>Professeur invit\u00e9 en sant\u00e9 musculosquelettique, responsable professionnel en ergoth\u00e9rapie, Universit\u00e9 de Southampton.<\/p>\n<\/div>\n<\/div>\n<\/div>\n<\/div>\n<p>[\/et_pb_text][\/et_pb_column][\/et_pb_row][et_pb_row column_structure=\u00a0\u00bb1_2,1_2&Prime; disabled_on=\u00a0\u00bbon|on|on\u00a0\u00bb _builder_version=\u00a0\u00bb4.17.4&Prime; _module_preset=\u00a0\u00bbdefault\u00a0\u00bb disabled=\u00a0\u00bbon\u00a0\u00bb global_colors_info=\u00a0\u00bb{}\u00a0\u00bb][et_pb_column type=\u00a0\u00bb1_2&Prime; _builder_version=\u00a0\u00bb4.17.4&Prime; _module_preset=\u00a0\u00bbdefault\u00a0\u00bb global_colors_info=\u00a0\u00bb{}\u00a0\u00bb][et_pb_image src=\u00a0\u00bbhttps:\/\/congresoterapiaocupacional.umh.es\/files\/2025\/01\/Anita.jpeg\u00a0\u00bb title_text=\u00a0\u00bbAnita\u00a0\u00bb align=\u00a0\u00bbcenter\u00a0\u00bb _builder_version=\u00a0\u00bb4.17.4&Prime; _module_preset=\u00a0\u00bbdefault\u00a0\u00bb global_colors_info=\u00a0\u00bb{}\u00a0\u00bb][\/et_pb_image][\/et_pb_column][et_pb_column type=\u00a0\u00bb1_2&Prime; _builder_version=\u00a0\u00bb4.17.4&Prime; _module_preset=\u00a0\u00bbdefault\u00a0\u00bb global_colors_info=\u00a0\u00bb{}\u00a0\u00bb][et_pb_text _builder_version=\u00a0\u00bb4.17.4&Prime; _module_preset=\u00a0\u00bbdefault\u00a0\u00bb text_font_size=\u00a0\u00bb25px\u00a0\u00bb global_colors_info=\u00a0\u00bb{}\u00a0\u00bb]<\/p>\n<p><strong>ANITA ATWAL<\/strong><\/p>\n<p>[\/et_pb_text][et_pb_text _builder_version=\u00a0\u00bb4.17.4&Prime; _module_preset=\u00a0\u00bbdefault\u00a0\u00bb global_colors_info=\u00a0\u00bb{}\u00a0\u00bb]<\/p>\n<p data-start=\"0\" data-end=\"40\"><strong data-start=\"0\" data-end=\"11\">Titre:<\/strong> Occupational therapists should stop promising that we can change the world. Call for action.<\/p>\n<p data-start=\"42\" data-end=\"63\"><strong data-start=\"42\" data-end=\"54\">R\u00e9sum\u00e9:<\/strong> \u00c0 venir.<\/p>\n<p data-start=\"65\" data-end=\"91\" data-is-last-node=\"\" data-is-only-node=\"\"><strong data-start=\"65\" data-end=\"82\">Affiliation:<\/strong> \u00c0 venir.<\/p>\n<p>[\/et_pb_text][\/et_pb_column][\/et_pb_row][et_pb_row column_structure=\u00a0\u00bb1_2,1_2&Prime; disabled_on=\u00a0\u00bbon|on|on\u00a0\u00bb _builder_version=\u00a0\u00bb4.17.4&Prime; _module_preset=\u00a0\u00bbdefault\u00a0\u00bb disabled=\u00a0\u00bbon\u00a0\u00bb global_colors_info=\u00a0\u00bb{}\u00a0\u00bb][et_pb_column type=\u00a0\u00bb1_2&Prime; _builder_version=\u00a0\u00bb4.17.4&Prime; _module_preset=\u00a0\u00bbdefault\u00a0\u00bb global_colors_info=\u00a0\u00bb{}\u00a0\u00bb][et_pb_image src=\u00a0\u00bbhttps:\/\/congresoterapiaocupacional.umh.es\/files\/2025\/01\/IMG-20250124-WA0006-300&#215;200.jpg\u00a0\u00bb title_text=\u00a0\u00bbIMG-20250124-WA0006&Prime; align=\u00a0\u00bbcenter\u00a0\u00bb _builder_version=\u00a0\u00bb4.17.4&Prime; _module_preset=\u00a0\u00bbdefault\u00a0\u00bb global_colors_info=\u00a0\u00bb{}\u00a0\u00bb][\/et_pb_image][\/et_pb_column][et_pb_column type=\u00a0\u00bb1_2&Prime; _builder_version=\u00a0\u00bb4.17.4&Prime; _module_preset=\u00a0\u00bbdefault\u00a0\u00bb global_colors_info=\u00a0\u00bb{}\u00a0\u00bb][et_pb_text _builder_version=\u00a0\u00bb4.17.4&Prime; _module_preset=\u00a0\u00bbdefault\u00a0\u00bb text_font_size=\u00a0\u00bb25px\u00a0\u00bb global_colors_info=\u00a0\u00bb{}\u00a0\u00bb]<\/p>\n<p><strong>DANIEL CEZAR DA CRUZ<\/strong><\/p>\n<p>[\/et_pb_text][et_pb_text _builder_version=\u00a0\u00bb4.17.4&Prime; _module_preset=\u00a0\u00bbdefault\u00a0\u00bb global_colors_info=\u00a0\u00bb{}\u00a0\u00bb]<\/p>\n<p data-start=\"0\" data-end=\"110\"><strong data-start=\"0\" data-end=\"11\">Titre:<\/strong> <em data-start=\"12\" data-end=\"110\">Pourquoi avons-nous besoin d\u2019une pratique centr\u00e9e sur l&rsquo;occupation en th\u00e9rapie occupationnelle ?<\/em><\/p>\n<p data-start=\"112\" data-end=\"133\"><strong data-start=\"112\" data-end=\"124\">R\u00e9sum\u00e9:<\/strong> \u00c0 venir.<\/p>\n<p data-start=\"135\" data-end=\"263\" data-is-last-node=\"\" data-is-only-node=\"\"><strong data-start=\"135\" data-end=\"152\">Affiliation:<\/strong> Enseignant \u00e0 l\u2019Universit\u00e9 Leeds Beckett, Royaume-Uni. \u00c9diteur associ\u00e9 du <em data-start=\"229\" data-end=\"262\">Journal of Occupational Science<\/em>.<\/p>\n<p>[\/et_pb_text][\/et_pb_column][\/et_pb_row][et_pb_row column_structure=\u00a0\u00bb1_2,1_2&Prime; disabled_on=\u00a0\u00bbon|on|on\u00a0\u00bb _builder_version=\u00a0\u00bb4.17.4&Prime; _module_preset=\u00a0\u00bbdefault\u00a0\u00bb disabled=\u00a0\u00bbon\u00a0\u00bb global_colors_info=\u00a0\u00bb{}\u00a0\u00bb][et_pb_column type=\u00a0\u00bb1_2&Prime; _builder_version=\u00a0\u00bb4.17.4&Prime; _module_preset=\u00a0\u00bbdefault\u00a0\u00bb global_colors_info=\u00a0\u00bb{}\u00a0\u00bb][et_pb_image src=\u00a0\u00bbhttps:\/\/congresoterapiaocupacional.umh.es\/files\/2025\/05\/Imagen-de-WhatsApp-2025-05-07-a-las-12.38.44_abd5a967-279&#215;300.jpg\u00a0\u00bb title_text=\u00a0\u00bbImagen de WhatsApp 2025-05-07 a las 12.38.44_abd5a967&Prime; align=\u00a0\u00bbcenter\u00a0\u00bb _builder_version=\u00a0\u00bb4.17.4&Prime; _module_preset=\u00a0\u00bbdefault\u00a0\u00bb global_colors_info=\u00a0\u00bb{}\u00a0\u00bb][\/et_pb_image][\/et_pb_column][et_pb_column type=\u00a0\u00bb1_2&Prime; _builder_version=\u00a0\u00bb4.17.4&Prime; _module_preset=\u00a0\u00bbdefault\u00a0\u00bb global_colors_info=\u00a0\u00bb{}\u00a0\u00bb][et_pb_text _builder_version=\u00a0\u00bb4.17.4&Prime; _module_preset=\u00a0\u00bbdefault\u00a0\u00bb text_font_size=\u00a0\u00bb25px\u00a0\u00bb global_colors_info=\u00a0\u00bb{}\u00a0\u00bb]<\/p>\n<p><strong>Julienne DEVROEDT<\/strong><\/p>\n<p>[\/et_pb_text][et_pb_text _builder_version=\u00a0\u00bb4.17.4&Prime; _module_preset=\u00a0\u00bbdefault\u00a0\u00bb global_colors_info=\u00a0\u00bb{}\u00a0\u00bb]<\/p>\n<div class=\"et_pb_module et_pb_text et_pb_text_5  et_pb_text_align_left et_pb_bg_layout_light\">\n<div class=\"et_pb_text_inner\">\n<p data-start=\"610\" data-end=\"763\"><strong data-start=\"610\" data-end=\"621\">Titre:<\/strong> L&rsquo;apprentissage par projet : faciliter de d\u00e9veloppement de comp\u00e9tence chez les \u00e9tudiants Ergoth\u00e9rapeute<\/p>\n<p data-start=\"765\" data-end=\"787\"><strong data-start=\"765\" data-end=\"777\">R\u00e9sum\u00e9:<\/strong> \u00c0 venir<\/p>\n<p data-start=\"789\" data-end=\"1070\"><strong data-start=\"789\" data-end=\"806\">Affiliation:<\/strong> Ergoth\u00e9rapeute De et Coordinatrice p\u00e9dagogique\u00a0Ecole\u00a0d&rsquo;ASSAS<\/p>\n<\/div>\n<\/div>\n<p>[\/et_pb_text][\/et_pb_column][\/et_pb_row][\/et_pb_section]<\/p>\n","protected":false},"excerpt":{"rendered":"<p>CRISTINA PERDOMOTitre: Avantages de la robot-th\u00e9rapie comme intervention th\u00e9rapeutique pour les personnes \u00e2g\u00e9es souffrant de troubles cognitifs. R\u00e9sum\u00e9: La conf\u00e9rence abordera les avantages de la robot-th\u00e9rapie en tant qu&rsquo;intervention th\u00e9rapeutique pour les personnes \u00e2g\u00e9es souffrant de troubles cognitifs. Th\u00e9rapeute occupationnelle de formation, elle a obtenu son doctorat en conception et utilisation des technologies d&rsquo;assistance \u00e0 [&hellip;]<\/p>\n","protected":false},"author":6277,"featured_media":0,"parent":0,"menu_order":0,"comment_status":"open","ping_status":"open","template":"","meta":{"_et_pb_use_builder":"on","_et_pb_old_content":"","_et_gb_content_width":"","_links_to":"","_links_to_target":""},"_links":{"self":[{"href":"https:\/\/congresoterapiaocupacional.umh.es\/fr\/wp-json\/wp\/v2\/pages\/32368"}],"collection":[{"href":"https:\/\/congresoterapiaocupacional.umh.es\/fr\/wp-json\/wp\/v2\/pages"}],"about":[{"href":"https:\/\/congresoterapiaocupacional.umh.es\/fr\/wp-json\/wp\/v2\/types\/page"}],"author":[{"embeddable":true,"href":"https:\/\/congresoterapiaocupacional.umh.es\/fr\/wp-json\/wp\/v2\/users\/6277"}],"replies":[{"embeddable":true,"href":"https:\/\/congresoterapiaocupacional.umh.es\/fr\/wp-json\/wp\/v2\/comments?post=32368"}],"version-history":[{"count":0,"href":"https:\/\/congresoterapiaocupacional.umh.es\/fr\/wp-json\/wp\/v2\/pages\/32368\/revisions"}],"wp:attachment":[{"href":"https:\/\/congresoterapiaocupacional.umh.es\/fr\/wp-json\/wp\/v2\/media?parent=32368"}],"curies":[{"name":"wp","href":"https:\/\/api.w.org\/{rel}","templated":true}]}}