{"id":32357,"date":"2023-03-19T19:16:30","date_gmt":"2023-03-19T19:16:30","guid":{"rendered":"https:\/\/congresoterapiaocupacional.umh.es\/programme\/"},"modified":"2025-05-12T11:18:03","modified_gmt":"2025-05-12T11:18:03","slug":"programme","status":"publish","type":"page","link":"https:\/\/congresoterapiaocupacional.umh.es\/fr\/programme\/","title":{"rendered":"Programme"},"content":{"rendered":"<p>[et_pb_section fb_built=\u00a0\u00bb1&Prime; disabled_on=\u00a0\u00bbon|on|on\u00a0\u00bb admin_label=\u00a0\u00bbsection\u00a0\u00bb _builder_version=\u00a0\u00bb4.16&Prime; disabled=\u00a0\u00bbon\u00a0\u00bb global_colors_info=\u00a0\u00bb{}\u00a0\u00bb][\/et_pb_section][et_pb_section fb_built=\u00a0\u00bb1&Prime; _builder_version=\u00a0\u00bb4.17.4&Prime; _module_preset=\u00a0\u00bbdefault\u00a0\u00bb global_colors_info=\u00a0\u00bb{}\u00a0\u00bb][et_pb_row _builder_version=\u00a0\u00bb4.17.4&Prime; _module_preset=\u00a0\u00bbdefault\u00a0\u00bb global_colors_info=\u00a0\u00bb{}\u00a0\u00bb][et_pb_column type=\u00a0\u00bb4_4&Prime; _builder_version=\u00a0\u00bb4.17.4&Prime; _module_preset=\u00a0\u00bbdefault\u00a0\u00bb global_colors_info=\u00a0\u00bb{}\u00a0\u00bb][et_pb_text admin_label=\u00a0\u00bbTexto\u00a0\u00bb _builder_version=\u00a0\u00bb4.17.4&Prime; _module_preset=\u00a0\u00bbdefault\u00a0\u00bb text_text_color=\u00a0\u00bb#0C71C3&Prime; global_colors_info=\u00a0\u00bb{}\u00a0\u00bb]<\/p>\n<h4 style=\"text-align: center;color: black;font-size: 1.8em;margin-bottom: 20px;line-height: 1.5\">PROGRAMME DU CONGR\u00c8S<\/h4>\n<p>[\/et_pb_text][et_pb_text _builder_version=\u00a0\u00bb4.17.4&Prime; _module_preset=\u00a0\u00bbdefault\u00a0\u00bb text_text_color=\u00a0\u00bb#000000&Prime; link_option_url=\u00a0\u00bbhttps:\/\/congresoterapiaocupacional.umh.es\/files\/2025\/05\/comunicaciones_CITO_pares_rev.xlsx\u00a0\u00bb hover_enabled=\u00a0\u00bb0&Prime; global_colors_info=\u00a0\u00bb{}\u00a0\u00bb sticky_enabled=\u00a0\u00bb0&Prime;]<\/p>\n<p data-start=\"604\" data-end=\"902\">Si vous souhaitez t\u00e9l\u00e9charger le triptyque, vous pouvez le faire ici : <a href=\"https:\/\/congresoterapiaocupacional.umh.es\/files\/2025\/05\/TRIPTICO-CIETO-XIV-Y-CITO-abr2025.pdf\">https:\/\/congresoterapiaocupacional.umh.es\/files\/2025\/05\/TRIPTICO-CIETO-XIV-Y-CITO-abr2025.pdf<\/a><\/p>\n<p data-start=\"904\" data-end=\"1233\" data-is-last-node=\"\" data-is-only-node=\"\">Si vous souhaitez la version \u00e9tendue du programme (version pr\u00e9liminaire), vous pouvez la t\u00e9l\u00e9charger ici :\u00a0<a href=\"https:\/\/congresoterapiaocupacional.umh.es\/files\/2025\/05\/PROGRAMA-EXTENDIDO-XIV-CIETO-Y-VIII-CITO-abr2025-1-1.pdf\">https:\/\/congresoterapiaocupacional.umh.es\/files\/2025\/05\/PROGRAMA-EXTENDIDO-XIV-CIETO-Y-VIII-CITO-abr2025-1-1.pdf<\/a><\/p>\n<p data-start=\"904\" data-end=\"1233\" data-is-last-node=\"\" data-is-only-node=\"\">Vous trouverez ici les communications qui auront lieu lors de chaque session tout au long du congr\u00e8s :<a href=\"https:\/\/congresoterapiaocupacional.umh.es\/files\/2025\/05\/comunicaciones_CITO_pares_rev.xlsx\">https:\/\/congresoterapiaocupacional.umh.es\/files\/2025\/05\/comunicaciones_CITO_pares_rev.xlsx<\/a><\/p>\n<p>[\/et_pb_text][et_pb_image src=\u00a0\u00bbhttps:\/\/congresoterapiaocupacional.umh.es\/files\/2025\/05\/TRIPTICO-CIETO-XIV-Y-CITOv2_Pagina_1-scaled.jpg\u00a0\u00bb title_text=\u00a0\u00bbTR\u00cdPTICO CIETO XIV Y CITOv2_P\u00e1gina_1&Prime; _builder_version=\u00a0\u00bb4.17.4&Prime; _module_preset=\u00a0\u00bbdefault\u00a0\u00bb custom_margin=\u00a0\u00bb||175px|||\u00a0\u00bb global_colors_info=\u00a0\u00bb{}\u00a0\u00bb][\/et_pb_image][et_pb_image src=\u00a0\u00bbhttps:\/\/congresoterapiaocupacional.umh.es\/files\/2025\/05\/TRIPTICO-CIETO-XIV-Y-CITOv2_Pagina_2-scaled.jpg\u00a0\u00bb title_text=\u00a0\u00bbTR\u00cdPTICO CIETO XIV Y CITOv2_P\u00e1gina_2&Prime; _builder_version=\u00a0\u00bb4.17.4&Prime; _module_preset=\u00a0\u00bbdefault\u00a0\u00bb global_colors_info=\u00a0\u00bb{}\u00a0\u00bb][\/et_pb_image][\/et_pb_column][\/et_pb_row][\/et_pb_section]<\/p>\n","protected":false},"excerpt":{"rendered":"<p>PROGRAMME DU CONGR\u00c8SSi vous souhaitez t\u00e9l\u00e9charger le triptyque, vous pouvez le faire ici : https:\/\/congresoterapiaocupacional.umh.es\/files\/2025\/05\/TRIPTICO-CIETO-XIV-Y-CITO-abr2025.pdf Si vous souhaitez la version \u00e9tendue du programme (version pr\u00e9liminaire), vous pouvez la t\u00e9l\u00e9charger ici :\u00a0https:\/\/congresoterapiaocupacional.umh.es\/files\/2025\/05\/PROGRAMA-EXTENDIDO-XIV-CIETO-Y-VIII-CITO-abr2025-1-1.pdf Vous trouverez ici les communications qui auront lieu lors de chaque session tout au long du congr\u00e8s :https:\/\/congresoterapiaocupacional.umh.es\/files\/2025\/05\/comunicaciones_CITO_pares_rev.xlsx<\/p>\n","protected":false},"author":5087,"featured_media":0,"parent":0,"menu_order":0,"comment_status":"closed","ping_status":"closed","template":"","meta":{"_et_pb_use_builder":"on","_et_pb_old_content":"","_et_gb_content_width":"","_links_to":"","_links_to_target":""},"_links":{"self":[{"href":"https:\/\/congresoterapiaocupacional.umh.es\/fr\/wp-json\/wp\/v2\/pages\/32357"}],"collection":[{"href":"https:\/\/congresoterapiaocupacional.umh.es\/fr\/wp-json\/wp\/v2\/pages"}],"about":[{"href":"https:\/\/congresoterapiaocupacional.umh.es\/fr\/wp-json\/wp\/v2\/types\/page"}],"author":[{"embeddable":true,"href":"https:\/\/congresoterapiaocupacional.umh.es\/fr\/wp-json\/wp\/v2\/users\/5087"}],"replies":[{"embeddable":true,"href":"https:\/\/congresoterapiaocupacional.umh.es\/fr\/wp-json\/wp\/v2\/comments?post=32357"}],"version-history":[{"count":0,"href":"https:\/\/congresoterapiaocupacional.umh.es\/fr\/wp-json\/wp\/v2\/pages\/32357\/revisions"}],"wp:attachment":[{"href":"https:\/\/congresoterapiaocupacional.umh.es\/fr\/wp-json\/wp\/v2\/media?parent=32357"}],"curies":[{"name":"wp","href":"https:\/\/api.w.org\/{rel}","templated":true}]}}