{"id":32347,"date":"2023-03-19T19:05:01","date_gmt":"2023-03-19T19:05:01","guid":{"rendered":"https:\/\/congresoterapiaocupacional.umh.es\/evaluateurs\/"},"modified":"2025-10-26T18:28:28","modified_gmt":"2025-10-26T18:28:28","slug":"evaluateurs","status":"publish","type":"page","link":"https:\/\/congresoterapiaocupacional.umh.es\/fr\/evaluateurs\/","title":{"rendered":"\u00c9valuateurs"},"content":{"rendered":"<p>[et_pb_section fb_built=\u00a0\u00bb1&Prime; disabled_on=\u00a0\u00bboff|off|off\u00a0\u00bb admin_label=\u00a0\u00bbsection\u00a0\u00bb _builder_version=\u00a0\u00bb4.16&Prime; global_colors_info=\u00a0\u00bb{}\u00a0\u00bb][et_pb_row padding_mobile=\u00a0\u00bboff\u00a0\u00bb column_padding_mobile=\u00a0\u00bbon\u00a0\u00bb admin_label=\u00a0\u00bbRang\u00e9e\u00a0\u00bb _builder_version=\u00a0\u00bb4.16&Prime; background_size=\u00a0\u00bbinitial\u00a0\u00bb background_position=\u00a0\u00bbtop_left\u00a0\u00bb background_repeat=\u00a0\u00bbrepeat\u00a0\u00bb make_fullwidth=\u00a0\u00bboff\u00a0\u00bb use_custom_width=\u00a0\u00bboff\u00a0\u00bb width_unit=\u00a0\u00bbon\u00a0\u00bb global_colors_info=\u00a0\u00bb{}\u00a0\u00bb][et_pb_column type=\u00a0\u00bb4_4&Prime; _builder_version=\u00a0\u00bb4.16&Prime; custom_padding=\u00a0\u00bb|||\u00a0\u00bb global_colors_info=\u00a0\u00bb{}\u00a0\u00bb custom_padding__hover=\u00a0\u00bb|||\u00a0\u00bb][et_pb_text admin_label=\u00a0\u00bbTexto\u00a0\u00bb _builder_version=\u00a0\u00bb4.17.4&Prime; text_text_color=\u00a0\u00bb#7f0049&Prime; background_size=\u00a0\u00bbinitial\u00a0\u00bb background_position=\u00a0\u00bbtop_left\u00a0\u00bb background_repeat=\u00a0\u00bbrepeat\u00a0\u00bb hover_enabled=\u00a0\u00bb0&Prime; use_border_color=\u00a0\u00bboff\u00a0\u00bb border_color=\u00a0\u00bb#ffffff\u00a0\u00bb border_style=\u00a0\u00bbsolid\u00a0\u00bb global_colors_info=\u00a0\u00bb{}\u00a0\u00bb sticky_enabled=\u00a0\u00bb0&Prime;]<\/p>\n<h2 class=\"tw-data-text tw-text-large tw-ta\" data-placeholder=\"Traducci\u00f3n\" id=\"tw-target-text\" role=\"text\" data-ved=\"2ahUKEwikh-fdvsKQAxVxaEEAHfdiLVwQ3ewLegQIDBAV\" aria-label=\"Texto traducido: \u00e9valuateurs externes\"><strong><span class=\"Y2IQFc\" lang=\"fr\">\u00c9VALUATEURS EXTERNES<\/span><\/strong><\/h2>\n<p>[\/et_pb_text][\/et_pb_column][\/et_pb_row][et_pb_row admin_label=\u00a0\u00bbrow\u00a0\u00bb _builder_version=\u00a0\u00bb4.16&Prime; background_size=\u00a0\u00bbinitial\u00a0\u00bb background_position=\u00a0\u00bbtop_left\u00a0\u00bb background_repeat=\u00a0\u00bbrepeat\u00a0\u00bb global_colors_info=\u00a0\u00bb{}\u00a0\u00bb][et_pb_column type=\u00a0\u00bb4_4&Prime; _builder_version=\u00a0\u00bb4.16&Prime; custom_padding=\u00a0\u00bb|||\u00a0\u00bb global_colors_info=\u00a0\u00bb{}\u00a0\u00bb custom_padding__hover=\u00a0\u00bb|||\u00a0\u00bb][et_pb_text admin_label=\u00a0\u00bbTexto\u00a0\u00bb _builder_version=\u00a0\u00bb4.17.4&Prime; text_font_size=\u00a0\u00bb16&Prime; background_size=\u00a0\u00bbinitial\u00a0\u00bb background_position=\u00a0\u00bbtop_left\u00a0\u00bb background_repeat=\u00a0\u00bbrepeat\u00a0\u00bb use_border_color=\u00a0\u00bboff\u00a0\u00bb border_color=\u00a0\u00bb#ffffff\u00a0\u00bb border_style=\u00a0\u00bbsolid\u00a0\u00bb global_colors_info=\u00a0\u00bb{}\u00a0\u00bb]<\/p>\n<p style=\"text-align: justify\">La collaboration de r\u00e9viseurs externes dans l&rsquo;\u00e9valuation des articles re\u00e7us est essentielle pour garantir la qualit\u00e9 scientifique de ce congr\u00e8s. Pour vous inscrire en tant qu&rsquo;\u00e9valuateur externe, veuillez remplir le <span style=\"color: #7f0049\"><a style=\"color: #7f0049\" href=\"https:\/\/docs.google.com\/forms\/d\/e\/1FAIpQLSfHJADIYhAWqNYSKmc7vrj7fn9qBFQIDKu-6SUsOHIlj2Xwog\/viewform?usp=sharing&amp;ouid=112968852061010965397\" target=\"_blank\" rel=\"noopener\">formulaire<\/a><\/span> suivant avant le 24 d\u00e9cembre 2025. Les examinateurs les plus comp\u00e9tents seront s\u00e9lectionn\u00e9s parmi les personnes inscrites, en fonction des th\u00e8mes des documents soumis.<\/p>\n<p>[\/et_pb_text][et_pb_divider show_divider=\u00a0\u00bboff\u00a0\u00bb disabled_on=\u00a0\u00bbon|on|off\u00a0\u00bb admin_label=\u00a0\u00bbSeparador\u00a0\u00bb _builder_version=\u00a0\u00bb4.16&Prime; height=\u00a0\u00bb2px\u00a0\u00bb hide_on_mobile=\u00a0\u00bbon\u00a0\u00bb global_colors_info=\u00a0\u00bb{}\u00a0\u00bb][\/et_pb_divider][et_pb_toggle title=\u00a0\u00bbEn quoi consiste la fonction d&rsquo;\u00e9valuateur externe ?\u00a0\u00bb admin_label=\u00a0\u00bbConmutador\u00a0\u00bb _builder_version=\u00a0\u00bb4.17.4&Prime; title_font_size=\u00a0\u00bb18&Prime; body_font_size=\u00a0\u00bb16&Prime; background_size=\u00a0\u00bbinitial\u00a0\u00bb background_position=\u00a0\u00bbtop_left\u00a0\u00bb background_repeat=\u00a0\u00bbrepeat\u00a0\u00bb use_border_color=\u00a0\u00bboff\u00a0\u00bb border_color=\u00a0\u00bb#ffffff\u00a0\u00bb border_style=\u00a0\u00bbsolid\u00a0\u00bb global_colors_info=\u00a0\u00bb{}\u00a0\u00bb]<\/p>\n<ul style=\"text-align: justify\">\n<li>La participation en tant qu&rsquo;\u00e9valuateur implique un engagement \u00e0 r\u00e9aliser les \u00e9valuations de mani\u00e8re impartiale, rigoureuse et dans les d\u00e9lais impartis.<\/li>\n<\/ul>\n<ul style=\"text-align: justify\">\n<li>Une fois les documents attribu\u00e9s aux \u00e9valuateurs, ceux-ci disposeront d&rsquo;un d\u00e9lai maximum de deux semaines pour les \u00e9valuer.<\/li>\n<\/ul>\n<ul style=\"text-align: justify\">\n<li>L&rsquo;examen externe sera effectu\u00e9 dans des conditions d&rsquo;anonymat en double aveugle et sera \u00e9valu\u00e9 ind\u00e9pendamment par au moins deux personnes, une troisi\u00e8me personne (membre du comit\u00e9 scientifique) intervenant en cas de divergence.<\/li>\n<\/ul>\n<ul style=\"text-align: justify\">\n<li>En cas de r\u00e9ception d&rsquo;une communication dans laquelle il existe un conflit d&rsquo;int\u00e9r\u00eats susceptible d&rsquo;influencer l&rsquo;\u00e9valuation, le comit\u00e9 scientifique en est imm\u00e9diatement inform\u00e9.<\/li>\n<\/ul>\n<ul style=\"text-align: justify\">\n<li>L&rsquo;\u00e9valuation sera effectu\u00e9e en ligne au moyen d&rsquo;un formulaire auquel les \u00e9valuateurs pourront acc\u00e9der gr\u00e2ce \u00e0 un lien d&rsquo;acc\u00e8s qu&rsquo;ils recevront par courrier \u00e9lectronique.<\/li>\n<\/ul>\n<ul style=\"text-align: justify\">\n<li>Le travail des \u00e9valuateurs externes sera reconnu par un certificat personnel de collaboration, en plus de la publication de leurs noms dans le livre qui sera publi\u00e9 ult\u00e9rieurement avec toutes les communications du congr\u00e8s.<\/li>\n<\/ul>\n<p>[\/et_pb_toggle][et_pb_toggle title=\u00a0\u00bbQui peut participer en tant qu&rsquo;\u00e9valuateur externe ?\u00a0\u00bb admin_label=\u00a0\u00bbConmutador\u00a0\u00bb _builder_version=\u00a0\u00bb4.16&Prime; title_font_size=\u00a0\u00bb18&Prime; body_font_size=\u00a0\u00bb16&Prime; background_size=\u00a0\u00bbinitial\u00a0\u00bb background_position=\u00a0\u00bbtop_left\u00a0\u00bb background_repeat=\u00a0\u00bbrepeat\u00a0\u00bb use_border_color=\u00a0\u00bboff\u00a0\u00bb border_color=\u00a0\u00bb#ffffff\u00a0\u00bb border_style=\u00a0\u00bbsolid\u00a0\u00bb global_colors_info=\u00a0\u00bb{}\u00a0\u00bb]Tout professionnel qui r\u00e9pond \u00e0 au moins un des crit\u00e8res suivants :<\/p>\n<ul>\n<li>Avoir plus de 5 ans d&rsquo;exp\u00e9rience professionnelle en tant qu&rsquo;ergoth\u00e9rapeute.<\/li>\n<\/ul>\n<ul>\n<li>Soyez docteur.<\/li>\n<\/ul>\n<ul>\n<li>Avoir au moins une publication dans des revues index\u00e9es par le JCR.<\/li>\n<\/ul>\n<ul>\n<li>Avoir un projet avec un financement.<\/li>\n<\/ul>\n<p>[\/et_pb_toggle][et_pb_toggle title=\u00a0\u00bbQuels sont les crit\u00e8res d&rsquo;\u00e9valuation auxquels vous devrez faire face ?\u00a0\u00bb admin_label=\u00a0\u00bbConmutador\u00a0\u00bb _builder_version=\u00a0\u00bb4.16&Prime; title_font_size=\u00a0\u00bb18&Prime; body_font_size=\u00a0\u00bb16&Prime; background_size=\u00a0\u00bbinitial\u00a0\u00bb background_position=\u00a0\u00bbtop_left\u00a0\u00bb background_repeat=\u00a0\u00bbrepeat\u00a0\u00bb use_border_color=\u00a0\u00bboff\u00a0\u00bb border_color=\u00a0\u00bb#ffffff\u00a0\u00bb border_style=\u00a0\u00bbsolid\u00a0\u00bb global_colors_info=\u00a0\u00bb{}\u00a0\u00bb]Les crit\u00e8res d&rsquo;\u00e9valuation varieront en fonction du type de document \u00e0 \u00e9valuer. Ils seront envoy\u00e9s \u00e0 l&rsquo;\u00e9valuateur lorsqu&rsquo;il recevra l&rsquo;invitation avec les documents \u00e0 \u00e9valuer.<br \/>\n[\/et_pb_toggle][et_pb_toggle title=\u00a0\u00bbComment s&rsquo;inscrire en tant qu&rsquo;\u00e9valuateur ?\u00a0\u00bb admin_label=\u00a0\u00bbConmutador\u00a0\u00bb _builder_version=\u00a0\u00bb4.17.4&Prime; title_font_size=\u00a0\u00bb18&Prime; body_font_size=\u00a0\u00bb16&Prime; background_size=\u00a0\u00bbinitial\u00a0\u00bb background_position=\u00a0\u00bbtop_left\u00a0\u00bb background_repeat=\u00a0\u00bbrepeat\u00a0\u00bb use_border_color=\u00a0\u00bboff\u00a0\u00bb border_color=\u00a0\u00bb#ffffff\u00a0\u00bb border_style=\u00a0\u00bbsolid\u00a0\u00bb global_colors_info=\u00a0\u00bb{}\u00a0\u00bb]<\/p>\n<div class=\"et_pb_text et_pb_module et_pb_bg_layout_light et_pb_text_align_left et_pb_text_2\">\n<p>Vous pouvez vous inscrire en tant qu&rsquo;\u00e9valuateur externe en remplissant le <a href=\"https:\/\/docs.google.com\/forms\/d\/e\/1FAIpQLSe0m6STBTT9ffAUQ0hX5qezUTbVvL_wwaSxbrWrmFad2hOF-Q\/viewform\">formulaire<\/a> suivant<\/p>\n<\/div>\n<p>[\/et_pb_toggle][\/et_pb_column][\/et_pb_row][\/et_pb_section]<\/p>\n","protected":false},"excerpt":{"rendered":"<p>\u00c9VALUATEURS EXTERNESLa collaboration de r\u00e9viseurs externes dans l&rsquo;\u00e9valuation des articles re\u00e7us est essentielle pour garantir la qualit\u00e9 scientifique de ce congr\u00e8s. Pour vous inscrire en tant qu&rsquo;\u00e9valuateur externe, veuillez remplir le formulaire suivant avant le 24 d\u00e9cembre 2025. Les examinateurs les plus comp\u00e9tents seront s\u00e9lectionn\u00e9s parmi les personnes inscrites, en fonction des th\u00e8mes des documents [&hellip;]<\/p>\n","protected":false},"author":6277,"featured_media":0,"parent":0,"menu_order":0,"comment_status":"open","ping_status":"open","template":"","meta":{"_et_pb_use_builder":"on","_et_pb_old_content":"","_et_gb_content_width":"","_links_to":"","_links_to_target":""},"_links":{"self":[{"href":"https:\/\/congresoterapiaocupacional.umh.es\/fr\/wp-json\/wp\/v2\/pages\/32347"}],"collection":[{"href":"https:\/\/congresoterapiaocupacional.umh.es\/fr\/wp-json\/wp\/v2\/pages"}],"about":[{"href":"https:\/\/congresoterapiaocupacional.umh.es\/fr\/wp-json\/wp\/v2\/types\/page"}],"author":[{"embeddable":true,"href":"https:\/\/congresoterapiaocupacional.umh.es\/fr\/wp-json\/wp\/v2\/users\/6277"}],"replies":[{"embeddable":true,"href":"https:\/\/congresoterapiaocupacional.umh.es\/fr\/wp-json\/wp\/v2\/comments?post=32347"}],"version-history":[{"count":0,"href":"https:\/\/congresoterapiaocupacional.umh.es\/fr\/wp-json\/wp\/v2\/pages\/32347\/revisions"}],"wp:attachment":[{"href":"https:\/\/congresoterapiaocupacional.umh.es\/fr\/wp-json\/wp\/v2\/media?parent=32347"}],"curies":[{"name":"wp","href":"https:\/\/api.w.org\/{rel}","templated":true}]}}