{"id":32341,"date":"2023-03-19T18:59:29","date_gmt":"2023-03-19T18:59:29","guid":{"rendered":"https:\/\/congresoterapiaocupacional.umh.es\/reduction-renfe\/"},"modified":"2025-03-17T19:50:19","modified_gmt":"2025-03-17T19:50:19","slug":"reduction-renfe","status":"publish","type":"page","link":"https:\/\/congresoterapiaocupacional.umh.es\/fr\/reduction-renfe\/","title":{"rendered":"R\u00e9duction RENFE"},"content":{"rendered":"<p>[et_pb_section fb_built=\u00a0\u00bb1&Prime; disabled_on=\u00a0\u00bbon|on|on\u00a0\u00bb _builder_version=\u00a0\u00bb4.17.4&Prime; _module_preset=\u00a0\u00bbdefault\u00a0\u00bb disabled=\u00a0\u00bbon\u00a0\u00bb global_colors_info=\u00a0\u00bb{}\u00a0\u00bb][et_pb_row _builder_version=\u00a0\u00bb4.17.4&Prime; _module_preset=\u00a0\u00bbdefault\u00a0\u00bb global_colors_info=\u00a0\u00bb{}\u00a0\u00bb][et_pb_column type=\u00a0\u00bb4_4&Prime; _builder_version=\u00a0\u00bb4.17.4&Prime; _module_preset=\u00a0\u00bbdefault\u00a0\u00bb global_colors_info=\u00a0\u00bb{}\u00a0\u00bb][et_pb_text _builder_version=\u00a0\u00bb4.17.4&Prime; _module_preset=\u00a0\u00bbdefault\u00a0\u00bb global_colors_info=\u00a0\u00bb{}\u00a0\u00bb]<\/p>\n<p>Pour que les participants puissent b\u00e9n\u00e9ficier de la r\u00e9duction lors de l&rsquo;achat de leurs billets sur <a href=\"https:\/\/urldefense.com\/v3\/__http:\/www.renfe.com__;!!D9dNQwwGXtA!W8Gqn32hMTFADGvwfv6X-RDmQAQNETdx2UwOCKXcOQwSupVr8xb0PwEKyLCa_gbvU7J1J5isepMofxjqXTVkYZIdfvg%24\"><b>www.renfe.com<\/b><\/a>, ils doivent<\/p>\n<ol>\n<li>S\u00e9lectionnez le train que vous souhaitez en cliquant sur l&rsquo;une des options disponibles<b> (B\u00e1sico, Elige, Elige Confort y Pr\u00e9miun)<\/b>.<\/li>\n<li>Dans le menu d\u00e9roulant, s\u00e9lectionnez le tarif Congr\u00e8s\/Ev\u00e9nements.<\/li>\n<li>Inscrire le num\u00e9ro d&rsquo;autorisation dans la case indiquant le <b>num\u00e9ro d&rsquo;autorisation (non valable pour la case du code de r\u00e9duction).<\/b><\/li>\n<\/ol>\n<p>&nbsp;<\/p>\n<p>Nous vous rappelons que l&rsquo;organisateur peut annoncer la r\u00e9duction offerte par <strong>Renfe<\/strong> sur le site web de l&rsquo;\u00e9v\u00e9nement, bien que l&rsquo;autorisation doive \u00eatre envoy\u00e9e individuellement et contr\u00f4l\u00e9e dans le cadre de l&rsquo;inscription du participant.<br \/>Le non-respect de ce r\u00e8glement entra\u00eenera l&rsquo;annulation de la r\u00e9duction.<\/p>\n<p>&nbsp;<\/p>\n<p>[\/et_pb_text][et_pb_button button_url=\u00a0\u00bbhttps:\/\/congresoterapiaocupacional.umh.es\/files\/2023\/02\/Autorizacion-de-Descuento_TES_2023_00440.pdf\u00a0\u00bb url_new_window=\u00a0\u00bbon\u00a0\u00bb button_text=\u00a0\u00bbAUTORISATION REMISE CITO\u00a0\u00bb button_alignment=\u00a0\u00bbcenter\u00a0\u00bb admin_label=\u00a0\u00bbAutorizaci\u00f3n CITO\u00a0\u00bb _builder_version=\u00a0\u00bb4.17.4&Prime; _module_preset=\u00a0\u00bbdefault\u00a0\u00bb global_colors_info=\u00a0\u00bb{}\u00a0\u00bb][\/et_pb_button][et_pb_button button_url=\u00a0\u00bbhttps:\/\/congresoterapiaocupacional.umh.es\/files\/2023\/02\/Autorizacion-descuento-CIETO_TES_2023_00457.pdf\u00a0\u00bb url_new_window=\u00a0\u00bbon\u00a0\u00bb button_text=\u00a0\u00bbAUTORISATION REMISE XII CIETO\u00a0\u00bb button_alignment=\u00a0\u00bbcenter\u00a0\u00bb admin_label=\u00a0\u00bbAutorizaci\u00f3n CIETO\u00a0\u00bb _builder_version=\u00a0\u00bb4.17.4&Prime; _module_preset=\u00a0\u00bbdefault\u00a0\u00bb global_colors_info=\u00a0\u00bb{}\u00a0\u00bb][\/et_pb_button][\/et_pb_column][\/et_pb_row][\/et_pb_section][et_pb_section fb_built=\u00a0\u00bb1&Prime; _builder_version=\u00a0\u00bb4.17.4&Prime; _module_preset=\u00a0\u00bbdefault\u00a0\u00bb global_colors_info=\u00a0\u00bb{}\u00a0\u00bb][et_pb_row _builder_version=\u00a0\u00bb4.17.4&Prime; _module_preset=\u00a0\u00bbdefault\u00a0\u00bb global_colors_info=\u00a0\u00bb{}\u00a0\u00bb][et_pb_column type=\u00a0\u00bb4_4&Prime; _builder_version=\u00a0\u00bb4.17.4&Prime; _module_preset=\u00a0\u00bbdefault\u00a0\u00bb global_colors_info=\u00a0\u00bb{}\u00a0\u00bb][et_pb_text _builder_version=\u00a0\u00bb4.17.4&Prime; _module_preset=\u00a0\u00bbdefault\u00a0\u00bb global_colors_info=\u00a0\u00bb{}\u00a0\u00bb]<\/p>\n<p>Pour que les participants puissent b\u00e9n\u00e9ficier de la r\u00e9duction lors de l&rsquo;achat de leurs billets sur <a href=\"https:\/\/urldefense.com\/v3\/__http:\/www.renfe.com__;!!D9dNQwwGXtA!W8Gqn32hMTFADGvwfv6X-RDmQAQNETdx2UwOCKXcOQwSupVr8xb0PwEKyLCa_gbvU7J1J5isepMofxjqXTVkYZIdfvg%24\"><b>www.renfe.com<\/b><\/a>, ils doivent<\/p>\n<ol>\n<li>S\u00e9lectionnez le train que vous souhaitez en cliquant sur l&rsquo;une des options disponibles<b> (B\u00e1sico, Elige, Elige Confort y Pr\u00e9miun)<\/b>.<\/li>\n<li>Dans le menu d\u00e9roulant, s\u00e9lectionnez le tarif Congr\u00e8s\/Ev\u00e9nements.<\/li>\n<li>Inscrire le num\u00e9ro d&rsquo;autorisation dans la case indiquant le <b>num\u00e9ro d&rsquo;autorisation (non valable pour la case du code de r\u00e9duction).<\/b><\/li>\n<\/ol>\n<p>[\/et_pb_text][et_pb_button button_url=\u00a0\u00bbhttps:\/\/congresoterapiaocupacional.umh.es\/files\/2025\/03\/CITO-renfe-2025.pdf\u00a0\u00bb url_new_window=\u00a0\u00bbon\u00a0\u00bb button_text=\u00a0\u00bbAUTORISATION REMISE CITO\u00a0\u00bb button_alignment=\u00a0\u00bbcenter\u00a0\u00bb admin_label=\u00a0\u00bbAutorizaci\u00f3n CITO\u00a0\u00bb _builder_version=\u00a0\u00bb4.17.4&Prime; _module_preset=\u00a0\u00bbdefault\u00a0\u00bb global_colors_info=\u00a0\u00bb{}\u00a0\u00bb][\/et_pb_button][et_pb_button button_url=\u00a0\u00bbhttps:\/\/congresoterapiaocupacional.umh.es\/files\/2025\/03\/2025-desc-renfe_CIETO.pdf \u00a0\u00bb url_new_window=\u00a0\u00bbon\u00a0\u00bb button_text=\u00a0\u00bbAUTORISATION REMISE CIETO\u00a0\u00bb button_alignment=\u00a0\u00bbcenter\u00a0\u00bb admin_label=\u00a0\u00bbAutorizaci\u00f3n CITO\u00a0\u00bb _builder_version=\u00a0\u00bb4.17.4&Prime; _module_preset=\u00a0\u00bbdefault\u00a0\u00bb hover_enabled=\u00a0\u00bb0&Prime; global_colors_info=\u00a0\u00bb{}\u00a0\u00bb sticky_enabled=\u00a0\u00bb0&Prime;][\/et_pb_button][\/et_pb_column][\/et_pb_row][\/et_pb_section]<\/p>\n","protected":false},"excerpt":{"rendered":"<p>Pour que les participants puissent b\u00e9n\u00e9ficier de la r\u00e9duction lors de l&rsquo;achat de leurs billets sur www.renfe.com, ils doivent S\u00e9lectionnez le train que vous souhaitez en cliquant sur l&rsquo;une des options disponibles (B\u00e1sico, Elige, Elige Confort y Pr\u00e9miun). Dans le menu d\u00e9roulant, s\u00e9lectionnez le tarif Congr\u00e8s\/Ev\u00e9nements. Inscrire le num\u00e9ro d&rsquo;autorisation dans la case indiquant le [&hellip;]<\/p>\n","protected":false},"author":5087,"featured_media":0,"parent":0,"menu_order":0,"comment_status":"closed","ping_status":"closed","template":"","meta":{"_et_pb_use_builder":"on","_et_pb_old_content":"","_et_gb_content_width":"","_links_to":"","_links_to_target":""},"_links":{"self":[{"href":"https:\/\/congresoterapiaocupacional.umh.es\/fr\/wp-json\/wp\/v2\/pages\/32341"}],"collection":[{"href":"https:\/\/congresoterapiaocupacional.umh.es\/fr\/wp-json\/wp\/v2\/pages"}],"about":[{"href":"https:\/\/congresoterapiaocupacional.umh.es\/fr\/wp-json\/wp\/v2\/types\/page"}],"author":[{"embeddable":true,"href":"https:\/\/congresoterapiaocupacional.umh.es\/fr\/wp-json\/wp\/v2\/users\/5087"}],"replies":[{"embeddable":true,"href":"https:\/\/congresoterapiaocupacional.umh.es\/fr\/wp-json\/wp\/v2\/comments?post=32341"}],"version-history":[{"count":0,"href":"https:\/\/congresoterapiaocupacional.umh.es\/fr\/wp-json\/wp\/v2\/pages\/32341\/revisions"}],"wp:attachment":[{"href":"https:\/\/congresoterapiaocupacional.umh.es\/fr\/wp-json\/wp\/v2\/media?parent=32341"}],"curies":[{"name":"wp","href":"https:\/\/api.w.org\/{rel}","templated":true}]}}