{"id":32333,"date":"2023-03-19T12:28:17","date_gmt":"2023-03-19T12:28:17","guid":{"rendered":"https:\/\/congresoterapiaocupacional.umh.es\/cito\/regles-de-defense\/"},"modified":"2025-10-26T18:05:04","modified_gmt":"2025-10-26T18:05:04","slug":"regles-de-defense","status":"publish","type":"page","link":"https:\/\/congresoterapiaocupacional.umh.es\/fr\/cito\/regles-de-defense\/","title":{"rendered":"R\u00e8gles de d\u00e9fense"},"content":{"rendered":"<p>[et_pb_section fb_built=\u00a0\u00bb1&Prime; custom_padding_last_edited=\u00a0\u00bbon|desktop\u00a0\u00bb admin_label=\u00a0\u00bbsection\u00a0\u00bb _builder_version=\u00a0\u00bb4.16&Prime; custom_padding=\u00a0\u00bb||0px|\u00a0\u00bb custom_padding_tablet=\u00a0\u00bb50px|0|50px|0&Prime; custom_padding_phone=\u00a0\u00bb50px|0|50px|0&Prime; transparent_background=\u00a0\u00bboff\u00a0\u00bb padding_mobile=\u00a0\u00bboff\u00a0\u00bb make_fullwidth=\u00a0\u00bboff\u00a0\u00bb use_custom_width=\u00a0\u00bboff\u00a0\u00bb width_unit=\u00a0\u00bbon\u00a0\u00bb global_colors_info=\u00a0\u00bb{}\u00a0\u00bb][et_pb_row admin_label=\u00a0\u00bbrow\u00a0\u00bb _builder_version=\u00a0\u00bb4.16&Prime; background_size=\u00a0\u00bbinitial\u00a0\u00bb background_position=\u00a0\u00bbtop_left\u00a0\u00bb background_repeat=\u00a0\u00bbrepeat\u00a0\u00bb global_colors_info=\u00a0\u00bb{}\u00a0\u00bb][et_pb_column type=\u00a0\u00bb4_4&Prime; _builder_version=\u00a0\u00bb4.16&Prime; custom_padding=\u00a0\u00bb|||\u00a0\u00bb global_colors_info=\u00a0\u00bb{}\u00a0\u00bb custom_padding__hover=\u00a0\u00bb|||\u00a0\u00bb][et_pb_text admin_label=\u00a0\u00bbTexto\u00a0\u00bb _builder_version=\u00a0\u00bb4.17.4&Prime; background_size=\u00a0\u00bbinitial\u00a0\u00bb background_position=\u00a0\u00bbtop_left\u00a0\u00bb background_repeat=\u00a0\u00bbrepeat\u00a0\u00bb hover_enabled=\u00a0\u00bb0&Prime; use_border_color=\u00a0\u00bboff\u00a0\u00bb border_color=\u00a0\u00bb#ffffff\u00a0\u00bb border_style=\u00a0\u00bbsolid\u00a0\u00bb global_colors_info=\u00a0\u00bb{}\u00a0\u00bb sticky_enabled=\u00a0\u00bb0&Prime;]<\/p>\n<h2 style=\"text-align: justify\">R\u00e8gles pour la d\u00e9fense des \u0153uvres<\/h2>\n<h3 style=\"text-align: justify\"><\/h3>\n<h3 style=\"text-align: justify\"><\/h3>\n<h3 style=\"text-align: justify\">Communications orales et rapides<\/h3>\n<p>Les pr\u00e9sentations orales doivent \u00eatre pr\u00e9par\u00e9es en PowerPoint. Si vous le souhaitez, vous pouvez utiliser le mod\u00e8le t\u00e9l\u00e9chargeable sur cette page (bient\u00f4t disponible). Si votre communication a \u00e9t\u00e9 s\u00e9lectionn\u00e9e, vous serez contact\u00e9 pour la soumission de la pr\u00e9sentation au moyen d&rsquo;un formulaire. <b>Chaque pr\u00e9sentation durera 8 minutes plus 2 minutes de discussion.<\/b> <b>Dans le cas de communications orales rapides, la dur\u00e9e sera de 3 minutes plus 2 minutes de discussion.<\/b><\/p>\n<p>Pour les communications orales de 8 minutes, un nombre maximum de diapositives de 8 (1 x minute de pr\u00e9sentation) est recommand\u00e9. Dans le cas de communications orales rapides de 3 minutes, le nombre maximum de diapositives admises est de 3 (elles seront examin\u00e9es au moment de la pr\u00e9sentation).<\/p>\n<p><strong>T\u00e9l\u00e9chargez ici le mod\u00e8le pour la pr\u00e9sentation orale:<\/strong><\/p>\n<p>(\u00e0 venir)<\/p>\n<p><strong>T\u00e9l\u00e9chargez ici le mod\u00e8le pour la pr\u00e9sentation orale courte:<\/strong><\/p>\n<p>(\u00e0 venir)<\/p>\n<p><b><\/b><\/p>\n<p><b>Recommandations pour la pr\u00e9paration de la pr\u00e9sentation:<\/b><\/p>\n<ol>\n<li>Inclure une d\u00e9claration de conflit d&rsquo;int\u00e9r\u00eats sur la premi\u00e8re diapositive.<\/li>\n<li>La pr\u00e9sentation doit suivre la structure des r\u00e9sum\u00e9s pour chaque type d&rsquo;article.<\/li>\n<li>Observez la r\u00e8gle \u00ab 6\u00d76\u2033 pour les diapositives de texte : 6 mots par ligne et 6 lignes par diapositive.<\/li>\n<li>Utilisez la r\u00e8gle \u00ab 4\u00d77\u2033 pour les diapositives de tableau : maximum 4 colonnes et 7 lignes par tableau.<\/li>\n<li>Limitez l&rsquo;utilisation d&rsquo;abr\u00e9viations dans le texte et les diapositives de tableau.<\/li>\n<li>Utilisez une taille de police comprise entre 18 et 22 points.<\/li>\n<li>\u00c9vitez l&rsquo;utilisation des MAJUSCULES et de l&rsquo;<i>italique<\/i> dans les diapositives de texte, qui ne les rendent pas plus lisibles.<\/li>\n<li>\u00c9vitez l&rsquo;effet \u00ab arc-en-ciel \u00bb : n&rsquo;utilisez pas plus de trois couleurs diff\u00e9rentes pour les diapositives de texte.<\/li>\n<li>\u00c9viter la saturation d&rsquo;effets sp\u00e9ciaux : l&rsquo;abus d&rsquo;effets (mouvements dans PowerPoint) fatigue l&rsquo;auditoire et d\u00e9tourne l&rsquo;attention vers la forme plut\u00f4t que vers le contenu.<\/li>\n<li>Ne pas d\u00e9passer un facteur de 1,5 par rapport au nombre de diapositives de la pr\u00e9sentation : 12 diapositives maximum pour une pr\u00e9sentation de 8 minutes.<\/li>\n<\/ol>\n<p><b>Session : <\/b>Vous devez \u00eatre dans la salle o\u00f9 vous ferez votre pr\u00e9sentation selon le programme final au moins 15 minutes avant le d\u00e9but de la session. Veuillez confirmer votre pr\u00e9sence \u00e0 la personne qui anime la table.<\/p>\n<p><b>Apr\u00e8s la session<\/b>, le certificat de pr\u00e9sentation de la communication orale sera envoy\u00e9 par e-mail pour autant qu&rsquo;il soit soumis. Les certificats seront envoy\u00e9s en format pdf afin qu&rsquo;ils puissent \u00eatre facilement distribu\u00e9s aux autres auteurs. Les r\u00e9sum\u00e9s des communications dont les pr\u00e9sentateurs se sont inscrits avant le 15 mars 2025 seront publi\u00e9s dans les actes de la conf\u00e9rence.<\/p>\n<p><b>Conflits d&rsquo;int\u00e9r\u00eats<\/b><\/p>\n<p>Veuillez noter qu&rsquo;aucune publicit\u00e9 de quelque nature que ce soit n&rsquo;est autoris\u00e9e pendant votre pr\u00e9sentation. En particulier :<\/p>\n<ul>\n<li>Les marques.<\/li>\n<li>Les entreprises du secteur.<\/li>\n<li>Les applications, sites web ou m\u00e9thodes de travail dans lesquels l&rsquo;orateur a des int\u00e9r\u00eats financiers.<\/li>\n<\/ul>\n<p>Si le projet a \u00e9t\u00e9 financ\u00e9 par une institution publique ou priv\u00e9e, vous devez l&rsquo;indiquer dans une diapositive, en pr\u00e9cisant \u00e9galement le r\u00f4le du financeur dans le d\u00e9veloppement du projet.<\/p>\n<p>&nbsp;<\/p>\n<p>&nbsp;<\/p>\n<h3 style=\"text-align: justify\"><\/h3>\n<p>[\/et_pb_text][et_pb_text admin_label=\u00a0\u00bbTexto\u00a0\u00bb _builder_version=\u00a0\u00bb4.17.4&Prime; background_size=\u00a0\u00bbinitial\u00a0\u00bb background_position=\u00a0\u00bbtop_left\u00a0\u00bb background_repeat=\u00a0\u00bbrepeat\u00a0\u00bb use_border_color=\u00a0\u00bboff\u00a0\u00bb border_color=\u00a0\u00bb#ffffff\u00a0\u00bb border_style=\u00a0\u00bbsolid\u00a0\u00bb global_colors_info=\u00a0\u00bb{}\u00a0\u00bb][\/et_pb_text][\/et_pb_column][\/et_pb_row][\/et_pb_section]<\/p>\n","protected":false},"excerpt":{"rendered":"<p>R\u00e8gles pour la d\u00e9fense des \u0153uvres Communications orales et rapides Les pr\u00e9sentations orales doivent \u00eatre pr\u00e9par\u00e9es en PowerPoint. Si vous le souhaitez, vous pouvez utiliser le mod\u00e8le t\u00e9l\u00e9chargeable sur cette page (bient\u00f4t disponible). Si votre communication a \u00e9t\u00e9 s\u00e9lectionn\u00e9e, vous serez contact\u00e9 pour la soumission de la pr\u00e9sentation au moyen d&rsquo;un formulaire. Chaque pr\u00e9sentation durera [&hellip;]<\/p>\n","protected":false},"author":2832,"featured_media":0,"parent":30021,"menu_order":1,"comment_status":"open","ping_status":"open","template":"","meta":{"_et_pb_use_builder":"on","_et_pb_old_content":"","_et_gb_content_width":"","_links_to":"","_links_to_target":""},"_links":{"self":[{"href":"https:\/\/congresoterapiaocupacional.umh.es\/fr\/wp-json\/wp\/v2\/pages\/32333"}],"collection":[{"href":"https:\/\/congresoterapiaocupacional.umh.es\/fr\/wp-json\/wp\/v2\/pages"}],"about":[{"href":"https:\/\/congresoterapiaocupacional.umh.es\/fr\/wp-json\/wp\/v2\/types\/page"}],"author":[{"embeddable":true,"href":"https:\/\/congresoterapiaocupacional.umh.es\/fr\/wp-json\/wp\/v2\/users\/2832"}],"replies":[{"embeddable":true,"href":"https:\/\/congresoterapiaocupacional.umh.es\/fr\/wp-json\/wp\/v2\/comments?post=32333"}],"version-history":[{"count":0,"href":"https:\/\/congresoterapiaocupacional.umh.es\/fr\/wp-json\/wp\/v2\/pages\/32333\/revisions"}],"up":[{"embeddable":true,"href":"https:\/\/congresoterapiaocupacional.umh.es\/fr\/wp-json\/wp\/v2\/pages\/30021"}],"wp:attachment":[{"href":"https:\/\/congresoterapiaocupacional.umh.es\/fr\/wp-json\/wp\/v2\/media?parent=32333"}],"curies":[{"name":"wp","href":"https:\/\/api.w.org\/{rel}","templated":true}]}}