{"id":32323,"date":"2023-03-18T11:52:02","date_gmt":"2023-03-18T11:52:02","guid":{"rendered":"https:\/\/congresoterapiaocupacional.umh.es\/domaines-thematiques\/"},"modified":"2025-10-26T17:18:53","modified_gmt":"2025-10-26T17:18:53","slug":"domaines-thematiques","status":"publish","type":"page","link":"https:\/\/congresoterapiaocupacional.umh.es\/fr\/domaines-thematiques\/","title":{"rendered":"Domaines th\u00e9matiques"},"content":{"rendered":"<p>[et_pb_section fb_built=\u00a0\u00bb1&Prime; disabled_on=\u00a0\u00bboff|off|off\u00a0\u00bb admin_label=\u00a0\u00bbsection\u00a0\u00bb _builder_version=\u00a0\u00bb4.16&Prime; global_colors_info=\u00a0\u00bb{}\u00a0\u00bb][et_pb_row admin_label=\u00a0\u00bbRang\u00e9e\u00a0\u00bb _builder_version=\u00a0\u00bb4.16&Prime; background_size=\u00a0\u00bbinitial\u00a0\u00bb background_position=\u00a0\u00bbtop_left\u00a0\u00bb background_repeat=\u00a0\u00bbrepeat\u00a0\u00bb global_colors_info=\u00a0\u00bb{}\u00a0\u00bb][et_pb_column type=\u00a0\u00bb4_4&Prime; _builder_version=\u00a0\u00bb4.16&Prime; custom_padding=\u00a0\u00bb|||\u00a0\u00bb global_colors_info=\u00a0\u00bb{}\u00a0\u00bb custom_padding__hover=\u00a0\u00bb|||\u00a0\u00bb][et_pb_text admin_label=\u00a0\u00bbTexto\u00a0\u00bb _builder_version=\u00a0\u00bb4.16&Prime; background_size=\u00a0\u00bbinitial\u00a0\u00bb background_position=\u00a0\u00bbtop_left\u00a0\u00bb background_repeat=\u00a0\u00bbrepeat\u00a0\u00bb use_border_color=\u00a0\u00bboff\u00a0\u00bb border_color=\u00a0\u00bb#ffffff\u00a0\u00bb border_style=\u00a0\u00bbsolid\u00a0\u00bb global_colors_info=\u00a0\u00bb{}\u00a0\u00bb]<\/p>\n<h2>Domaines th\u00e9matiques pour la soumission de documents<\/h2>\n<p>[\/et_pb_text][\/et_pb_column][\/et_pb_row][et_pb_row admin_label=\u00a0\u00bbrow\u00a0\u00bb _builder_version=\u00a0\u00bb4.16&Prime; background_size=\u00a0\u00bbinitial\u00a0\u00bb background_position=\u00a0\u00bbtop_left\u00a0\u00bb background_repeat=\u00a0\u00bbrepeat\u00a0\u00bb global_colors_info=\u00a0\u00bb{}\u00a0\u00bb][et_pb_column type=\u00a0\u00bb4_4&Prime; _builder_version=\u00a0\u00bb4.16&Prime; custom_padding=\u00a0\u00bb|||\u00a0\u00bb global_colors_info=\u00a0\u00bb{}\u00a0\u00bb custom_padding__hover=\u00a0\u00bb|||\u00a0\u00bb][et_pb_text admin_label=\u00a0\u00bbTexto\u00a0\u00bb _builder_version=\u00a0\u00bb4.16&Prime; text_font_size=\u00a0\u00bb16&Prime; background_size=\u00a0\u00bbinitial\u00a0\u00bb background_position=\u00a0\u00bbtop_left\u00a0\u00bb background_repeat=\u00a0\u00bbrepeat\u00a0\u00bb use_border_color=\u00a0\u00bboff\u00a0\u00bb border_color=\u00a0\u00bb#ffffff\u00a0\u00bb border_style=\u00a0\u00bbsolid\u00a0\u00bb global_colors_info=\u00a0\u00bb{}\u00a0\u00bb]<\/p>\n<p style=\"text-align: justify\">Les principaux domaines pour lesquels des documents peuvent \u00eatre soumis sont \u00e9num\u00e9r\u00e9s ci-dessous. Si votre travail ne correspond pas aux domaines th\u00e9matiques, vous devez en indiquer d&rsquo;autres.<\/p>\n<p>[\/et_pb_text][et_pb_text admin_label=\u00a0\u00bbTexto\u00a0\u00bb _builder_version=\u00a0\u00bb4.16&Prime; text_font_size=\u00a0\u00bb16&Prime; background_size=\u00a0\u00bbinitial\u00a0\u00bb background_position=\u00a0\u00bbtop_left\u00a0\u00bb background_repeat=\u00a0\u00bbrepeat\u00a0\u00bb custom_margin=\u00a0\u00bb|||20px\u00a0\u00bb use_border_color=\u00a0\u00bboff\u00a0\u00bb border_color=\u00a0\u00bb#ffffff\u00a0\u00bb border_style=\u00a0\u00bbsolid\u00a0\u00bb global_colors_info=\u00a0\u00bb{}\u00a0\u00bb]<\/p>\n<ul>\n<li style=\"text-align: justify\"><span style=\"color: #7f0049\"><strong>Neuro-r\u00e9habilitation<\/strong><\/span> : l\u00e9sions c\u00e9r\u00e9brales acquises, l\u00e9sions de la moelle \u00e9pini\u00e8re, maladies neurod\u00e9g\u00e9n\u00e9ratives (scl\u00e9rose lat\u00e9rale amyotrophique, scl\u00e9rose en plaques, etc.), l\u00e9sions des nerfs p\u00e9riph\u00e9riques, etc.<\/li>\n<\/ul>\n<ul>\n<li style=\"text-align: justify\"><span style=\"color: #7f0049\"><strong>D\u00e9ficience intellectuelle<\/strong><\/span> : comp\u00e9tences conceptuelles et fonctionnement cognitif. Syst\u00e8mes de communication am\u00e9lior\u00e9e et alternative. Accessibilit\u00e9 cognitive. Les nouvelles technologies appliqu\u00e9es \u00e0 la d\u00e9ficience intellectuelle, \u00e0 l&rsquo;autonomie personnelle, domestique et communautaire. Autod\u00e9termination, autogestion et autonomisation. Loisirs et participation \u00e0 la vie de la communaut\u00e9. Emploi. Sexualit\u00e9. Cycle de vie : adolescence, \u00e2ge adulte et vieillesse<\/li>\n<\/ul>\n<ul>\n<li style=\"text-align: justify\"><span style=\"color: #7f0049\"><strong>R\u00e9\u00e9ducation physique<\/strong><\/span> : pathologies traumatiques et orthop\u00e9diques, pathologies rhumatismales, douleurs, etc.<\/li>\n<\/ul>\n<ul>\n<li style=\"text-align: justify\"><span style=\"color: #7f0049\"><strong>D\u00e9ficits sensoriels<\/strong><\/span> : d\u00e9ficience auditive, d\u00e9ficience visuelle, surdic\u00e9cit\u00e9, etc.<\/li>\n<\/ul>\n<ul>\n<li style=\"text-align: justify\"><span style=\"color: #7f0049\"><strong>Sant\u00e9 mentale<\/strong><\/span> : troubles de l&rsquo;humeur, troubles psychotiques, troubles de la personnalit\u00e9, troubles alimentaires, double pathologie.<\/li>\n<\/ul>\n<ul>\n<li style=\"text-align: justify\"><span style=\"color: #7f0049\"><strong>Oncologie et soins palliatifs.<\/strong><\/span><\/li>\n<\/ul>\n<ul>\n<li style=\"text-align: justify\"><span style=\"color: #7f0049\"><strong>G\u00e9riatrie<\/strong><\/span> : d\u00e9mence et troubles cognitifs, syndromes g\u00e9riatriques, ergoth\u00e9rapie en fin de vie et chez les personnes \u00e2g\u00e9es fragiles, maltraitance des personnes \u00e2g\u00e9es, ergoth\u00e9rapie chez les personnes \u00e2g\u00e9es en bonne sant\u00e9.<\/li>\n<\/ul>\n<ul>\n<li style=\"text-align: justify\"><span style=\"color: #7f0049\"><strong>P\u00e9diatrie<\/strong><\/span> : enfants pr\u00e9matur\u00e9s, troubles de l&rsquo;attention avec hyperactivit\u00e9, troubles du spectre autistique, int\u00e9gration sensorielle, infirmit\u00e9 motrice c\u00e9r\u00e9brale infantile, etc.<\/li>\n<\/ul>\n<ul>\n<li style=\"text-align: justify\"><span style=\"color: #7f0049\"><strong>Intervention communautaire<\/strong><\/span> : immigration et groupes ethniques, population carc\u00e9rale, sans-abri, violence de genre, coop\u00e9ration internationale, soins primaires, \u00e9ducation, etc.<\/li>\n<\/ul>\n<ul>\n<li style=\"text-align: justify\"><span style=\"color: #7f0049\"><strong>Autres<\/strong><\/span> : ergonomie, produits d&rsquo;accompagnement, d\u00e9ontologie, qualit\u00e9 des soins, etc.<\/li>\n<\/ul>\n<p>[\/et_pb_text][\/et_pb_column][\/et_pb_row][\/et_pb_section]<\/p>\n","protected":false},"excerpt":{"rendered":"<p>Domaines th\u00e9matiques pour la soumission de documents Les principaux domaines pour lesquels des documents peuvent \u00eatre soumis sont \u00e9num\u00e9r\u00e9s ci-dessous. Si votre travail ne correspond pas aux domaines th\u00e9matiques, vous devez en indiquer d&rsquo;autres. Neuro-r\u00e9habilitation : l\u00e9sions c\u00e9r\u00e9brales acquises, l\u00e9sions de la moelle \u00e9pini\u00e8re, maladies neurod\u00e9g\u00e9n\u00e9ratives (scl\u00e9rose lat\u00e9rale amyotrophique, scl\u00e9rose en plaques, etc.), l\u00e9sions des [&hellip;]<\/p>\n","protected":false},"author":6277,"featured_media":0,"parent":0,"menu_order":0,"comment_status":"open","ping_status":"open","template":"","meta":{"_et_pb_use_builder":"on","_et_pb_old_content":"","_et_gb_content_width":"","_links_to":"","_links_to_target":""},"_links":{"self":[{"href":"https:\/\/congresoterapiaocupacional.umh.es\/fr\/wp-json\/wp\/v2\/pages\/32323"}],"collection":[{"href":"https:\/\/congresoterapiaocupacional.umh.es\/fr\/wp-json\/wp\/v2\/pages"}],"about":[{"href":"https:\/\/congresoterapiaocupacional.umh.es\/fr\/wp-json\/wp\/v2\/types\/page"}],"author":[{"embeddable":true,"href":"https:\/\/congresoterapiaocupacional.umh.es\/fr\/wp-json\/wp\/v2\/users\/6277"}],"replies":[{"embeddable":true,"href":"https:\/\/congresoterapiaocupacional.umh.es\/fr\/wp-json\/wp\/v2\/comments?post=32323"}],"version-history":[{"count":0,"href":"https:\/\/congresoterapiaocupacional.umh.es\/fr\/wp-json\/wp\/v2\/pages\/32323\/revisions"}],"wp:attachment":[{"href":"https:\/\/congresoterapiaocupacional.umh.es\/fr\/wp-json\/wp\/v2\/media?parent=32323"}],"curies":[{"name":"wp","href":"https:\/\/api.w.org\/{rel}","templated":true}]}}