{"id":30838,"date":"2022-12-15T20:19:12","date_gmt":"2022-12-15T20:19:12","guid":{"rendered":"https:\/\/congresoterapiaocupacional.umh.es\/?page_id=30838"},"modified":"2026-02-04T14:15:01","modified_gmt":"2026-02-04T14:15:01","slug":"cito-registrations","status":"publish","type":"page","link":"https:\/\/congresoterapiaocupacional.umh.es\/fr\/cito-registrations\/","title":{"rendered":"Inscriptions CITO"},"content":{"rendered":"<p>[et_pb_section fb_built=\u00a0\u00bb1&Prime; disabled_on=\u00a0\u00bboff|off|off\u00a0\u00bb admin_label=\u00a0\u00bbsection\u00a0\u00bb _builder_version=\u00a0\u00bb4.16&Prime; global_colors_info=\u00a0\u00bb{}\u00a0\u00bb][et_pb_row admin_label=\u00a0\u00bbrow\u00a0\u00bb _builder_version=\u00a0\u00bb4.16&Prime; background_size=\u00a0\u00bbinitial\u00a0\u00bb background_position=\u00a0\u00bbtop_left\u00a0\u00bb background_repeat=\u00a0\u00bbrepeat\u00a0\u00bb global_colors_info=\u00a0\u00bb{}\u00a0\u00bb][et_pb_column type=\u00a0\u00bb4_4&Prime; _builder_version=\u00a0\u00bb4.16&Prime; custom_padding=\u00a0\u00bb|||\u00a0\u00bb global_colors_info=\u00a0\u00bb{}\u00a0\u00bb custom_padding__hover=\u00a0\u00bb|||\u00a0\u00bb][et_pb_text disabled_on=\u00a0\u00bboff|off|off\u00a0\u00bb admin_label=\u00a0\u00bbTexto\u00a0\u00bb _builder_version=\u00a0\u00bb4.17.4&Prime; background_size=\u00a0\u00bbinitial\u00a0\u00bb background_position=\u00a0\u00bbtop_left\u00a0\u00bb background_repeat=\u00a0\u00bbrepeat\u00a0\u00bb use_border_color=\u00a0\u00bboff\u00a0\u00bb border_color=\u00a0\u00bb#ffffff\u00a0\u00bb border_style=\u00a0\u00bbsolid\u00a0\u00bb global_colors_info=\u00a0\u00bb{}\u00a0\u00bb]<\/p>\n<h2>Inscriptions<\/h2>\n<p>[\/et_pb_text][\/et_pb_column][\/et_pb_row][et_pb_row disabled_on=\u00a0\u00bboff|off|off\u00a0\u00bb admin_label=\u00a0\u00bbRang\u00e9e\u00a0\u00bb _builder_version=\u00a0\u00bb4.16&Prime; background_size=\u00a0\u00bbinitial\u00a0\u00bb background_position=\u00a0\u00bbtop_left\u00a0\u00bb background_repeat=\u00a0\u00bbrepeat\u00a0\u00bb global_colors_info=\u00a0\u00bb{}\u00a0\u00bb][et_pb_column type=\u00a0\u00bb4_4&Prime; _builder_version=\u00a0\u00bb4.16&Prime; custom_padding=\u00a0\u00bb|||\u00a0\u00bb global_colors_info=\u00a0\u00bb{}\u00a0\u00bb custom_padding__hover=\u00a0\u00bb|||\u00a0\u00bb][et_pb_text admin_label=\u00a0\u00bbTexto\u00a0\u00bb _builder_version=\u00a0\u00bb4.17.4&Prime; background_size=\u00a0\u00bbinitial\u00a0\u00bb background_position=\u00a0\u00bbtop_left\u00a0\u00bb background_repeat=\u00a0\u00bbrepeat\u00a0\u00bb hover_enabled=\u00a0\u00bb0&Prime; use_border_color=\u00a0\u00bboff\u00a0\u00bb border_color=\u00a0\u00bb#ffffff\u00a0\u00bb border_style=\u00a0\u00bbsolid\u00a0\u00bb global_colors_info=\u00a0\u00bb{}\u00a0\u00bb sticky_enabled=\u00a0\u00bb0&Prime;]<\/p>\n<table style=\"height: 409px\" width=\"844\">\n<tbody>\n<tr bgcolor=\"#d9e2f3\">\n<td style=\"text-align: center;width: 467.713px\"><strong>CITO 2026*<\/strong><\/td>\n<td style=\"width: 116.42px\">\n<p style=\"text-align: center\"><strong>Jusqu&rsquo;au 08\/03\/2026<\/strong><\/p>\n<\/td>\n<td style=\"width: 116.42px\">\n<p style=\"text-align: center\">Du 09\/03\/2026 au 26\/04\/2026<\/p>\n<\/td>\n<td style=\"width: 116.449px\">\n<p style=\"text-align: center\">Du 27\/04\/2026 au 03\/05\/2026<\/p>\n<\/td>\n<\/tr>\n<tr>\n<td style=\"width: 467.713px\"><strong>Assistant actif<\/strong><\/td>\n<td style=\"text-align: center;width: 116.42px\">150 \u20ac<\/td>\n<td style=\"text-align: center;width: 116.42px\">180 \u20ac<\/td>\n<td style=\"text-align: center;width: 116.449px\">210 \u20ac<\/td>\n<\/tr>\n<tr>\n<td style=\"width: 467.713px\"><strong>Assistant actif dans les pays \u00e0 faible revenu<\/strong><\/td>\n<td style=\"text-align: center;width: 116.42px\">130 \u20ac<\/td>\n<td style=\"text-align: center;width: 116.42px\">160 \u20ac<\/td>\n<td style=\"text-align: center;width: 116.449px\">190 \u20ac<\/td>\n<\/tr>\n<tr>\n<td style=\"width: 467.713px\"><strong>Assistant au ch\u00f4mage**<\/strong><\/td>\n<td style=\"text-align: center;width: 116.42px\">50 \u20ac<\/td>\n<td style=\"text-align: center;width: 116.42px\">75 \u20ac<\/td>\n<td style=\"text-align: center;width: 116.449px\">100 \u20ac<\/td>\n<\/tr>\n<tr>\n<td style=\"width: 467.713px\"><strong>\u00c9tudiants ch\u00f4meurs en doctorat ou en ma\u00eetrise***<\/strong><\/td>\n<td style=\"text-align: center;width: 116.42px\">50 \u20ac<\/td>\n<td style=\"text-align: center;width: 116.42px\">75 \u20ac<\/td>\n<td style=\"text-align: center;width: 116.449px\">100 \u20ac<\/td>\n<\/tr>\n<tr>\n<td style=\"width: 467.713px\"><strong>Tuteurs de stage UMH (Pr\u00e9sence)<\/strong><\/td>\n<td style=\"text-align: center;width: 116.42px\">0\u20ac<\/td>\n<td style=\"text-align: center;width: 116.42px\">0\u20ac<\/td>\n<td style=\"text-align: center;width: 116.449px\">0\u20ac<\/td>\n<\/tr>\n<tr>\n<td style=\"width: 467.713px\"><strong>Tuteurs de stage UMH (Soumission d&rsquo;un article en tant qu&rsquo;auteur)<\/strong><\/td>\n<td style=\"text-align: center;width: 116.42px\">0 \u20ac<\/td>\n<td style=\"text-align: center;width: 116.42px\">10\u20ac<\/td>\n<td style=\"text-align: center;width: 116.449px\">20 \u20ac<\/td>\n<\/tr>\n<tr>\n<td style=\"width: 467.713px\"><strong>Tuteurs de stage de l&rsquo;UMH (pr\u00e9sentant plus d&rsquo;un article en tant qu&rsquo;auteur)<\/strong><\/td>\n<td style=\"text-align: center;width: 116.42px\">20 \u20ac<\/td>\n<td style=\"text-align: center;width: 116.42px\">35 \u20ac<\/td>\n<td style=\"text-align: center;width: 116.449px\">50 \u20ac<\/td>\n<\/tr>\n<tr bgcolor=\"#d9e2f3\">\n<td style=\"width: 467.713px\">*Les frais d&rsquo;inscription comprennent la participation aux sessions, la documentation. Les d\u00e9jeuners de travail ne sont pas inclus. **Accr\u00e9ditation avec carte de ch\u00f4mage ***Accr\u00e9ditation de l&rsquo;inscription.<\/td>\n<td style=\"width: 360.881px\" colspan=\"3\"><\/td>\n<\/tr>\n<\/tbody>\n<\/table>\n<p>[\/et_pb_text][et_pb_text admin_label=\u00a0\u00bbTexto\u00a0\u00bb _builder_version=\u00a0\u00bb4.17.4&Prime; text_font=\u00a0\u00bb||||on\u00a0\u00bb background_size=\u00a0\u00bbinitial\u00a0\u00bb background_position=\u00a0\u00bbtop_left\u00a0\u00bb background_repeat=\u00a0\u00bbrepeat\u00a0\u00bb custom_margin=\u00a0\u00bb20px|||\u00a0\u00bb use_border_color=\u00a0\u00bboff\u00a0\u00bb border_color=\u00a0\u00bb#ffffff\u00a0\u00bb border_style=\u00a0\u00bbsolid\u00a0\u00bb global_colors_info=\u00a0\u00bb{}\u00a0\u00bb]<\/p>\n<h4>Instructions sur la mani\u00e8re de s&rsquo;inscrire :<\/h4>\n<p>[\/et_pb_text][et_pb_text disabled_on=\u00a0\u00bboff|off|off\u00a0\u00bb admin_label=\u00a0\u00bbTexto\u00a0\u00bb _builder_version=\u00a0\u00bb4.16&Prime; text_font_size=\u00a0\u00bb18&Prime; background_size=\u00a0\u00bbinitial\u00a0\u00bb background_position=\u00a0\u00bbtop_left\u00a0\u00bb background_repeat=\u00a0\u00bbrepeat\u00a0\u00bb use_border_color=\u00a0\u00bboff\u00a0\u00bb border_color=\u00a0\u00bb#ffffff\u00a0\u00bb border_style=\u00a0\u00bbsolid\u00a0\u00bb global_colors_info=\u00a0\u00bb{}\u00a0\u00bb]1. La premi\u00e8re chose \u00e0 faire est de vous pr\u00e9inscrire en nous envoyant vos coordonn\u00e9es et en cr\u00e9ant un formulaire d&rsquo;inscription. Pour ce faire, cliquez sur :<br \/>\n[\/et_pb_text][et_pb_text disabled_on=\u00a0\u00bboff|off|off\u00a0\u00bb admin_label=\u00a0\u00bbTexto\u00a0\u00bb _builder_version=\u00a0\u00bb4.16&Prime; background_size=\u00a0\u00bbinitial\u00a0\u00bb background_position=\u00a0\u00bbtop_left\u00a0\u00bb background_repeat=\u00a0\u00bbrepeat\u00a0\u00bb use_border_color=\u00a0\u00bboff\u00a0\u00bb border_color=\u00a0\u00bb#ffffff\u00a0\u00bb border_style=\u00a0\u00bbsolid\u00a0\u00bb global_colors_info=\u00a0\u00bb{}\u00a0\u00bb]<b>Coordination<\/b>: Miguel Hern\u00e1ndez Universit\u00e9 d&rsquo;Elche.<\/p>\n<p><b>Objet<\/b> : G\u00e9rer les inscriptions et le d\u00e9veloppement de l&rsquo;UMH INTERNATIONAL CONGRESS OF OCCUPATIONAL THERAPY.<\/p>\n<p><b>L\u00e9gitimation<\/b>: Art. 6.1.e) GDPR : le traitement est n\u00e9cessaire \u00e0 l&rsquo;ex\u00e9cution d&rsquo;une t\u00e2che effectu\u00e9e dans l&rsquo;int\u00e9r\u00eat public ou dans l&rsquo;exercice de l&rsquo;autorit\u00e9 publique dont est investi le contr\u00f4leur. Art.6.1.a)<\/p>\n<p><b>Affectations\/transferts internationaux<\/b>: Veuillez noter que l&rsquo;\u00e9v\u00e9nement sera diffus\u00e9 en ligne.<\/p>\n<p><b>Droits<\/b>: Acc\u00e8s, rectification et suppression des donn\u00e9es, ainsi que d&rsquo;autres droits, comme expliqu\u00e9 dans les informations compl\u00e9mentaires.<\/p>\n<p><b>Plus d&rsquo;informations<\/b>: <a href=\"http:\/\/congresoterapiaocupacional.umh.es\/es\/politica-de-privacidad\/\" target=\"_blank\" rel=\"noopener\">Politique de confidentialit\u00e9<\/a><br \/>\n[\/et_pb_text][et_pb_button button_url=\u00a0\u00bbhttps:\/\/universite.umh.es\/fpogestion\/aspx\/Preinscripcion\/Preinscripcion.aspx\u00a0\u00bb url_new_window=\u00a0\u00bbon\u00a0\u00bb button_text=\u00a0\u00bbInscription g\u00e9n\u00e9rale\u00a0\u00bb button_alignment=\u00a0\u00bbleft\u00a0\u00bb disabled_on=\u00a0\u00bboff|off|off\u00a0\u00bb admin_label=\u00a0\u00bbBot\u00f3n\u00a0\u00bb _builder_version=\u00a0\u00bb4.17.4&Prime; custom_button=\u00a0\u00bbon\u00a0\u00bb button_text_size=\u00a0\u00bb25&Prime; button_letter_spacing_hover=\u00a0\u00bb0&Prime; global_colors_info=\u00a0\u00bb{}\u00a0\u00bb button_text_size__hover_enabled=\u00a0\u00bboff\u00a0\u00bb button_one_text_size__hover_enabled=\u00a0\u00bboff\u00a0\u00bb button_two_text_size__hover_enabled=\u00a0\u00bboff\u00a0\u00bb button_text_color__hover_enabled=\u00a0\u00bboff\u00a0\u00bb button_one_text_color__hover_enabled=\u00a0\u00bboff\u00a0\u00bb button_two_text_color__hover_enabled=\u00a0\u00bboff\u00a0\u00bb button_border_width__hover_enabled=\u00a0\u00bboff\u00a0\u00bb button_one_border_width__hover_enabled=\u00a0\u00bboff\u00a0\u00bb button_two_border_width__hover_enabled=\u00a0\u00bboff\u00a0\u00bb button_border_color__hover_enabled=\u00a0\u00bboff\u00a0\u00bb button_one_border_color__hover_enabled=\u00a0\u00bboff\u00a0\u00bb button_two_border_color__hover_enabled=\u00a0\u00bboff\u00a0\u00bb button_border_radius__hover_enabled=\u00a0\u00bboff\u00a0\u00bb button_one_border_radius__hover_enabled=\u00a0\u00bboff\u00a0\u00bb button_two_border_radius__hover_enabled=\u00a0\u00bboff\u00a0\u00bb button_letter_spacing__hover_enabled=\u00a0\u00bbon\u00a0\u00bb button_letter_spacing__hover=\u00a0\u00bb0&Prime; button_one_letter_spacing__hover_enabled=\u00a0\u00bboff\u00a0\u00bb button_two_letter_spacing__hover_enabled=\u00a0\u00bboff\u00a0\u00bb button_bg_color__hover_enabled=\u00a0\u00bboff\u00a0\u00bb button_one_bg_color__hover_enabled=\u00a0\u00bboff\u00a0\u00bb button_two_bg_color__hover_enabled=\u00a0\u00bboff\u00a0\u00bb][\/et_pb_button][et_pb_text disabled_on=\u00a0\u00bboff|off|off\u00a0\u00bb admin_label=\u00a0\u00bbTexto\u00a0\u00bb _builder_version=\u00a0\u00bb4.16&Prime; text_text_color=\u00a0\u00bb#7a26a8&Prime; text_font_size=\u00a0\u00bb20&Prime; background_size=\u00a0\u00bbinitial\u00a0\u00bb background_position=\u00a0\u00bbtop_left\u00a0\u00bb background_repeat=\u00a0\u00bbrepeat\u00a0\u00bb use_border_color=\u00a0\u00bboff\u00a0\u00bb border_color=\u00a0\u00bb#ffffff\u00a0\u00bb border_style=\u00a0\u00bbsolid\u00a0\u00bb global_colors_info=\u00a0\u00bb{}\u00a0\u00bb]<strong><span style=\"text-decoration: underline\">\u00c9tape 1 &#8211; Congr\u00e8s de pr\u00e9-inscription<\/span><\/strong><br \/>\n[\/et_pb_text][et_pb_text disabled_on=\u00a0\u00bboff|off|off\u00a0\u00bb admin_label=\u00a0\u00bbTexto\u00a0\u00bb _builder_version=\u00a0\u00bb4.17.4&Prime; text_font_size=\u00a0\u00bb18&Prime; background_size=\u00a0\u00bbinitial\u00a0\u00bb background_position=\u00a0\u00bbtop_left\u00a0\u00bb background_repeat=\u00a0\u00bbrepeat\u00a0\u00bb use_border_color=\u00a0\u00bboff\u00a0\u00bb border_color=\u00a0\u00bb#ffffff\u00a0\u00bb border_style=\u00a0\u00bbsolid\u00a0\u00bb global_colors_info=\u00a0\u00bb{}\u00a0\u00bb]<\/p>\n<p>Choisissez dans <strong>type<\/strong> l&rsquo;option \u00ab\u00a0Congresos, jornadas y conferencias\u00a0\u00bb et dans <strong>sous-type<\/strong> \u00ab\u00a0Congreso Internacional de Terapia Ocupacional (IX CITO)\u00a0\u00bb. Cliquez ensuite sur Continuer.<\/p>\n<p>[\/et_pb_text][et_pb_image src=\u00a0\u00bbhttps:\/\/congresoterapiaocupacional.umh.es\/files\/2022\/12\/Diapositiva1.jpg\u00a0\u00bb title_text=\u00a0\u00bbDiapositive 1&Prime; align=\u00a0\u00bbcenter\u00a0\u00bb align_tablet=\u00a0\u00bbcenter\u00a0\u00bb align_phone=\u00a0\u00bbcenter\u00a0\u00bb align_last_edited=\u00a0\u00bbon|desktop\u00a0\u00bb disabled_on=\u00a0\u00bboff|off|off\u00a0\u00bb admin_label=\u00a0\u00bbImagen\u00a0\u00bb _builder_version=\u00a0\u00bb4.17.4&Prime; animation=\u00a0\u00bboff\u00a0\u00bb sticky=\u00a0\u00bboff\u00a0\u00bb use_border_color=\u00a0\u00bboff\u00a0\u00bb border_color=\u00a0\u00bb#ffffff\u00a0\u00bb border_style=\u00a0\u00bbsolid\u00a0\u00bb always_center_on_mobile=\u00a0\u00bbon\u00a0\u00bb global_colors_info=\u00a0\u00bb{}\u00a0\u00bb][\/et_pb_image][et_pb_text disabled_on=\u00a0\u00bboff|off|off\u00a0\u00bb admin_label=\u00a0\u00bbTexto\u00a0\u00bb _builder_version=\u00a0\u00bb4.16&Prime; text_font_size=\u00a0\u00bb18&Prime; background_size=\u00a0\u00bbinitial\u00a0\u00bb background_position=\u00a0\u00bbtop_left\u00a0\u00bb background_repeat=\u00a0\u00bbrepeat\u00a0\u00bb use_border_color=\u00a0\u00bboff\u00a0\u00bb border_color=\u00a0\u00bb#ffffff\u00a0\u00bb border_style=\u00a0\u00bbsolid\u00a0\u00bb global_colors_info=\u00a0\u00bb{}\u00a0\u00bb]2. Vous recevrez alors un formulaire \u00e0 remplir. Nous vous conseillons de remplir le plus de champs possible. Dans la section suppl\u00e9ments\/r\u00e9ductions, une seule option doit \u00eatre coch\u00e9e par justificatif. Cliquez ensuite sur <strong>\u00ab\u00a0continuer\u00a0\u00bb.<\/strong><br \/>\n[\/et_pb_text][et_pb_text disabled_on=\u00a0\u00bboff|off|off\u00a0\u00bb admin_label=\u00a0\u00bbTexto\u00a0\u00bb _builder_version=\u00a0\u00bb4.16&Prime; text_font_size=\u00a0\u00bb18&Prime; background_size=\u00a0\u00bbinitial\u00a0\u00bb background_position=\u00a0\u00bbtop_left\u00a0\u00bb background_repeat=\u00a0\u00bbrepeat\u00a0\u00bb use_border_color=\u00a0\u00bboff\u00a0\u00bb border_color=\u00a0\u00bb#ffffff\u00a0\u00bb border_style=\u00a0\u00bbsolid\u00a0\u00bb global_colors_info=\u00a0\u00bb{}\u00a0\u00bb]3. Un re\u00e7u s&rsquo;affiche automatiquement \u00e0 l&rsquo;\u00e9cran que vous devez imprimer et payer par carte de cr\u00e9dit ou \u00e0 votre agence bancaire via le TPV virtuel. Le re\u00e7u est t\u00e9l\u00e9charg\u00e9 en format pdf, ce qui vous permet de l&rsquo;imprimer d\u00e8s que vous le pouvez.<\/p>\n<p>Les re\u00e7us ont une date indiqu\u00e9e, <strong>si vous ne payez pas avant cette date,<\/strong> vous serez supprim\u00e9 du syst\u00e8me et donc vous ne serez pas inscrit au congr\u00e8s. Nous vous recommandons de conserver votre preuve de paiement et de l&rsquo;apporter avec vous au congr\u00e8s au cas o\u00f9 nous vous la demanderions \u00e0 tout moment.<\/p>\n<p>Si vous avez des probl\u00e8mes avec le processus, veuillez nous contacter par courriel \u00e0 cito@umh.es.<br \/>\n[\/et_pb_text][\/et_pb_column][\/et_pb_row][et_pb_row disabled_on=\u00a0\u00bboff|off|off\u00a0\u00bb admin_label=\u00a0\u00bbrow\u00a0\u00bb _builder_version=\u00a0\u00bb4.16&Prime; background_size=\u00a0\u00bbinitial\u00a0\u00bb background_position=\u00a0\u00bbtop_left\u00a0\u00bb background_repeat=\u00a0\u00bbrepeat\u00a0\u00bb locked=\u00a0\u00bboff\u00a0\u00bb collapsed=\u00a0\u00bboff\u00a0\u00bb global_colors_info=\u00a0\u00bb{}\u00a0\u00bb][et_pb_column type=\u00a0\u00bb4_4&Prime; _builder_version=\u00a0\u00bb4.16&Prime; custom_padding=\u00a0\u00bb|||\u00a0\u00bb global_colors_info=\u00a0\u00bb{}\u00a0\u00bb custom_padding__hover=\u00a0\u00bb|||\u00a0\u00bb][et_pb_text disabled_on=\u00a0\u00bbon|on|on\u00a0\u00bb admin_label=\u00a0\u00bbTexto\u00a0\u00bb _builder_version=\u00a0\u00bb4.17.4&Prime; text_font=\u00a0\u00bb||||on\u00a0\u00bb text_text_color=\u00a0\u00bb#7a26a8&Prime; text_font_size=\u00a0\u00bb20&Prime; background_size=\u00a0\u00bbinitial\u00a0\u00bb background_position=\u00a0\u00bbtop_left\u00a0\u00bb background_repeat=\u00a0\u00bbrepeat\u00a0\u00bb use_border_color=\u00a0\u00bboff\u00a0\u00bb border_color=\u00a0\u00bb#ffffff\u00a0\u00bb border_style=\u00a0\u00bbsolid\u00a0\u00bb disabled=\u00a0\u00bbon\u00a0\u00bb global_colors_info=\u00a0\u00bb{}\u00a0\u00bb]<\/p>\n<p><strong>Instructions sur la mani\u00e8re de s&rsquo;inscrire aux ateliers:<\/strong><\/p>\n<p>[\/et_pb_text][et_pb_text disabled_on=\u00a0\u00bbon|on|on\u00a0\u00bb admin_label=\u00a0\u00bbTexto\u00a0\u00bb _builder_version=\u00a0\u00bb4.17.4&Prime; text_text_color=\u00a0\u00bb#000000&Prime; text_font_size=\u00a0\u00bb16&Prime; background_size=\u00a0\u00bbinitial\u00a0\u00bb background_position=\u00a0\u00bbtop_left\u00a0\u00bb background_repeat=\u00a0\u00bbrepeat\u00a0\u00bb use_border_color=\u00a0\u00bboff\u00a0\u00bb border_color=\u00a0\u00bb#ffffff\u00a0\u00bb border_style=\u00a0\u00bbsolid\u00a0\u00bb disabled=\u00a0\u00bbon\u00a0\u00bb global_colors_info=\u00a0\u00bb{}\u00a0\u00bb]<\/p>\n<p>Une fois que vous vous \u00eates pr\u00e9inscrit au congr\u00e8s, vous devez remplir le formulaire suivant:<\/p>\n<p>[\/et_pb_text][et_pb_button button_url=\u00a0\u00bbhttps:\/\/forms.gle\/JpCwbNS4TwcRF2Z27&Prime; button_text=\u00a0\u00bbInscription \u00e0 l&rsquo;atelier\u00a0\u00bb button_alignment=\u00a0\u00bbleft\u00a0\u00bb disabled_on=\u00a0\u00bbon|on|on\u00a0\u00bb admin_label=\u00a0\u00bbBot\u00f3n\u00a0\u00bb _builder_version=\u00a0\u00bb4.17.4&Prime; button_letter_spacing_hover=\u00a0\u00bb0&Prime; disabled=\u00a0\u00bbon\u00a0\u00bb global_colors_info=\u00a0\u00bb{}\u00a0\u00bb button_text_size__hover_enabled=\u00a0\u00bboff\u00a0\u00bb button_one_text_size__hover_enabled=\u00a0\u00bboff\u00a0\u00bb button_two_text_size__hover_enabled=\u00a0\u00bboff\u00a0\u00bb button_text_color__hover_enabled=\u00a0\u00bboff\u00a0\u00bb button_one_text_color__hover_enabled=\u00a0\u00bboff\u00a0\u00bb button_two_text_color__hover_enabled=\u00a0\u00bboff\u00a0\u00bb button_border_width__hover_enabled=\u00a0\u00bboff\u00a0\u00bb button_one_border_width__hover_enabled=\u00a0\u00bboff\u00a0\u00bb button_two_border_width__hover_enabled=\u00a0\u00bboff\u00a0\u00bb button_border_color__hover_enabled=\u00a0\u00bboff\u00a0\u00bb button_one_border_color__hover_enabled=\u00a0\u00bboff\u00a0\u00bb button_two_border_color__hover_enabled=\u00a0\u00bboff\u00a0\u00bb button_border_radius__hover_enabled=\u00a0\u00bboff\u00a0\u00bb button_one_border_radius__hover_enabled=\u00a0\u00bboff\u00a0\u00bb button_two_border_radius__hover_enabled=\u00a0\u00bboff\u00a0\u00bb button_letter_spacing__hover_enabled=\u00a0\u00bbon\u00a0\u00bb button_letter_spacing__hover=\u00a0\u00bb0&Prime; button_one_letter_spacing__hover_enabled=\u00a0\u00bboff\u00a0\u00bb button_two_letter_spacing__hover_enabled=\u00a0\u00bboff\u00a0\u00bb button_bg_color__hover_enabled=\u00a0\u00bboff\u00a0\u00bb button_one_bg_color__hover_enabled=\u00a0\u00bboff\u00a0\u00bb button_two_bg_color__hover_enabled=\u00a0\u00bboff\u00a0\u00bb][\/et_pb_button][et_pb_text disabled_on=\u00a0\u00bbon|on|on\u00a0\u00bb admin_label=\u00a0\u00bbTexto\u00a0\u00bb _builder_version=\u00a0\u00bb4.17.4&Prime; background_size=\u00a0\u00bbinitial\u00a0\u00bb background_position=\u00a0\u00bbtop_left\u00a0\u00bb background_repeat=\u00a0\u00bbrepeat\u00a0\u00bb use_border_color=\u00a0\u00bboff\u00a0\u00bb border_color=\u00a0\u00bb#ffffff\u00a0\u00bb border_style=\u00a0\u00bbsolid\u00a0\u00bb disabled=\u00a0\u00bbon\u00a0\u00bb global_colors_info=\u00a0\u00bb{}\u00a0\u00bb]<\/p>\n<p>Choisissez les ateliers auxquels vous souhaitez participer par ordre de pr\u00e9f\u00e9rence. Un atelier par personne sera attribu\u00e9 jusqu&rsquo;\u00e0 ce que toutes les places soient prises. <strong>L&rsquo;attribution des ateliers<\/strong> se fera selon le principe du <strong>premier arriv\u00e9<\/strong>et sera annonc\u00e9e avant le <strong>5 mai<\/strong>.<\/p>\n<p>Les <strong>inscriptions<\/strong> aux ateliers sont ouvertes <strong>jusqu&rsquo;au 24 avril.<\/strong><\/p>\n<p>[\/et_pb_text][\/et_pb_column][\/et_pb_row][\/et_pb_section]<\/p>\n","protected":false},"excerpt":{"rendered":"<p>Inscriptions CITO 2026* Jusqu&rsquo;au 08\/03\/2026 Du 09\/03\/2026 au 26\/04\/2026 Du 27\/04\/2026 au 03\/05\/2026 Assistant actif 150 \u20ac 180 \u20ac 210 \u20ac Assistant actif dans les pays \u00e0 faible revenu 130 \u20ac 160 \u20ac 190 \u20ac Assistant au ch\u00f4mage** 50 \u20ac 75 \u20ac 100 \u20ac \u00c9tudiants ch\u00f4meurs en doctorat ou en ma\u00eetrise*** 50 \u20ac 75 \u20ac [&hellip;]<\/p>\n","protected":false},"author":6277,"featured_media":0,"parent":0,"menu_order":0,"comment_status":"closed","ping_status":"closed","template":"","meta":{"_et_pb_use_builder":"on","_et_pb_old_content":"","_et_gb_content_width":"","_links_to":"","_links_to_target":""},"_links":{"self":[{"href":"https:\/\/congresoterapiaocupacional.umh.es\/fr\/wp-json\/wp\/v2\/pages\/30838"}],"collection":[{"href":"https:\/\/congresoterapiaocupacional.umh.es\/fr\/wp-json\/wp\/v2\/pages"}],"about":[{"href":"https:\/\/congresoterapiaocupacional.umh.es\/fr\/wp-json\/wp\/v2\/types\/page"}],"author":[{"embeddable":true,"href":"https:\/\/congresoterapiaocupacional.umh.es\/fr\/wp-json\/wp\/v2\/users\/6277"}],"replies":[{"embeddable":true,"href":"https:\/\/congresoterapiaocupacional.umh.es\/fr\/wp-json\/wp\/v2\/comments?post=30838"}],"version-history":[{"count":0,"href":"https:\/\/congresoterapiaocupacional.umh.es\/fr\/wp-json\/wp\/v2\/pages\/30838\/revisions"}],"wp:attachment":[{"href":"https:\/\/congresoterapiaocupacional.umh.es\/fr\/wp-json\/wp\/v2\/media?parent=30838"}],"curies":[{"name":"wp","href":"https:\/\/api.w.org\/{rel}","templated":true}]}}