{"id":30294,"date":"2022-11-06T12:28:41","date_gmt":"2022-11-06T12:28:41","guid":{"rendered":"https:\/\/congresoterapiaocupacional.umh.es\/?page_id=30294"},"modified":"2022-11-06T12:29:39","modified_gmt":"2022-11-06T12:29:39","slug":"contact","status":"publish","type":"page","link":"https:\/\/congresoterapiaocupacional.umh.es\/fr\/contact\/","title":{"rendered":"Contact"},"content":{"rendered":"<p>[et_pb_section fb_built=\u00a0\u00bb1&Prime; admin_label=\u00a0\u00bbsection\u00a0\u00bb _builder_version=\u00a0\u00bb4.16&Prime; global_colors_info=\u00a0\u00bb{}\u00a0\u00bb][et_pb_row admin_label=\u00a0\u00bbFila\u00a0\u00bb _builder_version=\u00a0\u00bb4.16&Prime; background_size=\u00a0\u00bbinitial\u00a0\u00bb background_position=\u00a0\u00bbtop_left\u00a0\u00bb background_repeat=\u00a0\u00bbrepeat\u00a0\u00bb global_colors_info=\u00a0\u00bb{}\u00a0\u00bb][et_pb_column type=\u00a0\u00bb4_4&Prime; _builder_version=\u00a0\u00bb4.16&Prime; custom_padding=\u00a0\u00bb|||\u00a0\u00bb global_colors_info=\u00a0\u00bb{}\u00a0\u00bb custom_padding__hover=\u00a0\u00bb|||\u00a0\u00bb][et_pb_text admin_label=\u00a0\u00bbTexto\u00a0\u00bb _builder_version=\u00a0\u00bb4.17.4&Prime; text_text_color=\u00a0\u00bb#7a26a8&Prime; text_font_size=\u00a0\u00bb25&Prime; background_size=\u00a0\u00bbinitial\u00a0\u00bb background_position=\u00a0\u00bbtop_left\u00a0\u00bb background_repeat=\u00a0\u00bbrepeat\u00a0\u00bb use_border_color=\u00a0\u00bboff\u00a0\u00bb border_color=\u00a0\u00bb#ffffff\u00a0\u00bb border_style=\u00a0\u00bbsolid\u00a0\u00bb global_colors_info=\u00a0\u00bb{}\u00a0\u00bb]<\/p>\n<p style=\"text-align: center\">Contactez-nous<\/p>\n<p>[\/et_pb_text][et_pb_text admin_label=\u00a0\u00bbTexto\u00a0\u00bb _builder_version=\u00a0\u00bb4.17.4&Prime; text_text_color=\u00a0\u00bb#7a26a8&Prime; text_font_size=\u00a0\u00bb16&Prime; background_size=\u00a0\u00bbinitial\u00a0\u00bb background_position=\u00a0\u00bbtop_left\u00a0\u00bb background_repeat=\u00a0\u00bbrepeat\u00a0\u00bb use_border_color=\u00a0\u00bboff\u00a0\u00bb border_color=\u00a0\u00bb#ffffff\u00a0\u00bb border_style=\u00a0\u00bbsolid\u00a0\u00bb global_colors_info=\u00a0\u00bb{}\u00a0\u00bb]<\/p>\n<p style=\"text-align: center\">Ne restez pas avec les doutes!<\/p>\n<p>[\/et_pb_text][\/et_pb_column][\/et_pb_row][et_pb_row column_structure=\u00a0\u00bb1_2,1_2&Prime; admin_label=\u00a0\u00bbrow\u00a0\u00bb _builder_version=\u00a0\u00bb4.16&Prime; background_size=\u00a0\u00bbinitial\u00a0\u00bb background_position=\u00a0\u00bbtop_left\u00a0\u00bb background_repeat=\u00a0\u00bbrepeat\u00a0\u00bb global_colors_info=\u00a0\u00bb{}\u00a0\u00bb][et_pb_column type=\u00a0\u00bb1_2&Prime; _builder_version=\u00a0\u00bb4.16&Prime; custom_padding=\u00a0\u00bb|||\u00a0\u00bb global_colors_info=\u00a0\u00bb{}\u00a0\u00bb custom_padding__hover=\u00a0\u00bb|||\u00a0\u00bb][et_pb_text admin_label=\u00a0\u00bbTexto\u00a0\u00bb _builder_version=\u00a0\u00bb4.17.4&Prime; text_font_size=\u00a0\u00bb18&Prime; text_line_height=\u00a0\u00bb1.8em\u00a0\u00bb background_size=\u00a0\u00bbinitial\u00a0\u00bb background_position=\u00a0\u00bbtop_left\u00a0\u00bb background_repeat=\u00a0\u00bbrepeat\u00a0\u00bb border_width_all=\u00a0\u00bb0px\u00a0\u00bb border_color_all=\u00a0\u00bb#7a26a8&Prime; border_style_all=\u00a0\u00bbsolid\u00a0\u00bb use_border_color=\u00a0\u00bbon\u00a0\u00bb border_color=\u00a0\u00bb#7a26a8&Prime; border_style=\u00a0\u00bbsolid\u00a0\u00bb global_colors_info=\u00a0\u00bb{}\u00a0\u00bb]<\/p>\n<p>Si vous avez des questions ou des doutes, contactez-nous en remplissant ce formulaire et nous vous r\u00e9pondrons dans les plus brefs d\u00e9lais.<\/p>\n<p>[\/et_pb_text][et_pb_contact_form captcha=\u00a0\u00bboff\u00a0\u00bb email=\u00a0\u00bbpresidenta9cieto@gmail.com\u00a0\u00bb use_redirect=\u00a0\u00bbon\u00a0\u00bb redirect_url=\u00a0\u00bbhttp:\/\/congresoterapiaocupacional.umh.es\/contacto-3\/\u00a0\u00bb success_message=\u00a0\u00bbSu mensaje ha sido enviado satisfactoriamente.\u00a0\u00bb admin_label=\u00a0\u00bbFormulario de contacto\u00a0\u00bb _builder_version=\u00a0\u00bb4.17.4&Prime; _unique_id=\u00a0\u00bbefc6df56-fb97-4d67-a25d-002e6e677b89&Prime; border_radii=\u00a0\u00bbon|0px|0px|0px|0px\u00a0\u00bb use_border_color=\u00a0\u00bboff\u00a0\u00bb border_color=\u00a0\u00bb#ffffff\u00a0\u00bb border_style=\u00a0\u00bbsolid\u00a0\u00bb input_border_radius=\u00a0\u00bb0&Prime; global_colors_info=\u00a0\u00bb{}\u00a0\u00bb][et_pb_contact_field field_id=\u00a0\u00bbName\u00a0\u00bb field_title=\u00a0\u00bbNombre (requerido)\u00a0\u00bb _builder_version=\u00a0\u00bb4.16&Prime; form_field_font=\u00a0\u00bb||||\u00a0\u00bb use_border_color=\u00a0\u00bboff\u00a0\u00bb border_style=\u00a0\u00bbsolid\u00a0\u00bb global_colors_info=\u00a0\u00bb{}\u00a0\u00bb button_text_size__hover_enabled=\u00a0\u00bboff\u00a0\u00bb button_one_text_size__hover_enabled=\u00a0\u00bboff\u00a0\u00bb button_two_text_size__hover_enabled=\u00a0\u00bboff\u00a0\u00bb button_text_color__hover_enabled=\u00a0\u00bboff\u00a0\u00bb button_one_text_color__hover_enabled=\u00a0\u00bboff\u00a0\u00bb button_two_text_color__hover_enabled=\u00a0\u00bboff\u00a0\u00bb button_border_width__hover_enabled=\u00a0\u00bboff\u00a0\u00bb button_one_border_width__hover_enabled=\u00a0\u00bboff\u00a0\u00bb button_two_border_width__hover_enabled=\u00a0\u00bboff\u00a0\u00bb button_border_color__hover_enabled=\u00a0\u00bboff\u00a0\u00bb button_one_border_color__hover_enabled=\u00a0\u00bboff\u00a0\u00bb button_two_border_color__hover_enabled=\u00a0\u00bboff\u00a0\u00bb button_border_radius__hover_enabled=\u00a0\u00bboff\u00a0\u00bb button_one_border_radius__hover_enabled=\u00a0\u00bboff\u00a0\u00bb button_two_border_radius__hover_enabled=\u00a0\u00bboff\u00a0\u00bb button_letter_spacing__hover_enabled=\u00a0\u00bboff\u00a0\u00bb button_one_letter_spacing__hover_enabled=\u00a0\u00bboff\u00a0\u00bb button_two_letter_spacing__hover_enabled=\u00a0\u00bboff\u00a0\u00bb button_bg_color__hover_enabled=\u00a0\u00bboff\u00a0\u00bb button_one_bg_color__hover_enabled=\u00a0\u00bboff\u00a0\u00bb button_two_bg_color__hover_enabled=\u00a0\u00bboff\u00a0\u00bb] [\/et_pb_contact_field][et_pb_contact_field field_id=\u00a0\u00bbEmail\u00a0\u00bb field_title=\u00a0\u00bbDirecci\u00f3n de correo electr\u00f3nico (requerido)\u00a0\u00bb field_type=\u00a0\u00bbemail\u00a0\u00bb _builder_version=\u00a0\u00bb4.16&Prime; form_field_font=\u00a0\u00bb||||\u00a0\u00bb use_border_color=\u00a0\u00bboff\u00a0\u00bb border_style=\u00a0\u00bbsolid\u00a0\u00bb global_colors_info=\u00a0\u00bb{}\u00a0\u00bb button_text_size__hover_enabled=\u00a0\u00bboff\u00a0\u00bb button_one_text_size__hover_enabled=\u00a0\u00bboff\u00a0\u00bb button_two_text_size__hover_enabled=\u00a0\u00bboff\u00a0\u00bb button_text_color__hover_enabled=\u00a0\u00bboff\u00a0\u00bb button_one_text_color__hover_enabled=\u00a0\u00bboff\u00a0\u00bb button_two_text_color__hover_enabled=\u00a0\u00bboff\u00a0\u00bb button_border_width__hover_enabled=\u00a0\u00bboff\u00a0\u00bb button_one_border_width__hover_enabled=\u00a0\u00bboff\u00a0\u00bb button_two_border_width__hover_enabled=\u00a0\u00bboff\u00a0\u00bb button_border_color__hover_enabled=\u00a0\u00bboff\u00a0\u00bb button_one_border_color__hover_enabled=\u00a0\u00bboff\u00a0\u00bb button_two_border_color__hover_enabled=\u00a0\u00bboff\u00a0\u00bb button_border_radius__hover_enabled=\u00a0\u00bboff\u00a0\u00bb button_one_border_radius__hover_enabled=\u00a0\u00bboff\u00a0\u00bb button_two_border_radius__hover_enabled=\u00a0\u00bboff\u00a0\u00bb button_letter_spacing__hover_enabled=\u00a0\u00bboff\u00a0\u00bb button_one_letter_spacing__hover_enabled=\u00a0\u00bboff\u00a0\u00bb button_two_letter_spacing__hover_enabled=\u00a0\u00bboff\u00a0\u00bb button_bg_color__hover_enabled=\u00a0\u00bboff\u00a0\u00bb button_one_bg_color__hover_enabled=\u00a0\u00bboff\u00a0\u00bb button_two_bg_color__hover_enabled=\u00a0\u00bboff\u00a0\u00bb] [\/et_pb_contact_field][et_pb_contact_field field_id=\u00a0\u00bbIssue\u00a0\u00bb field_title=\u00a0\u00bbAsunto\u00a0\u00bb fullwidth_field=\u00a0\u00bbon\u00a0\u00bb _builder_version=\u00a0\u00bb4.16&Prime; form_field_font=\u00a0\u00bb||||\u00a0\u00bb use_border_color=\u00a0\u00bboff\u00a0\u00bb border_style=\u00a0\u00bbsolid\u00a0\u00bb global_colors_info=\u00a0\u00bb{}\u00a0\u00bb button_text_size__hover_enabled=\u00a0\u00bboff\u00a0\u00bb button_one_text_size__hover_enabled=\u00a0\u00bboff\u00a0\u00bb button_two_text_size__hover_enabled=\u00a0\u00bboff\u00a0\u00bb button_text_color__hover_enabled=\u00a0\u00bboff\u00a0\u00bb button_one_text_color__hover_enabled=\u00a0\u00bboff\u00a0\u00bb button_two_text_color__hover_enabled=\u00a0\u00bboff\u00a0\u00bb button_border_width__hover_enabled=\u00a0\u00bboff\u00a0\u00bb button_one_border_width__hover_enabled=\u00a0\u00bboff\u00a0\u00bb button_two_border_width__hover_enabled=\u00a0\u00bboff\u00a0\u00bb button_border_color__hover_enabled=\u00a0\u00bboff\u00a0\u00bb button_one_border_color__hover_enabled=\u00a0\u00bboff\u00a0\u00bb button_two_border_color__hover_enabled=\u00a0\u00bboff\u00a0\u00bb button_border_radius__hover_enabled=\u00a0\u00bboff\u00a0\u00bb button_one_border_radius__hover_enabled=\u00a0\u00bboff\u00a0\u00bb button_two_border_radius__hover_enabled=\u00a0\u00bboff\u00a0\u00bb button_letter_spacing__hover_enabled=\u00a0\u00bboff\u00a0\u00bb button_one_letter_spacing__hover_enabled=\u00a0\u00bboff\u00a0\u00bb button_two_letter_spacing__hover_enabled=\u00a0\u00bboff\u00a0\u00bb button_bg_color__hover_enabled=\u00a0\u00bboff\u00a0\u00bb button_one_bg_color__hover_enabled=\u00a0\u00bboff\u00a0\u00bb button_two_bg_color__hover_enabled=\u00a0\u00bboff\u00a0\u00bb][\/et_pb_contact_field][et_pb_contact_field field_id=\u00a0\u00bbMessage\u00a0\u00bb field_title=\u00a0\u00bbMensaje\u00a0\u00bb field_type=\u00a0\u00bbtext\u00a0\u00bb _builder_version=\u00a0\u00bb4.16&Prime; global_colors_info=\u00a0\u00bb{}\u00a0\u00bb button_text_size__hover_enabled=\u00a0\u00bboff\u00a0\u00bb button_one_text_size__hover_enabled=\u00a0\u00bboff\u00a0\u00bb button_two_text_size__hover_enabled=\u00a0\u00bboff\u00a0\u00bb button_text_color__hover_enabled=\u00a0\u00bboff\u00a0\u00bb button_one_text_color__hover_enabled=\u00a0\u00bboff\u00a0\u00bb button_two_text_color__hover_enabled=\u00a0\u00bboff\u00a0\u00bb button_border_width__hover_enabled=\u00a0\u00bboff\u00a0\u00bb button_one_border_width__hover_enabled=\u00a0\u00bboff\u00a0\u00bb button_two_border_width__hover_enabled=\u00a0\u00bboff\u00a0\u00bb button_border_color__hover_enabled=\u00a0\u00bboff\u00a0\u00bb button_one_border_color__hover_enabled=\u00a0\u00bboff\u00a0\u00bb button_two_border_color__hover_enabled=\u00a0\u00bboff\u00a0\u00bb button_border_radius__hover_enabled=\u00a0\u00bboff\u00a0\u00bb button_one_border_radius__hover_enabled=\u00a0\u00bboff\u00a0\u00bb button_two_border_radius__hover_enabled=\u00a0\u00bboff\u00a0\u00bb button_letter_spacing__hover_enabled=\u00a0\u00bboff\u00a0\u00bb button_one_letter_spacing__hover_enabled=\u00a0\u00bboff\u00a0\u00bb button_two_letter_spacing__hover_enabled=\u00a0\u00bboff\u00a0\u00bb button_bg_color__hover_enabled=\u00a0\u00bboff\u00a0\u00bb button_one_bg_color__hover_enabled=\u00a0\u00bboff\u00a0\u00bb button_two_bg_color__hover_enabled=\u00a0\u00bboff\u00a0\u00bb] [\/et_pb_contact_field][\/et_pb_contact_form][\/et_pb_column][et_pb_column type=\u00a0\u00bb1_2&Prime; _builder_version=\u00a0\u00bb4.16&Prime; custom_padding=\u00a0\u00bb|||\u00a0\u00bb global_colors_info=\u00a0\u00bb{}\u00a0\u00bb custom_padding__hover=\u00a0\u00bb|||\u00a0\u00bb][et_pb_text admin_label=\u00a0\u00bbTexto\u00a0\u00bb _builder_version=\u00a0\u00bb4.17.4&Prime; text_font_size=\u00a0\u00bb18&Prime; text_line_height=\u00a0\u00bb1.8em\u00a0\u00bb background_size=\u00a0\u00bbinitial\u00a0\u00bb background_position=\u00a0\u00bbtop_left\u00a0\u00bb background_repeat=\u00a0\u00bbrepeat\u00a0\u00bb border_width_all=\u00a0\u00bb0px\u00a0\u00bb border_color_all=\u00a0\u00bb#7a26a8&Prime; border_style_all=\u00a0\u00bbsolid\u00a0\u00bb use_border_color=\u00a0\u00bbon\u00a0\u00bb border_color=\u00a0\u00bb#7a26a8&Prime; border_style=\u00a0\u00bbsolid\u00a0\u00bb global_colors_info=\u00a0\u00bb{}\u00a0\u00bb]<\/p>\n<p>Suivez-nous sur nos r\u00e9seaux sociaux. Si vous avez des questions, vous pouvez \u00e9galement nous envoyer des messages ici.<\/p>\n<p>[\/et_pb_text][et_pb_text admin_label=\u00a0\u00bbTexto\u00a0\u00bb _builder_version=\u00a0\u00bb4.17.4&Prime; text_font_size=\u00a0\u00bb18&Prime; text_line_height=\u00a0\u00bb1.8em\u00a0\u00bb background_size=\u00a0\u00bbinitial\u00a0\u00bb background_position=\u00a0\u00bbtop_left\u00a0\u00bb background_repeat=\u00a0\u00bbrepeat\u00a0\u00bb use_border_color=\u00a0\u00bboff\u00a0\u00bb border_color=\u00a0\u00bb#7a26a8&Prime; border_width=\u00a0\u00bb2px\u00a0\u00bb border_style=\u00a0\u00bbsolid\u00a0\u00bb global_colors_info=\u00a0\u00bb{}\u00a0\u00bb]<\/p>\n<p><strong>Instagram<\/strong>: @CIETOYCITOUMH<\/p>\n<p><strong>Twitter<\/strong>: @CIETOYCITOUMH<\/p>\n<p><strong>Facebook<\/strong>: CIETO Y CITO UMH<\/p>\n<p>[\/et_pb_text][\/et_pb_column][\/et_pb_row][\/et_pb_section]<\/p>\n","protected":false},"excerpt":{"rendered":"<p>Contactez-nousNe restez pas avec les doutes!Si vous avez des questions ou des doutes, contactez-nous en remplissant ce formulaire et nous vous r\u00e9pondrons dans les plus brefs d\u00e9lais. Suivez-nous sur nos r\u00e9seaux sociaux. Si vous avez des questions, vous pouvez \u00e9galement nous envoyer des messages ici.Instagram: @CIETOYCITOUMH Twitter: @CIETOYCITOUMH Facebook: CIETO Y CITO UMH<\/p>\n","protected":false},"author":23339,"featured_media":0,"parent":0,"menu_order":0,"comment_status":"open","ping_status":"open","template":"","meta":{"_et_pb_use_builder":"on","_et_pb_old_content":"<p>[:es][et_pb_section admin_label=\"section\"][et_pb_row admin_label=\"Fila\"][et_pb_column type=\"4_4\"][et_pb_text admin_label=\"Texto\" background_layout=\"light\" text_orientation=\"left\" text_font_size=\"25\" text_text_color=\"#7a26a8\" use_border_color=\"off\" border_color=\"#ffffff\" border_style=\"solid\"]<\/p><p style=\"text-align: center;\"><strong>Contacta con nosotros<\/strong><\/p><p>[\/et_pb_text][et_pb_text admin_label=\"Texto\" background_layout=\"light\" text_orientation=\"left\" text_text_color=\"#7a26a8\" use_border_color=\"off\" border_color=\"#ffffff\" border_style=\"solid\" text_font_size=\"16\"]<\/p><p style=\"text-align: center;\">\u00a1No te quedes con las dudas!<\/p><p>[\/et_pb_text][\/et_pb_column][\/et_pb_row][et_pb_row admin_label=\"row\"][et_pb_column type=\"1_2\"][et_pb_text admin_label=\"Texto\" background_layout=\"light\" text_orientation=\"left\" use_border_color=\"on\" border_color=\"#7a26a8\" border_style=\"solid\" text_font_size=\"18\" text_line_height=\"1.8em\"]<\/p><p><strong><span style=\"font-weight: 400;\">Si tienes cualquier pregunta o duda, ponte en contacto con nosotros rellenando este formulario y te contestaremos lo antes posible.<\/span><\/strong><\/p><p>[\/et_pb_text][et_pb_contact_form admin_label=\"Formulario de contacto\" captcha=\"off\" email=\"presidenta9cieto@gmail.com\" use_redirect=\"on\" success_message=\"Su mensaje ha sido enviado satisfactoriamente.\" input_border_radius=\"0\" use_border_color=\"off\" border_color=\"#ffffff\" border_style=\"solid\" custom_button=\"off\" button_letter_spacing=\"0\" button_use_icon=\"default\" button_icon_placement=\"right\" button_on_hover=\"on\" button_letter_spacing_hover=\"0\" redirect_url=\"http:\/\/congresoterapiaocupacional.umh.es\/contacto-3\/\"]<\/p><p>[et_pb_contact_field field_title=\"Nombre (requerido)\" field_type=\"input\" field_id=\"Name\" required_mark=\"on\" fullwidth_field=\"off\" form_field_font_select=\"default\" form_field_font=\"||||\" use_border_color=\"off\" border_style=\"solid\"] [\/et_pb_contact_field][et_pb_contact_field field_title=\"Direcci\u00f3n de correo electr\u00f3nico (requerido)\" field_type=\"email\" field_id=\"Email\" required_mark=\"on\" fullwidth_field=\"off\" form_field_font_select=\"default\" form_field_font=\"||||\" use_border_color=\"off\" border_style=\"solid\"] [\/et_pb_contact_field][et_pb_contact_field field_id=\"Issue\" field_title=\"Asunto\" field_type=\"input\" required_mark=\"on\" fullwidth_field=\"on\" form_field_font_select=\"default\" form_field_font=\"||||\" use_border_color=\"off\" border_style=\"solid\" \/][et_pb_contact_field field_title=\"Mensaje\" field_type=\"text\" field_id=\"Message\" required_mark=\"on\"] [\/et_pb_contact_field]<\/p><p>[\/et_pb_contact_form][\/et_pb_column][et_pb_column type=\"1_2\"][et_pb_text admin_label=\"Texto\" background_layout=\"light\" text_orientation=\"left\" use_border_color=\"on\" border_color=\"#7a26a8\" border_style=\"solid\" text_font_size=\"18\" text_line_height=\"1.8em\"]<\/p><p>S\u00edguenos en nuestras redes sociales. Ante cualquier pregunta que te plantees, tambi\u00e9n puedes mandarnos mensajes por ah\u00ed.<\/p><p>[\/et_pb_text][et_pb_text admin_label=\"Texto\" background_layout=\"light\" text_orientation=\"left\" use_border_color=\"off\" border_color=\"#7a26a8\" border_style=\"solid\" text_font_size=\"18\" text_line_height=\"1.8em\" border_width=\"2px\"]<\/p><p><strong>Instagram<\/strong>: @CIETOYCITOUMH<\/p><p><strong>Twitter<\/strong>: @CIETOYCITOUMH<\/p><p><strong>Facebook<\/strong>: CIETO Y CITO UMH<\/p><p>[\/et_pb_text][\/et_pb_column][\/et_pb_row][\/et_pb_section][:en][et_pb_section admin_label=\"section\"][et_pb_row admin_label=\"Fila\"][et_pb_column type=\"4_4\"][et_pb_text admin_label=\"Texto\" background_layout=\"light\" text_orientation=\"left\" text_font_size=\"33\" text_text_color=\"#7a26a8\" use_border_color=\"off\" border_color=\"#ffffff\" border_style=\"solid\" text_font=\"|on|||\"]<\/p><p style=\"text-align: center;\">Contact us<\/p><p>[\/et_pb_text][et_pb_text admin_label=\"Texto\" background_layout=\"light\" text_orientation=\"left\" text_text_color=\"#7a26a8\" use_border_color=\"off\" border_color=\"#ffffff\" border_style=\"solid\" text_font_size=\"16\"]<\/p><p style=\"text-align: center;\">Don't be in doubt!<\/p><p>[\/et_pb_text][\/et_pb_column][\/et_pb_row][et_pb_row admin_label=\"row\"][et_pb_column type=\"1_2\"][et_pb_text admin_label=\"Texto\" background_layout=\"light\" text_orientation=\"left\" use_border_color=\"on\" border_color=\"#7a26a8\" border_style=\"solid\" text_font_size=\"18\" text_line_height=\"1.8em\"]<\/p><p>If you have any question, contact us. Please, fill out the next form and we will\u00a0respond you as soon as possible.<\/p><p>[\/et_pb_text][et_pb_contact_form admin_label=\"Formulario de contacto\" captcha=\"off\" email=\"presidenta9cieto@gmail.com\" use_redirect=\"on\" success_message=\"Su mensaje ha sido enviado satisfactoriamente.\" input_border_radius=\"0\" use_border_color=\"off\" border_color=\"#ffffff\" border_style=\"solid\" custom_button=\"off\" button_letter_spacing=\"0\" button_use_icon=\"default\" button_icon_placement=\"right\" button_on_hover=\"on\" button_letter_spacing_hover=\"0\" redirect_url=\"http:\/\/congresoterapiaocupacional.umh.es\/contacto-3\/\"]<\/p><p>[et_pb_contact_field field_title=\"Name\" field_type=\"input\" field_id=\"Name\" required_mark=\"on\" fullwidth_field=\"off\" form_field_font_select=\"default\" form_field_font=\"||||\" use_border_color=\"off\" border_style=\"solid\"] [\/et_pb_contact_field][et_pb_contact_field field_title=\"Email\" field_type=\"email\" field_id=\"Email\" required_mark=\"on\" fullwidth_field=\"off\" form_field_font_select=\"default\" form_field_font=\"||||\" use_border_color=\"off\" border_style=\"solid\"] [\/et_pb_contact_field][et_pb_contact_field field_id=\"Issue\" field_title=\"Issue\" field_type=\"input\" required_mark=\"on\" fullwidth_field=\"on\" form_field_font_select=\"default\" form_field_font=\"||||\" use_border_color=\"off\" border_style=\"solid\"] [\/et_pb_contact_field][et_pb_contact_field field_title=\"Message\" field_type=\"text\" field_id=\"Message\" required_mark=\"on\" fullwidth_field=\"on\" form_field_font_select=\"default\" form_field_font=\"||||\" use_border_color=\"off\" border_style=\"solid\"] [\/et_pb_contact_field]<\/p><p>[\/et_pb_contact_form][\/et_pb_column][et_pb_column type=\"1_2\"][et_pb_text admin_label=\"Texto\" background_layout=\"light\" text_orientation=\"left\" use_border_color=\"on\" border_color=\"#7a26a8\" border_style=\"solid\" text_font_size=\"18\" text_line_height=\"1.8em\"]<\/p><p style=\"text-align: center;\">Follow us on social network<\/p><p>[\/et_pb_text][et_pb_text admin_label=\"Texto\" background_layout=\"light\" text_orientation=\"left\" use_border_color=\"off\" border_color=\"#7a26a8\" border_style=\"solid\" text_font_size=\"18\" text_line_height=\"1.8em\"]<\/p><p style=\"text-align: left;\"><strong>Instagram:<\/strong> @CIETOYCITOUMH<\/p><p style=\"text-align: left;\"><strong>Twitter<\/strong>: @CIETOYCITOUMH<\/p><p style=\"text-align: left;\"><strong>Facebook:<\/strong> CIETO Y CITO UMH<\/p><p>[\/et_pb_text][\/et_pb_column][\/et_pb_row][\/et_pb_section][:fr][et_pb_section admin_label=\"section\"][et_pb_row admin_label=\"Fila\"][et_pb_column type=\"4_4\"][et_pb_text admin_label=\"Texto\" background_layout=\"light\" text_orientation=\"left\" text_font_size=\"33\" text_text_color=\"#7a26a8\" use_border_color=\"off\" border_color=\"#ffffff\" border_style=\"solid\" text_font=\"|on|||\"]<\/p><p style=\"text-align: center;\"><strong>Contactez-nous<\/strong><\/p><p>[\/et_pb_text][et_pb_text admin_label=\"Texto\" background_layout=\"light\" text_orientation=\"left\" text_text_color=\"#7a26a8\" use_border_color=\"off\" border_color=\"#ffffff\" border_style=\"solid\" text_font_size=\"16\"]<\/p><p style=\"text-align: center;\">Ne restez\u00a0pas avec\u00a0les doutes!<\/p><p>[\/et_pb_text][\/et_pb_column][\/et_pb_row][et_pb_row admin_label=\"row\"][et_pb_column type=\"1_2\"][et_pb_text admin_label=\"Texto\" background_layout=\"light\" text_orientation=\"left\" use_border_color=\"on\" border_color=\"#7a26a8\" border_style=\"solid\" text_font_size=\"18\" text_line_height=\"1.8em\"]<\/p><p>Nous restons \u00e0 votre disposition pour toute information compl\u00e9mentaire.<\/p><p>[\/et_pb_text][et_pb_contact_form admin_label=\"Formulario de contacto\" captcha=\"off\" email=\"presidenta9cieto@gmail.com\" use_redirect=\"on\" success_message=\"Su mensaje ha sido enviado satisfactoriamente.\" input_border_radius=\"0\" use_border_color=\"off\" border_color=\"#ffffff\" border_style=\"solid\" custom_button=\"off\" button_letter_spacing=\"0\" button_use_icon=\"default\" button_icon_placement=\"right\" button_on_hover=\"on\" button_letter_spacing_hover=\"0\" redirect_url=\"http:\/\/congresoterapiaocupacional.umh.es\/contacto-3\/\"]<\/p><p>[et_pb_contact_field field_title=\"Nom\" field_type=\"input\" field_id=\"Name\" required_mark=\"on\" fullwidth_field=\"off\" form_field_font_select=\"default\" form_field_font=\"||||\" use_border_color=\"off\" border_style=\"solid\"] [\/et_pb_contact_field][et_pb_contact_field field_title=\"Email\" field_type=\"email\" field_id=\"Email\" required_mark=\"on\" fullwidth_field=\"off\" form_field_font_select=\"default\" form_field_font=\"||||\" use_border_color=\"off\" border_style=\"solid\"] [\/et_pb_contact_field][et_pb_contact_field field_id=\"Issue\" field_title=\"Sujet\" field_type=\"input\" required_mark=\"on\" fullwidth_field=\"on\" form_field_font_select=\"default\" form_field_font=\"||||\" use_border_color=\"off\" border_style=\"solid\"] [\/et_pb_contact_field][et_pb_contact_field field_title=\"Message\" field_type=\"text\" field_id=\"Message\" required_mark=\"on\" fullwidth_field=\"on\" form_field_font_select=\"default\" form_field_font=\"||||\" use_border_color=\"off\" border_style=\"solid\"] [\/et_pb_contact_field]<\/p><p>[\/et_pb_contact_form][\/et_pb_column][et_pb_column type=\"1_2\"][et_pb_text admin_label=\"Texto\" background_layout=\"light\" text_orientation=\"left\" use_border_color=\"on\" border_color=\"#7a26a8\" border_style=\"solid\" text_font_size=\"18\" text_line_height=\"1.8em\"]<\/p><p>Suivez-nous sur nos r\u00e9seaux sociaux.<\/p><p>[\/et_pb_text][et_pb_text admin_label=\"Texto\" background_layout=\"light\" text_orientation=\"left\" use_border_color=\"off\" border_color=\"#7a26a8\" border_style=\"solid\" text_font_size=\"18\" text_line_height=\"1.8em\"]<\/p><p><strong>Instagram<\/strong>: @CIETOYCITOUMH<\/p><p><strong>Twitter<\/strong>: @CIETOYCITOUMH<\/p><p><strong>Facebook<\/strong>: CIETO Y CITO UMH<\/p><p>[\/et_pb_text][\/et_pb_column][\/et_pb_row][\/et_pb_section][:]<\/p>","_et_gb_content_width":"","_links_to":"","_links_to_target":""},"_links":{"self":[{"href":"https:\/\/congresoterapiaocupacional.umh.es\/fr\/wp-json\/wp\/v2\/pages\/30294"}],"collection":[{"href":"https:\/\/congresoterapiaocupacional.umh.es\/fr\/wp-json\/wp\/v2\/pages"}],"about":[{"href":"https:\/\/congresoterapiaocupacional.umh.es\/fr\/wp-json\/wp\/v2\/types\/page"}],"author":[{"embeddable":true,"href":"https:\/\/congresoterapiaocupacional.umh.es\/fr\/wp-json\/wp\/v2\/users\/23339"}],"replies":[{"embeddable":true,"href":"https:\/\/congresoterapiaocupacional.umh.es\/fr\/wp-json\/wp\/v2\/comments?post=30294"}],"version-history":[{"count":0,"href":"https:\/\/congresoterapiaocupacional.umh.es\/fr\/wp-json\/wp\/v2\/pages\/30294\/revisions"}],"wp:attachment":[{"href":"https:\/\/congresoterapiaocupacional.umh.es\/fr\/wp-json\/wp\/v2\/media?parent=30294"}],"curies":[{"name":"wp","href":"https:\/\/api.w.org\/{rel}","templated":true}]}}