{"id":30273,"date":"2022-11-06T12:21:46","date_gmt":"2022-11-06T12:21:46","guid":{"rendered":"https:\/\/congresoterapiaocupacional.umh.es\/?page_id=30273"},"modified":"2025-11-07T10:42:17","modified_gmt":"2025-11-07T10:42:17","slug":"concours-daffiches","status":"publish","type":"page","link":"https:\/\/congresoterapiaocupacional.umh.es\/fr\/concours-daffiches\/","title":{"rendered":"Concours d&rsquo;affiches"},"content":{"rendered":"<p>[et_pb_section fb_built=\u00a0\u00bb1&Prime; admin_label=\u00a0\u00bbsection\u00a0\u00bb _builder_version=\u00a0\u00bb4.16&Prime; global_colors_info=\u00a0\u00bb{}\u00a0\u00bb][et_pb_row admin_label=\u00a0\u00bbrow\u00a0\u00bb _builder_version=\u00a0\u00bb4.16&Prime; background_size=\u00a0\u00bbinitial\u00a0\u00bb background_position=\u00a0\u00bbtop_left\u00a0\u00bb background_repeat=\u00a0\u00bbrepeat\u00a0\u00bb global_colors_info=\u00a0\u00bb{}\u00a0\u00bb][et_pb_column type=\u00a0\u00bb4_4&Prime; _builder_version=\u00a0\u00bb4.16&Prime; custom_padding=\u00a0\u00bb|||\u00a0\u00bb global_colors_info=\u00a0\u00bb{}\u00a0\u00bb custom_padding__hover=\u00a0\u00bb|||\u00a0\u00bb][et_pb_text _builder_version=\u00a0\u00bb4.17.4&Prime; _module_preset=\u00a0\u00bbdefault\u00a0\u00bb text_text_color=\u00a0\u00bb#8300E9&Prime; text_font_size=\u00a0\u00bb22px\u00a0\u00bb global_colors_info=\u00a0\u00bb{}\u00a0\u00bb]<\/p>\n<h2 style=\"text-align: center\"><span style=\"color: #000000\"><strong>R\u00c8GLEMENT DU CONCOURS D&rsquo;AFFICHES XIII CIETO<\/strong><\/span><\/h2>\n<p>[\/et_pb_text][et_pb_text _builder_version=\u00a0\u00bb4.17.4&Prime; _module_preset=\u00a0\u00bbdefault\u00a0\u00bb text_text_color=\u00a0\u00bb#8300E9&Prime; text_font_size=\u00a0\u00bb16px\u00a0\u00bb global_colors_info=\u00a0\u00bb{}\u00a0\u00bb disabled_on=\u00a0\u00bbon|on|on\u00a0\u00bb disabled=\u00a0\u00bbon\u00a0\u00bb]<\/p>\n<p style=\"text-align: center\"><span style=\"color: #000000\"><strong>Organisation:<\/strong> Congr\u00e8s international des \u00e9tudiants en ergoth\u00e9rapie (CIETO) de l&rsquo;Universit\u00e9 Miguel Hern\u00e1ndez du campus de Sant Joan (Alacant).<\/span><\/p>\n<p style=\"text-align: center\"><span style=\"color: #000000\"><strong>1. Objectif:<\/strong><\/span><br \/><span style=\"color: #000000\"> Le but de ce concours est de s\u00e9lectionner le dessin pour l&rsquo;affiche du XIII CIETO.<\/span><\/p>\n<p style=\"text-align: center\"><span style=\"color: #000000\"><strong>2. Intervenants:<\/strong><\/span><br \/><span style=\"color: #000000\"> Tous ceux qui le souhaitent peuvent participer, qu&rsquo;ils appartiennent ou non au dipl\u00f4me en ergoth\u00e9rapie ou \u00e0 l&rsquo;Universit\u00e9 Miguel Hern\u00e1ndez.<\/span><\/p>\n<p style=\"text-align: center\"><span style=\"color: #000000\">Le participant, par le fait de participer, est reconnu comme le propri\u00e9taire l\u00e9gitime et exclusif de tout type de droit pouvant d\u00e9couler des dessins pr\u00e9sent\u00e9s, exon\u00e9rant l&rsquo;Universit\u00e9 Miguel Hern\u00e1ndez de toute responsabilit\u00e9 \u00e0 leur \u00e9gard.<\/span><\/p>\n<p style=\"text-align: center\"><span style=\"color: #000000\"><strong>3. Dessins:<\/strong><\/span><br \/><span style=\"color: #000000\"> Le participant peut soumettre toutes les conceptions qu&rsquo;il souhaite, tant que le th\u00e8me est li\u00e9 \u00e0 l&rsquo;ergoth\u00e9rapie.<\/span><\/p>\n<p style=\"text-align: center\"><span style=\"color: #000000\">Le design gagnant peut \u00eatre demand\u00e9 de l\u00e9g\u00e8res modifications.<\/span><\/p>\n<p style=\"text-align: center\"><span style=\"color: #000000\">Les dessins doivent \u00eatre des \u0153uvres originales et in\u00e9dites qui n&rsquo;ont pas \u00e9t\u00e9 prim\u00e9es ou repr\u00e9sent\u00e9es dans d&rsquo;autres concours ou comp\u00e9titions.<\/span><\/p>\n<p style=\"text-align: center\"><span style=\"color: #000000\">La conception peut \u00eatre bas\u00e9e sur des dessins, des images, des polices, des mots, des phrases, des chiffres ou tout autre \u00e9l\u00e9ment graphique.<\/span><\/p>\n<p style=\"text-align: center\"><span style=\"color: #000000\">Les affiches doivent comporter les points suivants:<\/span><br \/><span style=\"color: #000000\"> \u25cf Titre (en surbrillance): \u00abXII Congr\u00e8s International des \u00c9tudiants en Ergoth\u00e9rapie\u00bb. OU \u00ab\u00a0XIII CIETO\u00a0\u00bb<\/span><br \/><span style=\"color: #000000\"> \u25cf Date: 8, 9 et 10 mai.<\/span><br \/><span style=\"color: #000000\"> \u25cf Lieu: Salle de r\u00e9union du b\u00e2timent Severo Ochoa sur le campus de San Juan de l&rsquo;UMH.<\/span><br \/><span style=\"color: #000000\"> \u25cf Logos: CIETO, CITO, Universit\u00e9 et Centre de Congr\u00e8s Miguel Hern\u00e1ndez. Formulaires de demande \u00e0 promocion13cieto@gmail.com<\/span><br \/><span style=\"color: #000000\"> \u25cf Forme et dur\u00e9e de pr\u00e9sentation: Les travaux seront pr\u00e9sent\u00e9s en format num\u00e9rique PDF et format modifiable \u00e0 l&#8217;email: promocion13cieto@gmail.com sous le sujet: \u00abCartel CIETO\u00bb. Les donn\u00e9es personnelles de l&rsquo;auteur de l&rsquo;affiche (nom, pr\u00e9noms et num\u00e9ro de t\u00e9l\u00e9phone) doivent figurer dans l&rsquo;e-mail envoy\u00e9. La p\u00e9riode de soumission sera du 11 octobre au 7 novembre 2024.<\/span><\/p>\n<p style=\"text-align: center\"><span style=\"color: #000000\"><strong>4. Publication:<\/strong><\/span><br \/><span style=\"color: #000000\"> Le dessin gagnant sera publi\u00e9 le 11 novembre. Avant cela, l&rsquo;auteur de l&rsquo;\u0153uvre sera personnellement inform\u00e9.<\/span><\/p>\n<p style=\"text-align: center\"><span style=\"color: #000000\"><strong>5. Jury:<\/strong><\/span><br \/><span style=\"color: #000000\"> Les affiches seront \u00e9valu\u00e9es par les conseils d&rsquo;administration du CIETO.<\/span><\/p>\n<p style=\"text-align: center\"><span style=\"color: #000000\"><strong>6. Prix:<\/strong><\/span><br \/><span style=\"color: #000000\"> Le nom du gagnant du concours appara\u00eetra sur le web, les r\u00e9seaux sociaux et divers \u00e9v\u00e9nements en tant que collaborateur sp\u00e9cial du congr\u00e8s en reconnaissance de son travail.<\/span><\/p>\n<p style=\"text-align: center\"><span style=\"color: #000000\">Le laur\u00e9at du prix pourra choisir entre opter pour une bourse pour le CIETO avec participation gratuite au congr\u00e8s ou un pack merchandising.<\/span><\/p>\n<p style=\"text-align: center\"><span style=\"color: #000000\"><strong>7. Obligations des participants:<\/strong><\/span><br \/><span style=\"color: #000000\"> La pr\u00e9sentation au concours implique l&rsquo;autorisation de l&rsquo;auteur de la divulgation de son \u0153uvre par tout moyen de communication et les images qui vont \u00eatre utilis\u00e9es sont d&rsquo;origine libre et non plagi\u00e9es.<\/span><\/p>\n<p style=\"text-align: center\"><span style=\"color: #000000\">En accordant ce prix, les organisateurs acqui\u00e8rent exclusivement tous les droits de reproduction, de distribution, de communication publique et de transformation, ayant le droit d&rsquo;exprimer l&rsquo;\u0153uvre par tout moyen ou support mat\u00e9riel ou immat\u00e9riel, y compris chacune des modalit\u00e9s d&rsquo;exploitation, y compris les droits de reproduction sur tout support ou format, ainsi que les droits de distribution et de communication publique de l&rsquo;\u0153uvre.<\/span><\/p>\n<p style=\"text-align: center\"><span style=\"color: #000000\"><strong>8. Autres dispositions:<\/strong><\/span><br \/><span style=\"color: #000000\"> La participation \u00e0 cet appel implique l&rsquo;acceptation de chacune des dispositions contenues dans ce r\u00e8glement et le respect des d\u00e9cisions du Jury. L&rsquo;organisation se r\u00e9serve le droit d&rsquo;admission pour les \u0153uvres dont le contenu peut \u00eatre controvers\u00e9.<\/span><\/p>\n<p style=\"text-align: center\"><span style=\"color: #000000\"><strong>9. Attention aux participants:<\/strong><\/span><br \/><span style=\"color: #000000\"> Pour toute question ou clarification, vous pouvez nous contacter par e-mail: promocion13cieto@gmail.com<\/span><\/p>\n<p>&nbsp;<\/p>\n<p>[\/et_pb_text][\/et_pb_column][\/et_pb_row][\/et_pb_section]<\/p>\n","protected":false},"excerpt":{"rendered":"<p>R\u00c8GLEMENT DU CONCOURS D&rsquo;AFFICHES XIII CIETOOrganisation: Congr\u00e8s international des \u00e9tudiants en ergoth\u00e9rapie (CIETO) de l&rsquo;Universit\u00e9 Miguel Hern\u00e1ndez du campus de Sant Joan (Alacant). 1. Objectif: Le but de ce concours est de s\u00e9lectionner le dessin pour l&rsquo;affiche du XIII CIETO. 2. Intervenants: Tous ceux qui le souhaitent peuvent participer, qu&rsquo;ils appartiennent ou non au dipl\u00f4me [&hellip;]<\/p>\n","protected":false},"author":23339,"featured_media":0,"parent":0,"menu_order":0,"comment_status":"open","ping_status":"open","template":"","meta":{"_et_pb_use_builder":"on","_et_pb_old_content":"<p>[et_pb_section fb_built=\"1\" admin_label=\"section\" _builder_version=\"4.16\" global_colors_info=\"{}\"][et_pb_row admin_label=\"row\" _builder_version=\"4.16\" background_size=\"initial\" background_position=\"top_left\" background_repeat=\"repeat\" global_colors_info=\"{}\"][et_pb_column type=\"4_4\" _builder_version=\"4.16\" custom_padding=\"|||\" global_colors_info=\"{}\" custom_padding__hover=\"|||\"][et_pb_text _builder_version=\"4.17.4\" _module_preset=\"default\" text_text_color=\"#8300E9\" text_font_size=\"22px\" global_colors_info=\"{}\"]<\/p><p style=\"text-align: center;\"><strong>BASES DEL CONCURSO CARTEL XII CIETO Y VII CITO<\/strong><\/p><p>[\/et_pb_text][et_pb_text _builder_version=\"4.17.4\" _module_preset=\"default\" text_text_color=\"#8300E9\" text_font_size=\"16px\" hover_enabled=\"0\" global_colors_info=\"{}\" sticky_enabled=\"0\"]<\/p><p style=\"text-align: center;\">Organizaci\u00f3n: Congreso Internacional de Estudiantes de Terapia Ocupacional (CIETO) de la Universidad Miguel Hern\u00e1ndez del campus de Sant Joan (Alacant) y Congreso Internacional de Terapeutas Ocupacionales (CITO).<\/p><p style=\"text-align: center;\"><strong>1. Objetivo:<\/strong><br \/>El presente concurso tiene como finalidad la selecci\u00f3n del dise\u00f1o para el cartel del XII CIETO y VII CITO.<\/p><p style=\"text-align: center;\"><strong>2. Participantes:<\/strong><br \/>Podr\u00e1n participar todas aquellas personas que deseen, independientemente de pertenecer o no al grado de Terapia Ocupacional o a la Universidad Miguel Hern\u00e1ndez.<\/p><p style=\"text-align: center;\">El participante por el hecho de participar se reconoce como titular leg\u00edtimo y exclusivo de cualquier tipo de derecho que pudiera derivarse de los dise\u00f1os presentados, eximiendo a la Universidad Miguel Hern\u00e1ndez de cualquier responsabilidad de los mismos.<\/p><p style=\"text-align: center;\"><strong>3. Dise\u00f1os:<\/strong><br \/>El participante podr\u00e1 presentar todos los dise\u00f1os que desee, siempre que la tem\u00e1tica est\u00e9 relacionada con Terapia Ocupacional.<\/p><p style=\"text-align: center;\">Al dise\u00f1o ganador se le podr\u00e1n solicitar ligeros cambios.<\/p><p style=\"text-align: center;\">Los dise\u00f1os deber\u00e1n ser obras originales e in\u00e9ditas que no hayan sido premiadas o representadas en otros cert\u00e1menes o concursos.<\/p><p style=\"text-align: center;\">El dise\u00f1o puede realizarse en base a dibujos, im\u00e1genes, tipograf\u00edas, palabras, frases, n\u00fameros o cualquier otro elemento gr\u00e1fico.<\/p><p style=\"text-align: center;\">Los carteles deber\u00e1n incluir obligatoriamente los siguientes puntos:<br \/>\u25cf T\u00edtulo (destacado): \u201cXII Congreso Internacional de Estudiantes de Terapia Ocupacional y VII Congreso Internacional de Terapia Ocupacional\u201d. O \u201cXII CIETO Y VII CITO\u201d<br \/>\u25cf Fecha: 10, 11 y 12 de mayo.<br \/>\u25cf Lugar: Por determinar.<br \/>\u25cf Logos: CIETO, CITO, Universidad Miguel Hern\u00e1ndez y Centro de congresos. Solicitar formatos a promocioncietoo@gmail.com<br \/>\u25cf Forma y plazo de presentaci\u00f3n: Los trabajos se presentar\u00e1n en soporte digital formato PDF y formato modificable al correo electr\u00f3nico: promocioncietoo@gmail.com bajo el asunto: \u201cCartel CIETO\u201d. En el correo enviado deber\u00e1n incluirse los datos personales del autor del cartel (nombre, apellidos y n\u00famero de tel\u00e9fono). El plazo de presentaci\u00f3n ser\u00e1 desde el d\u00eda 11 de octubre hasta el d\u00eda 7 de noviembre de 2022.<\/p><p style=\"text-align: center;\"><strong>4. Publicaci\u00f3n:<\/strong><br \/>El dise\u00f1o ganador ser\u00e1 publicado el d\u00eda 11 de noviembre. Antes de ello se le comunicar\u00e1 personalmente al autor de la obra.<\/p><p style=\"text-align: center;\"><strong>5. Jurado:<\/strong><br \/>Los carteles ser\u00e1n valorados por las Juntas Directivas del CIETO y CITO.<\/p><p style=\"text-align: center;\"><strong>6. Premios:<\/strong><br \/>El nombre del ganador del concurso constar\u00e1 en web, redes sociales y diversos eventos como colaborador especial del congreso en reconocimiento por su trabajo.<\/p><p style=\"text-align: center;\">El ganador del premio podr\u00e1 elegir entre optar a una beca para el CIETO con asistencia gratuita al congreso o un pack de merchandising.<\/p><p style=\"text-align: center;\"><strong>7. Obligaciones de los participantes:<\/strong><br \/>La presentaci\u00f3n al concurso implica la autorizaci\u00f3n del autor de la divulgaci\u00f3n de su trabajo por cualquier medio de comunicaci\u00f3n y las im\u00e1genes que se vayan a utilizar sean de origen libre y no plagiadas.<\/p><p style=\"text-align: center;\">Mediante el otorgamiento de este premio los organizadores, adquieren en exclusiva todos los derechos para la reproducci\u00f3n, distribuci\u00f3n, comunicaci\u00f3n p\u00fablica y transformaci\u00f3n, teniendo derecho a expresar la obra por cualquier medio o soporte tangible, o intangible, comprendiendo, todas y cada una de las modalidades de explotaci\u00f3n, incluy\u00e9ndose los derechos de reproducci\u00f3n en cualquier soporte o formato, as\u00ed como los derechos de distribuci\u00f3n y comunicaci\u00f3n p\u00fablica de la obra.<\/p><p style=\"text-align: center;\"><strong>8. Otras disposiciones:<\/strong><br \/>La participaci\u00f3n en la presente convocatoria implica aceptar todas y cada una de las disposiciones contenidas en las presentes bases y la conformidad con las decisiones del Jurado. La organizaci\u00f3n se reserva el derecho de admisi\u00f3n para aquellos trabajos cuyo contenido pueda resultar controvertido.<\/p><p style=\"text-align: center;\"><strong>9. Atenci\u00f3n a participantes:<\/strong><br \/>Para cualquier duda o aclaraci\u00f3n se pueden poner en contacto a trav\u00e9s del correo electr\u00f3nico: promocioncietoo@gmail.com<\/p><p>\u00a0<\/p><p>[\/et_pb_text][\/et_pb_column][\/et_pb_row][\/et_pb_section]<\/p>","_et_gb_content_width":"","_links_to":"","_links_to_target":""},"_links":{"self":[{"href":"https:\/\/congresoterapiaocupacional.umh.es\/fr\/wp-json\/wp\/v2\/pages\/30273"}],"collection":[{"href":"https:\/\/congresoterapiaocupacional.umh.es\/fr\/wp-json\/wp\/v2\/pages"}],"about":[{"href":"https:\/\/congresoterapiaocupacional.umh.es\/fr\/wp-json\/wp\/v2\/types\/page"}],"author":[{"embeddable":true,"href":"https:\/\/congresoterapiaocupacional.umh.es\/fr\/wp-json\/wp\/v2\/users\/23339"}],"replies":[{"embeddable":true,"href":"https:\/\/congresoterapiaocupacional.umh.es\/fr\/wp-json\/wp\/v2\/comments?post=30273"}],"version-history":[{"count":0,"href":"https:\/\/congresoterapiaocupacional.umh.es\/fr\/wp-json\/wp\/v2\/pages\/30273\/revisions"}],"wp:attachment":[{"href":"https:\/\/congresoterapiaocupacional.umh.es\/fr\/wp-json\/wp\/v2\/media?parent=30273"}],"curies":[{"name":"wp","href":"https:\/\/api.w.org\/{rel}","templated":true}]}}