{"id":30264,"date":"2022-11-06T12:10:20","date_gmt":"2022-11-06T12:10:20","guid":{"rendered":"https:\/\/congresoterapiaocupacional.umh.es\/?page_id=30264"},"modified":"2026-02-09T11:00:34","modified_gmt":"2026-02-09T11:00:34","slug":"inscriptions","status":"publish","type":"page","link":"https:\/\/congresoterapiaocupacional.umh.es\/fr\/inscriptions\/","title":{"rendered":"Inscriptions"},"content":{"rendered":"<p>[et_pb_section fb_built=\u00a0\u00bb1&Prime; admin_label=\u00a0\u00bbsection\u00a0\u00bb _builder_version=\u00a0\u00bb4.16&Prime; global_colors_info=\u00a0\u00bb{}\u00a0\u00bb][et_pb_row _builder_version=\u00a0\u00bb4.17.4&Prime; _module_preset=\u00a0\u00bbdefault\u00a0\u00bb custom_padding=\u00a0\u00bb|||5px||\u00a0\u00bb global_colors_info=\u00a0\u00bb{}\u00a0\u00bb][et_pb_column type=\u00a0\u00bb4_4&Prime; _builder_version=\u00a0\u00bb4.17.4&Prime; _module_preset=\u00a0\u00bbdefault\u00a0\u00bb global_colors_info=\u00a0\u00bb{}\u00a0\u00bb][et_pb_text _builder_version=\u00a0\u00bb4.17.4&Prime; _module_preset=\u00a0\u00bbdefault\u00a0\u00bb text_font_size=\u00a0\u00bb30px\u00a0\u00bb global_colors_info=\u00a0\u00bb{}\u00a0\u00bb]<\/p>\n<p><strong>Inscriptions<\/strong><\/p>\n<p>[\/et_pb_text][et_pb_image src=\u00a0\u00bbhttps:\/\/congresoterapiaocupacional.umh.es\/files\/2025\/10\/2-1.png\u00a0\u00bb title_text=\u00a0\u00bb2&Prime; disabled_on=\u00a0\u00bbon|on|on\u00a0\u00bb _builder_version=\u00a0\u00bb4.17.4&Prime; _module_preset=\u00a0\u00bbdefault\u00a0\u00bb custom_margin=\u00a0\u00bb|816px||||\u00a0\u00bb disabled=\u00a0\u00bbon\u00a0\u00bb global_colors_info=\u00a0\u00bb{}\u00a0\u00bb][\/et_pb_image][\/et_pb_column][\/et_pb_row][et_pb_row disabled_on=\u00a0\u00bboff|off|off\u00a0\u00bb admin_label=\u00a0\u00bbrow\u00a0\u00bb _builder_version=\u00a0\u00bb4.16&Prime; background_size=\u00a0\u00bbinitial\u00a0\u00bb background_position=\u00a0\u00bbtop_left\u00a0\u00bb background_repeat=\u00a0\u00bbrepeat\u00a0\u00bb global_colors_info=\u00a0\u00bb{}\u00a0\u00bb][et_pb_column type=\u00a0\u00bb4_4&Prime; _builder_version=\u00a0\u00bb4.16&Prime; custom_padding=\u00a0\u00bb|||\u00a0\u00bb global_colors_info=\u00a0\u00bb{}\u00a0\u00bb custom_padding__hover=\u00a0\u00bb|||\u00a0\u00bb][et_pb_text _builder_version=\u00a0\u00bb4.17.4&Prime; _module_preset=\u00a0\u00bbdefault\u00a0\u00bb background_color=\u00a0\u00bb#ffeaea\u00a0\u00bb global_colors_info=\u00a0\u00bb{}\u00a0\u00bb]<\/p>\n<table style=\"border-collapse: collapse;width: 100%\" border=\"1\">\n<tbody>\n<tr>\n<td style=\"width: 20%;text-align: center\"><strong>CIETO 2026\u00a0<\/strong><\/td>\n<td style=\"width: 20%;text-align: center\"><\/td>\n<td style=\"width: 20%;text-align: center\"><\/td>\n<td style=\"width: 20%;text-align: center\"><\/td>\n<td style=\"width: 10%;text-align: center\"><\/td>\n<td style=\"width: 10%;text-align: center\"><\/td>\n<\/tr>\n<tr>\n<td style=\"width: 20%\"><\/td>\n<td style=\"width: 20%;text-align: center\"><strong>Jusqu&rsquo;au 01\/02\/2026<\/strong><\/td>\n<td style=\"width: 20%;text-align: center\"><strong>Au 02\/02\/2026 al 01\/03\/2026<\/strong><\/td>\n<td style=\"width: 20%;text-align: center\"><strong>Au 02\/03\/2026 al 01\/04\/2026<\/strong><\/td>\n<td style=\"width: 10%;text-align: center\"><strong>Au 02\/04\/2026 al 03\/05\/2026<\/strong><\/td>\n<td style=\"width: 10%;text-align: center\"><strong>\u00a0A partir 04\/05\/2026<\/strong><\/td>\n<\/tr>\n<tr>\n<td style=\"width: 20%\"><strong>\u00c9tudiant de premier cycle (1\u00ba)<\/strong><\/td>\n<td style=\"width: 20%;text-align: center\">25\u20ac<\/td>\n<td style=\"width: 20%;text-align: center\">25\u20ac<\/td>\n<td style=\"width: 20%;text-align: center\">25\u20ac<\/td>\n<td style=\"width: 10%;text-align: center\">30\u20ac<\/td>\n<td style=\"width: 10%;text-align: center\">35\u20ac<\/td>\n<\/tr>\n<tr>\n<td style=\"width: 20%\"><strong>Organisateur \u00e9tudiant<\/strong><\/td>\n<td style=\"width: 20%;text-align: center\">40\u20ac<\/td>\n<td style=\"width: 20%;text-align: center\">45\u20ac<\/td>\n<td style=\"width: 20%;text-align: center\">50\u20ac<\/td>\n<td style=\"width: 10%;text-align: center\">55\u20ac<\/td>\n<td style=\"width: 10%;text-align: center\">60\u20ac<\/td>\n<\/tr>\n<tr>\n<td style=\"width: 20%\"><strong> \u00c9tudiant de premier cycle (2\u00ba, 3\u00baet 4\u00ba)<\/strong><\/td>\n<td style=\"width: 20%;text-align: center\">45\u20ac<\/td>\n<td style=\"width: 20%;text-align: center\">50\u20ac<\/td>\n<td style=\"width: 20%;text-align: center\">55\u20ac<\/td>\n<td style=\"width: 10%;text-align: center\">65\u20ac<\/td>\n<td style=\"width: 10%;text-align: center\">70\u20ac<\/td>\n<\/tr>\n<tr>\n<td style=\"width: 20%\"><strong>\u00c9tudiant de premier cycle (2\u00ba, 3\u00ba et 4\u00ba) avec communication (1er auteur)\u00a0<\/strong><\/td>\n<td style=\"width: 20%;text-align: center\">30\u20ac<\/td>\n<td style=\"width: 20%;text-align: center\">35\u20ac<\/td>\n<td style=\"width: 20%;text-align: center\">40\u20ac<\/td>\n<td style=\"width: 10%;text-align: center\">50\u20ac<\/td>\n<td style=\"width: 10%;text-align: center\">55\u20ac<\/td>\n<\/tr>\n<\/tbody>\n<\/table>\n<p>&nbsp;<\/p>\n<p>&nbsp;<\/p>\n<p>[\/et_pb_text][et_pb_text _builder_version=\u00a0\u00bb4.17.4&Prime; _module_preset=\u00a0\u00bbdefault\u00a0\u00bb global_colors_info=\u00a0\u00bb{}\u00a0\u00bb]<\/p>\n<ul>\n<li><strong>Responsable:<\/strong> Universit\u00e9 Miguel Hern\u00e1ndez d&rsquo;Elche.<\/li>\n<li><strong>Objet:<\/strong> G\u00e9rer l&rsquo;inscription et le d\u00e9veloppement du CONGR\u00c8S INTERNATIONAL DES \u00c9TUDIANTS EN ERGOTH\u00c9RAPIE de l&rsquo;UMH.<\/li>\n<li><strong>L\u00e9gitimation:<\/strong> Art.6.1.e) RGPD : le traitement est n\u00e9cessaire \u00e0 l&rsquo;accomplissement d&rsquo;une mission effectu\u00e9e dans l&rsquo;int\u00e9r\u00eat public ou dans l&rsquo;exercice des pouvoirs publics conf\u00e9r\u00e9s \u00e0 la personne qui en est responsable. Art.6.1.a)<\/li>\n<li><strong>Affectations\/transferts internationaux:<\/strong> Il est rapport\u00e9 que l&rsquo;\u00e9v\u00e9nement sera diffus\u00e9 en personne.<\/li>\n<li><strong>Droits:<\/strong> acc\u00e9der, rectifier et supprimer les donn\u00e9es, ainsi que d&rsquo;autres droits, comme expliqu\u00e9 dans les informations compl\u00e9mentaires.<\/li>\n<li><strong>Comment m&rsquo;inscrire?<\/strong> Pr\u00e9-inscrivez-vous en envoyant vos informations et cr\u00e9ez un formulaire d&rsquo;inscription. Pour cela, cliquez sur le bouton suivant:<\/li>\n<\/ul>\n<p>[\/et_pb_text][et_pb_button button_url=\u00a0\u00bbhttps:\/\/universite.umh.es\/fpogestion\/aspx\/Preinscripcion\/Preinscripcion.aspx\u00a0\u00bb button_text=\u00a0\u00bbINSCRIPTION G\u00c9N\u00c9RALE\u00a0\u00bb _builder_version=\u00a0\u00bb4.17.4&Prime; _module_preset=\u00a0\u00bbdefault\u00a0\u00bb global_colors_info=\u00a0\u00bb{}\u00a0\u00bb][\/et_pb_button][et_pb_text _builder_version=\u00a0\u00bb4.17.4&Prime; _module_preset=\u00a0\u00bbdefault\u00a0\u00bb global_colors_info=\u00a0\u00bb{}\u00a0\u00bb]<\/p>\n<p><b><strong>QUE COMPREND L&rsquo;INSCRIPTION AU XIII CIETO ?<\/strong><\/b><\/p>\n<p>Possibilit\u00e9 de voir toutes les pr\u00e9sentations en cours<\/p>\n<p>Participation aux ateliers<\/p>\n<p>La pochette du congr\u00e8s<\/p>\n<p>[\/et_pb_text][et_pb_text disabled_on=\u00a0\u00bbon|on|on\u00a0\u00bb _builder_version=\u00a0\u00bb4.17.4&Prime; _module_preset=\u00a0\u00bbdefault\u00a0\u00bb disabled=\u00a0\u00bbon\u00a0\u00bb global_colors_info=\u00a0\u00bb{}\u00a0\u00bb]<\/p>\n<p>qui comprend :<\/p>\n<ul>\n<li>Cahier et stylo<\/li>\n<li>Bouteille en aluminium<\/li>\n<li>Cl\u00e9 USB<\/li>\n<li>Signet COTOCV<\/li>\n<li>Crayon CIETO-CITO<\/li>\n<li>Autocollant pour conversations diverses<\/li>\n<li>Kit d&rsquo;attelle de doigt<\/li>\n<\/ul>\n<p>[\/et_pb_text][\/et_pb_column][\/et_pb_row][\/et_pb_section]<\/p>\n","protected":false},"excerpt":{"rendered":"<p>Inscriptions CIETO 2026\u00a0 Jusqu&rsquo;au 01\/02\/2026 Au 02\/02\/2026 al 01\/03\/2026 Au 02\/03\/2026 al 01\/04\/2026 Au 02\/04\/2026 al 03\/05\/2026 \u00a0A partir 04\/05\/2026 \u00c9tudiant de premier cycle (1\u00ba) 25\u20ac 25\u20ac 25\u20ac 30\u20ac 35\u20ac Organisateur \u00e9tudiant 40\u20ac 45\u20ac 50\u20ac 55\u20ac 60\u20ac \u00c9tudiant de premier cycle (2\u00ba, 3\u00baet 4\u00ba) 45\u20ac 50\u20ac 55\u20ac 65\u20ac 70\u20ac \u00c9tudiant de premier cycle (2\u00ba, 3\u00ba [&hellip;]<\/p>\n","protected":false},"author":23339,"featured_media":0,"parent":0,"menu_order":0,"comment_status":"open","ping_status":"open","template":"","meta":{"_et_pb_use_builder":"on","_et_pb_old_content":"<p>[et_pb_section fb_built=\"1\" admin_label=\"section\" _builder_version=\"4.16\" global_colors_info=\"{}\"][et_pb_row admin_label=\"row\" _builder_version=\"4.16\" background_size=\"initial\" background_position=\"top_left\" background_repeat=\"repeat\" global_colors_info=\"{}\"][et_pb_column type=\"4_4\" _builder_version=\"4.16\" custom_padding=\"|||\" global_colors_info=\"{}\" custom_padding__hover=\"|||\"][et_pb_image _builder_version=\"4.17.4\" _module_preset=\"default\" title_text=\"pr\u00f3ximamnete\" src=\"https:\/\/congresoterapiaocupacional.umh.es\/files\/2019\/09\/pr\u00f3ximamnete.png\" background_color=\"#FFFFFF\" align=\"center\" force_fullwidth=\"on\" animation_style=\"bounce\" hover_enabled=\"0\" sticky_enabled=\"0\"][\/et_pb_image][\/et_pb_column][\/et_pb_row][\/et_pb_section]<\/p>","_et_gb_content_width":"","_links_to":"","_links_to_target":""},"_links":{"self":[{"href":"https:\/\/congresoterapiaocupacional.umh.es\/fr\/wp-json\/wp\/v2\/pages\/30264"}],"collection":[{"href":"https:\/\/congresoterapiaocupacional.umh.es\/fr\/wp-json\/wp\/v2\/pages"}],"about":[{"href":"https:\/\/congresoterapiaocupacional.umh.es\/fr\/wp-json\/wp\/v2\/types\/page"}],"author":[{"embeddable":true,"href":"https:\/\/congresoterapiaocupacional.umh.es\/fr\/wp-json\/wp\/v2\/users\/23339"}],"replies":[{"embeddable":true,"href":"https:\/\/congresoterapiaocupacional.umh.es\/fr\/wp-json\/wp\/v2\/comments?post=30264"}],"version-history":[{"count":0,"href":"https:\/\/congresoterapiaocupacional.umh.es\/fr\/wp-json\/wp\/v2\/pages\/30264\/revisions"}],"wp:attachment":[{"href":"https:\/\/congresoterapiaocupacional.umh.es\/fr\/wp-json\/wp\/v2\/media?parent=30264"}],"curies":[{"name":"wp","href":"https:\/\/api.w.org\/{rel}","templated":true}]}}