{"id":30258,"date":"2022-11-06T12:08:14","date_gmt":"2022-11-06T12:08:14","guid":{"rendered":"https:\/\/congresoterapiaocupacional.umh.es\/?page_id=30258"},"modified":"2025-10-19T22:53:28","modified_gmt":"2025-10-19T22:53:28","slug":"prix","status":"publish","type":"page","link":"https:\/\/congresoterapiaocupacional.umh.es\/fr\/prix\/","title":{"rendered":"Prix"},"content":{"rendered":"<p>[et_pb_section fb_built=\u00a0\u00bb1&Prime; admin_label=\u00a0\u00bbsection\u00a0\u00bb _builder_version=\u00a0\u00bb4.16&Prime; global_colors_info=\u00a0\u00bb{}\u00a0\u00bb][et_pb_row admin_label=\u00a0\u00bbFila\u00a0\u00bb _builder_version=\u00a0\u00bb4.16&Prime; background_size=\u00a0\u00bbinitial\u00a0\u00bb background_position=\u00a0\u00bbtop_left\u00a0\u00bb background_repeat=\u00a0\u00bbrepeat\u00a0\u00bb global_colors_info=\u00a0\u00bb{}\u00a0\u00bb disabled_on=\u00a0\u00bbon|on|on\u00a0\u00bb disabled=\u00a0\u00bbon\u00a0\u00bb][et_pb_column type=\u00a0\u00bb4_4&Prime; _builder_version=\u00a0\u00bb4.16&Prime; custom_padding=\u00a0\u00bb|||\u00a0\u00bb global_colors_info=\u00a0\u00bb{}\u00a0\u00bb custom_padding__hover=\u00a0\u00bb|||\u00a0\u00bb][et_pb_text _builder_version=\u00a0\u00bb4.17.4&Prime; _module_preset=\u00a0\u00bbdefault\u00a0\u00bb global_colors_info=\u00a0\u00bb{}\u00a0\u00bb]<\/p>\n<table style=\"border-collapse: collapse;width: 100%;height: 92px\" border=\"1\">\n<tbody>\n<tr style=\"height: 23px\">\n<td style=\"width: 25%;height: 23px;text-align: center\" colspan=\"4\"><span style=\"color: #0000ff\"><strong>PRIX DE LA COMMUNICATION ORALE CIETO<\/strong><\/span><\/td>\n<\/tr>\n<tr style=\"height: 23px\">\n<td style=\"width: 25%;height: 23px;text-align: center\"><strong><span style=\"color: #0000ff\">1\u00ba<\/span><\/strong><\/td>\n<td style=\"width: 25%;height: 23px\" colspan=\"3\"><strong>-Livre \u00ab Aquatic Therapy : Aquatic Therapy : Approaches from physiotherapy, occupational therapy and speech therapy, 2e \u00bb (Elsevier).<\/strong><br \/><strong> &#8211; Coll\u00e8ge officiel pr\u00e9coll\u00e9gial des ergoth\u00e9rapeutes de la Communaut\u00e9 valencienne<\/strong><br \/><strong> (COTOCV)<\/strong><br \/><strong> &#8211; Monographie sur l&rsquo;int\u00e9gration sensorielle du Centre de stimulation infantile de Barcelone (CEIB)<\/strong><br \/><strong> &#8211; Enregistrement CIETO\/CITO prochaine \u00e9dition 2025<\/strong><\/td>\n<\/tr>\n<tr style=\"height: 23px\">\n<td style=\"width: 25%;height: 23px;text-align: center\"><strong><span style=\"color: #0000ff\">2\u00ba<\/span><\/strong><\/td>\n<td style=\"width: 25%;height: 23px\" colspan=\"3\"><strong>-Livre \u00ab L&rsquo;int\u00e9gration sensorielle chez l&rsquo;enfant : les d\u00e9fis sensoriels cach\u00e9s \u00bb (TEA Ediciones)<\/strong><br \/><strong>&#8211; Monographie sur l&rsquo;int\u00e9gration sensorielle du Centre de stimulation infantile de Barcelone (CEIB)<\/strong><br \/><strong>&#8211; Enregistrement CIETO\/CITO prochaine \u00e9dition 2025<\/strong><\/td>\n<\/tr>\n<tr style=\"height: 23px\">\n<td style=\"width: 25%;height: 23px;text-align: center\"><strong><span style=\"color: #0000ff\">3\u00ba<\/span><\/strong><\/td>\n<td style=\"width: 25%;height: 23px\" colspan=\"3\"><strong>-Tasse de l&rsquo;UMH<\/strong><br \/><strong>&#8211; Guia de Recomanacions per a un Llenguatge No Sexista i Inclusiu\u00a0\u00bb, UMH<\/strong><br \/><strong>&#8211; Enregistrement CIETO\/CITO prochaine \u00e9dition 2025<\/strong><\/td>\n<\/tr>\n<\/tbody>\n<\/table>\n<p>&nbsp;<\/p>\n<table style=\"border-collapse: collapse\" border=\"1\">\n<tbody>\n<tr style=\"height: 23px\">\n<td style=\"width: 25%;height: 23px;text-align: center\" colspan=\"4\"><span style=\"color: #0000ff\"><strong>PRIX DU POSTER CIETO<\/strong><\/span><\/td>\n<\/tr>\n<tr style=\"height: 23px\">\n<td style=\"width: 25%;height: 23px;text-align: center\"><strong><span style=\"color: #0000ff\">1\u00ba<\/span><\/strong><\/td>\n<td style=\"width: 25%;height: 23px\" colspan=\"3\"><strong>-Livre \u00ab Fundamentals of Occupational Therapy Practice, 6e \u00bb (Elsevier)<\/strong><br \/><strong> &#8211; Coll\u00e8ge officiel pr\u00e9coll\u00e9gial des ergoth\u00e9rapeutes de la Communaut\u00e9 valencienne<\/strong><br \/><strong> (COTOCV)<\/strong><br \/><strong> &#8211; Monographie sur l&rsquo;int\u00e9gration sensorielle du Centre de stimulation infantile de Barcelone (CEIB)<\/strong><br \/><strong> &#8211; Enregistrement CIETO\/CITO prochaine \u00e9dition 2025<\/strong><\/td>\n<\/tr>\n<tr style=\"height: 23px\">\n<td style=\"width: 25%;height: 23px;text-align: center\"><strong><span style=\"color: #0000ff\">2\u00ba<\/span><\/strong><\/td>\n<td style=\"width: 25%;height: 23px\" colspan=\"3\"><strong>-Livre \u00ab L&rsquo;int\u00e9gration sensorielle chez l&rsquo;enfant : les d\u00e9fis sensoriels cach\u00e9s \u00bb (TEA Ediciones)<\/strong><br \/><strong>&#8211; Monographie sur l&rsquo;int\u00e9gration sensorielle du Centre de stimulation infantile de Barcelone (CEIB)<\/strong><br \/><strong>&#8211; Enregistrement CIETO\/CITO prochaine \u00e9dition 2025<\/strong><\/td>\n<\/tr>\n<tr style=\"height: 23px\">\n<td style=\"width: 25%;height: 23px;text-align: center\"><strong><span style=\"color: #0000ff\">3\u00ba<\/span><\/strong><\/td>\n<td style=\"width: 25%;height: 23px\" colspan=\"3\"><strong>-Tasse de l&rsquo;UMH<\/strong><br \/><strong>&#8211; Guia de Recomanacions per a un Llenguatge No Sexista i Inclusiu\u00a0\u00bb, UMH<\/strong><br \/><strong>&#8211; Enregistrement CIETO\/CITO prochaine \u00e9dition 2025<\/strong><\/td>\n<\/tr>\n<\/tbody>\n<\/table>\n<p>[\/et_pb_text][\/et_pb_column][\/et_pb_row][et_pb_row _builder_version=\u00a0\u00bb4.17.4&Prime; _module_preset=\u00a0\u00bbdefault\u00a0\u00bb][et_pb_column _builder_version=\u00a0\u00bb4.17.4&Prime; _module_preset=\u00a0\u00bbdefault\u00a0\u00bb type=\u00a0\u00bb4_4&Prime;][et_pb_image src=\u00a0\u00bbhttps:\/\/congresoterapiaocupacional.umh.es\/files\/2025\/10\/2-1.png\u00a0\u00bb _builder_version=\u00a0\u00bb4.17.4&Prime; _module_preset=\u00a0\u00bbdefault\u00a0\u00bb title_text=\u00a0\u00bb2&Prime; hover_enabled=\u00a0\u00bb0&Prime; sticky_enabled=\u00a0\u00bb0&Prime;][\/et_pb_image][\/et_pb_column][\/et_pb_row][\/et_pb_section]<\/p>\n","protected":false},"excerpt":{"rendered":"<p>PRIX DE LA COMMUNICATION ORALE CIETO 1\u00ba -Livre \u00ab Aquatic Therapy : Aquatic Therapy : Approaches from physiotherapy, occupational therapy and speech therapy, 2e \u00bb (Elsevier). &#8211; Coll\u00e8ge officiel pr\u00e9coll\u00e9gial des ergoth\u00e9rapeutes de la Communaut\u00e9 valencienne (COTOCV) &#8211; Monographie sur l&rsquo;int\u00e9gration sensorielle du Centre de stimulation infantile de Barcelone (CEIB) &#8211; Enregistrement CIETO\/CITO prochaine \u00e9dition [&hellip;]<\/p>\n","protected":false},"author":23339,"featured_media":0,"parent":0,"menu_order":0,"comment_status":"open","ping_status":"open","template":"","meta":{"_et_pb_use_builder":"on","_et_pb_old_content":"<p>[et_pb_section fb_built=\"1\" admin_label=\"section\" _builder_version=\"4.16\" global_colors_info=\"{}\"][et_pb_row admin_label=\"Fila\" _builder_version=\"4.16\" background_size=\"initial\" background_position=\"top_left\" background_repeat=\"repeat\" global_colors_info=\"{}\"][et_pb_column type=\"4_4\" _builder_version=\"4.16\" custom_padding=\"|||\" global_colors_info=\"{}\" custom_padding__hover=\"|||\"][et_pb_image src=\"https:\/\/congresoterapiaocupacional.umh.es\/files\/2019\/09\/pr\u00f3ximamnete.png\" title_text=\"pr\u00f3ximamnete\" align=\"center\" force_fullwidth=\"on\" _builder_version=\"4.17.4\" _module_preset=\"default\" background_color=\"#FFFFFF\" animation_style=\"bounce\" global_colors_info=\"{}\"][\/et_pb_image][\/et_pb_column][\/et_pb_row][\/et_pb_section]<\/p>","_et_gb_content_width":"","_links_to":"","_links_to_target":""},"_links":{"self":[{"href":"https:\/\/congresoterapiaocupacional.umh.es\/fr\/wp-json\/wp\/v2\/pages\/30258"}],"collection":[{"href":"https:\/\/congresoterapiaocupacional.umh.es\/fr\/wp-json\/wp\/v2\/pages"}],"about":[{"href":"https:\/\/congresoterapiaocupacional.umh.es\/fr\/wp-json\/wp\/v2\/types\/page"}],"author":[{"embeddable":true,"href":"https:\/\/congresoterapiaocupacional.umh.es\/fr\/wp-json\/wp\/v2\/users\/23339"}],"replies":[{"embeddable":true,"href":"https:\/\/congresoterapiaocupacional.umh.es\/fr\/wp-json\/wp\/v2\/comments?post=30258"}],"version-history":[{"count":0,"href":"https:\/\/congresoterapiaocupacional.umh.es\/fr\/wp-json\/wp\/v2\/pages\/30258\/revisions"}],"wp:attachment":[{"href":"https:\/\/congresoterapiaocupacional.umh.es\/fr\/wp-json\/wp\/v2\/media?parent=30258"}],"curies":[{"name":"wp","href":"https:\/\/api.w.org\/{rel}","templated":true}]}}