{"id":30240,"date":"2022-11-06T12:01:03","date_gmt":"2022-11-06T12:01:03","guid":{"rendered":"https:\/\/congresoterapiaocupacional.umh.es\/?page_id=30240"},"modified":"2025-10-19T22:47:53","modified_gmt":"2025-10-19T22:47:53","slug":"tableau-dexperience","status":"publish","type":"page","link":"https:\/\/congresoterapiaocupacional.umh.es\/fr\/tableau-dexperience\/","title":{"rendered":"Tableau d&rsquo;exp\u00e9rience"},"content":{"rendered":"<p>[et_pb_section fb_built=\u00a0\u00bb1&Prime; admin_label=\u00a0\u00bbsection\u00a0\u00bb _builder_version=\u00a0\u00bb4.16&Prime; global_colors_info=\u00a0\u00bb{}\u00a0\u00bb][et_pb_row admin_label=\u00a0\u00bbrow\u00a0\u00bb _builder_version=\u00a0\u00bb4.16&Prime; background_size=\u00a0\u00bbinitial\u00a0\u00bb background_position=\u00a0\u00bbtop_left\u00a0\u00bb background_repeat=\u00a0\u00bbrepeat\u00a0\u00bb global_colors_info=\u00a0\u00bb{}\u00a0\u00bb][et_pb_column type=\u00a0\u00bb4_4&Prime; _builder_version=\u00a0\u00bb4.16&Prime; custom_padding=\u00a0\u00bb|||\u00a0\u00bb global_colors_info=\u00a0\u00bb{}\u00a0\u00bb custom_padding__hover=\u00a0\u00bb|||\u00a0\u00bb][et_pb_text _builder_version=\u00a0\u00bb4.17.4&Prime; _module_preset=\u00a0\u00bbdefault\u00a0\u00bb text_font_size=\u00a0\u00bb25px\u00a0\u00bb global_colors_info=\u00a0\u00bb{}\u00a0\u00bb]<\/p>\n<p style=\"text-align: center\"><strong>TABLEAUX D&rsquo;EXPERIENCE<\/strong><\/p>\n<p>[\/et_pb_text][et_pb_image src=\u00a0\u00bbhttps:\/\/congresoterapiaocupacional.umh.es\/files\/2025\/10\/2-1.png\u00a0\u00bb _builder_version=\u00a0\u00bb4.17.4&Prime; _module_preset=\u00a0\u00bbdefault\u00a0\u00bb title_text=\u00a0\u00bb2&Prime; hover_enabled=\u00a0\u00bb0&Prime; sticky_enabled=\u00a0\u00bb0&Prime;][\/et_pb_image][\/et_pb_column][\/et_pb_row][et_pb_row column_structure=\u00a0\u00bb1_2,1_2&Prime; _builder_version=\u00a0\u00bb4.17.4&Prime; _module_preset=\u00a0\u00bbdefault\u00a0\u00bb global_colors_info=\u00a0\u00bb{}\u00a0\u00bb disabled_on=\u00a0\u00bbon|on|on\u00a0\u00bb disabled=\u00a0\u00bbon\u00a0\u00bb][et_pb_column type=\u00a0\u00bb1_2&Prime; _builder_version=\u00a0\u00bb4.17.4&Prime; _module_preset=\u00a0\u00bbdefault\u00a0\u00bb global_colors_info=\u00a0\u00bb{}\u00a0\u00bb][et_pb_text _builder_version=\u00a0\u00bb4.17.4&Prime; _module_preset=\u00a0\u00bbdefault\u00a0\u00bb global_colors_info=\u00a0\u00bb{}\u00a0\u00bb]<\/p>\n<p><strong>TABLEAU D&rsquo;EXPERIENCE I: \u00ab\u00a0INFLUENCERS\u00a0\u00bb<\/strong><\/p>\n<p>Intervenants:<\/p>\n<ul>\n<li>Nuria Jord\u00e0 accompagn\u00e9 de son ergoth\u00e9rapeute<\/li>\n<li>Macarena Romero, ergoth\u00e9rapeute et influenceur<\/li>\n<li>Regina Mart\u00ednez, ergoth\u00e9rapeute et influenceur<\/li>\n<\/ul>\n<p>Mod\u00e9rateur:<\/p>\n<ul>\n<li>A d\u00e9terminer<\/li>\n<\/ul>\n<p>[\/et_pb_text][et_pb_text _builder_version=\u00a0\u00bb4.17.4&Prime; _module_preset=\u00a0\u00bbdefault\u00a0\u00bb global_colors_info=\u00a0\u00bb{}\u00a0\u00bb]<\/p>\n<p><strong>TABLEAU D&rsquo;EXPERIENCE III: \u00ab\u00a0ADIEM\u00a0\u00bb<\/strong><\/p>\n<p>Intervenants:<\/p>\n<ul>\n<li>ADIEM Fondation<\/li>\n<\/ul>\n<p>Mod\u00e9rateur:<\/p>\n<ul>\n<li>A d\u00e9terminer<\/li>\n<\/ul>\n<p>[\/et_pb_text][\/et_pb_column][et_pb_column type=\u00a0\u00bb1_2&Prime; _builder_version=\u00a0\u00bb4.17.4&Prime; _module_preset=\u00a0\u00bbdefault\u00a0\u00bb global_colors_info=\u00a0\u00bb{}\u00a0\u00bb][et_pb_text _builder_version=\u00a0\u00bb4.17.4&Prime; _module_preset=\u00a0\u00bbdefault\u00a0\u00bb global_colors_info=\u00a0\u00bb{}\u00a0\u00bb]<\/p>\n<p><strong>TABLEAU D&rsquo;EXPERIENCE II: \u00ab\u00a0CONVERSATION DIRECTE\u00a0\u00bb<\/strong><\/p>\n<p>Intervenants:<\/p>\n<ul>\n<li>Tayza Eltoro<\/li>\n<li>Aitana L\u00f3pez<\/li>\n<li>Antonio L\u00f3pez<\/li>\n<li>Gemma Peir\u00f3<\/li>\n<li>Paloma Arias<\/li>\n<\/ul>\n<p>Mod\u00e9rateur:<\/p>\n<ul>\n<li>A d\u00e9terminer<\/li>\n<\/ul>\n<p>R\u00e9sum\u00e9:<\/p>\n<p>Diverse Conversation est un podcast amusant mettant en vedette 4 adolescents qui m\u00e8nent une \u00e9ducation sexuelle affective du point de vue des personnes handicap\u00e9es. Notre podcast couvre des sujets aussi divers que le droit de fonder une famille, le consentement ou les fr\u00e9quentations, entre autres. Notre intervention au CIETO consiste \u00e0 cr\u00e9er un espace confortable et s\u00fbr o\u00f9 nous pouvons partager notre vision et notre exp\u00e9rience dans ce domaine avec les participants de mani\u00e8re proche et amusante. En plus d&rsquo;exposer comment ce projet, guid\u00e9 du point de vue de l&rsquo;ergoth\u00e9rapie, a r\u00e9ussi \u00e0 am\u00e9liorer diff\u00e9rentes capacit\u00e9s personnelles de ses participants \u00e0 travers une activit\u00e9 significative : la participation \u00e0 une \u00e9mission de radio.<\/p>\n<p>[\/et_pb_text][et_pb_text _builder_version=\u00a0\u00bb4.17.4&Prime; _module_preset=\u00a0\u00bbdefault\u00a0\u00bb global_colors_info=\u00a0\u00bb{}\u00a0\u00bb]<\/p>\n<p><strong>TABLEAU D&rsquo;EXPERIENCE IV: \u00ab\u00a0PENITENTIAIRE\u00a0\u00bb<\/strong><\/p>\n<p>Intervenants:<\/p>\n<ul>\n<li>\u00a0Maria Jos\u00e9 Ruano<\/li>\n<\/ul>\n<p>Mod\u00e9rateur:<\/p>\n<ul>\n<li>A d\u00e9terminer<\/li>\n<\/ul>\n<p>[\/et_pb_text][\/et_pb_column][\/et_pb_row][\/et_pb_section]<\/p>\n","protected":false},"excerpt":{"rendered":"<p>TABLEAUX D&rsquo;EXPERIENCETABLEAU D&rsquo;EXPERIENCE I: \u00ab\u00a0INFLUENCERS\u00a0\u00bb Intervenants: Nuria Jord\u00e0 accompagn\u00e9 de son ergoth\u00e9rapeute Macarena Romero, ergoth\u00e9rapeute et influenceur Regina Mart\u00ednez, ergoth\u00e9rapeute et influenceur Mod\u00e9rateur: A d\u00e9terminer TABLEAU D&rsquo;EXPERIENCE III: \u00ab\u00a0ADIEM\u00a0\u00bb Intervenants: ADIEM Fondation Mod\u00e9rateur: A d\u00e9terminer TABLEAU D&rsquo;EXPERIENCE II: \u00ab\u00a0CONVERSATION DIRECTE\u00a0\u00bb Intervenants: Tayza Eltoro Aitana L\u00f3pez Antonio L\u00f3pez Gemma Peir\u00f3 Paloma Arias Mod\u00e9rateur: A d\u00e9terminer R\u00e9sum\u00e9: [&hellip;]<\/p>\n","protected":false},"author":23339,"featured_media":0,"parent":0,"menu_order":0,"comment_status":"open","ping_status":"closed","template":"","meta":{"_et_pb_use_builder":"on","_et_pb_old_content":"<p>[et_pb_section fb_built=\"1\" admin_label=\"section\" _builder_version=\"4.16\" global_colors_info=\"{}\"][et_pb_row admin_label=\"row\" _builder_version=\"4.16\" background_size=\"initial\" background_position=\"top_left\" background_repeat=\"repeat\" global_colors_info=\"{}\"][et_pb_column type=\"4_4\" _builder_version=\"4.16\" custom_padding=\"|||\" global_colors_info=\"{}\" custom_padding__hover=\"|||\"][et_pb_image src=\"https:\/\/congresoterapiaocupacional.umh.es\/files\/2019\/09\/pr\u00f3ximamnete.png\" title_text=\"pr\u00f3ximamnete\" align=\"center\" force_fullwidth=\"on\" _builder_version=\"4.17.4\" _module_preset=\"default\" background_color=\"#FFFFFF\" animation_style=\"bounce\" hover_enabled=\"0\" global_colors_info=\"{}\" sticky_enabled=\"0\"][\/et_pb_image][\/et_pb_column][\/et_pb_row][\/et_pb_section]<\/p>","_et_gb_content_width":"","_links_to":"","_links_to_target":""},"_links":{"self":[{"href":"https:\/\/congresoterapiaocupacional.umh.es\/fr\/wp-json\/wp\/v2\/pages\/30240"}],"collection":[{"href":"https:\/\/congresoterapiaocupacional.umh.es\/fr\/wp-json\/wp\/v2\/pages"}],"about":[{"href":"https:\/\/congresoterapiaocupacional.umh.es\/fr\/wp-json\/wp\/v2\/types\/page"}],"author":[{"embeddable":true,"href":"https:\/\/congresoterapiaocupacional.umh.es\/fr\/wp-json\/wp\/v2\/users\/23339"}],"replies":[{"embeddable":true,"href":"https:\/\/congresoterapiaocupacional.umh.es\/fr\/wp-json\/wp\/v2\/comments?post=30240"}],"version-history":[{"count":0,"href":"https:\/\/congresoterapiaocupacional.umh.es\/fr\/wp-json\/wp\/v2\/pages\/30240\/revisions"}],"wp:attachment":[{"href":"https:\/\/congresoterapiaocupacional.umh.es\/fr\/wp-json\/wp\/v2\/media?parent=30240"}],"curies":[{"name":"wp","href":"https:\/\/api.w.org\/{rel}","templated":true}]}}