{"id":30189,"date":"2022-11-06T11:24:18","date_gmt":"2022-11-06T11:24:18","guid":{"rendered":"https:\/\/congresoterapiaocupacional.umh.es\/?page_id=30189"},"modified":"2025-11-07T10:40:28","modified_gmt":"2025-11-07T10:40:28","slug":"debut","status":"publish","type":"page","link":"https:\/\/congresoterapiaocupacional.umh.es\/fr\/debut\/","title":{"rendered":"D\u00e9but"},"content":{"rendered":"<p>[et_pb_section fb_built=\u00a0\u00bb1&Prime; admin_label=\u00a0\u00bbsection\u00a0\u00bb _builder_version=\u00a0\u00bb4.16&Prime; global_colors_info=\u00a0\u00bb{}\u00a0\u00bb][et_pb_row admin_label=\u00a0\u00bbrow\u00a0\u00bb _builder_version=\u00a0\u00bb4.16&Prime; background_size=\u00a0\u00bbinitial\u00a0\u00bb background_position=\u00a0\u00bbtop_left\u00a0\u00bb background_repeat=\u00a0\u00bbrepeat\u00a0\u00bb global_colors_info=\u00a0\u00bb{}\u00a0\u00bb][et_pb_column type=\u00a0\u00bb4_4&Prime; _builder_version=\u00a0\u00bb4.16&Prime; custom_padding=\u00a0\u00bb|||\u00a0\u00bb global_colors_info=\u00a0\u00bb{}\u00a0\u00bb custom_padding__hover=\u00a0\u00bb|||\u00a0\u00bb][et_pb_text admin_label=\u00a0\u00bbTexto\u00a0\u00bb _builder_version=\u00a0\u00bb4.17.4&Prime; text_text_color=\u00a0\u00bb#2878bf\u00a0\u00bb text_font_size=\u00a0\u00bb20&Prime; background_size=\u00a0\u00bbinitial\u00a0\u00bb background_position=\u00a0\u00bbtop_left\u00a0\u00bb background_repeat=\u00a0\u00bbrepeat\u00a0\u00bb hover_enabled=\u00a0\u00bb0&Prime; use_border_color=\u00a0\u00bboff\u00a0\u00bb border_color=\u00a0\u00bb#ffffff\u00a0\u00bb border_style=\u00a0\u00bbsolid\u00a0\u00bb global_colors_info=\u00a0\u00bb{}\u00a0\u00bb theme_builder_area=\u00a0\u00bbpost_content\u00a0\u00bb sticky_enabled=\u00a0\u00bb0&Prime;]<\/p>\n<h2 style=\"text-align: center;color: #0078d7;font-size: 2.5em;margin-bottom: 20px;line-height: 1.5\"><span style=\"color: #99cc00\">XIV CONGR\u00c8S INTERNATIONAL DES \u00c9TUDIANTS EN ERGOTH\u00c9RAPIE<\/span><\/h2>\n<h2 style=\"text-align: center;color: gray;font-size: 1.8em;margin-top: 20px\"><b>DU 14 AU 16 MAI, 2025<\/b><\/h2>\n<p>[\/et_pb_text][\/et_pb_column][\/et_pb_row][et_pb_row admin_label=\u00a0\u00bbrow\u00a0\u00bb _builder_version=\u00a0\u00bb4.16&Prime; background_size=\u00a0\u00bbinitial\u00a0\u00bb background_position=\u00a0\u00bbtop_left\u00a0\u00bb background_repeat=\u00a0\u00bbrepeat\u00a0\u00bb global_colors_info=\u00a0\u00bb{}\u00a0\u00bb][et_pb_column type=\u00a0\u00bb4_4&Prime; _builder_version=\u00a0\u00bb4.16&Prime; custom_padding=\u00a0\u00bb|||\u00a0\u00bb global_colors_info=\u00a0\u00bb{}\u00a0\u00bb custom_padding__hover=\u00a0\u00bb|||\u00a0\u00bb][et_pb_text admin_label=\u00a0\u00bbTexto\u00a0\u00bb _builder_version=\u00a0\u00bb4.17.4&Prime; text_font_size=\u00a0\u00bb22&Prime; text_line_height=\u00a0\u00bb1.8em\u00a0\u00bb background_size=\u00a0\u00bbinitial\u00a0\u00bb background_position=\u00a0\u00bbtop_left\u00a0\u00bb background_repeat=\u00a0\u00bbrepeat\u00a0\u00bb use_border_color=\u00a0\u00bboff\u00a0\u00bb border_color=\u00a0\u00bb#ffffff\u00a0\u00bb border_style=\u00a0\u00bbsolid\u00a0\u00bb global_colors_info=\u00a0\u00bb{}\u00a0\u00bb]<\/p>\n<p style=\"text-align: center\">Nous vous souhaitons la bienvenue sur le site du Congr\u00e8s International des \u00c9tudiants en Ergoth\u00e9rapie (CIETO).<\/p>\n<p>[\/et_pb_text][et_pb_text admin_label=\u00a0\u00bbTexto\u00a0\u00bb _builder_version=\u00a0\u00bb4.17.4&Prime; text_font_size=\u00a0\u00bb18&Prime; text_line_height=\u00a0\u00bb1.8em\u00a0\u00bb background_size=\u00a0\u00bbinitial\u00a0\u00bb background_position=\u00a0\u00bbtop_left\u00a0\u00bb background_repeat=\u00a0\u00bbrepeat\u00a0\u00bb use_border_color=\u00a0\u00bboff\u00a0\u00bb border_color=\u00a0\u00bb#ffffff\u00a0\u00bb border_style=\u00a0\u00bbsolid\u00a0\u00bb global_colors_info=\u00a0\u00bb{}\u00a0\u00bb]<\/p>\n<p style=\"text-align: justify\">Ann\u00e9e apr\u00e8s ann\u00e9e, nous formons notre \u00e9quipe de conseil d&rsquo;organisation pour mener \u00e0 bien ce congr\u00e8s, qui est compos\u00e9 d&rsquo;\u00e9tudiants de 2e et 3e ann\u00e9e du dipl\u00f4me en ergoth\u00e9rapie de l&rsquo;Universit\u00e9 Miguel Hern\u00e1ndez (UMH).<\/p>\n<p>[\/et_pb_text][et_pb_text admin_label=\u00a0\u00bbTexto\u00a0\u00bb _builder_version=\u00a0\u00bb4.17.4&Prime; text_font_size=\u00a0\u00bb18&Prime; text_line_height=\u00a0\u00bb1.8em\u00a0\u00bb background_size=\u00a0\u00bbinitial\u00a0\u00bb background_position=\u00a0\u00bbtop_left\u00a0\u00bb background_repeat=\u00a0\u00bbrepeat\u00a0\u00bb use_border_color=\u00a0\u00bboff\u00a0\u00bb border_color=\u00a0\u00bb#ffffff\u00a0\u00bb border_style=\u00a0\u00bbsolid\u00a0\u00bb global_colors_info=\u00a0\u00bb{}\u00a0\u00bb]<\/p>\n<p>Gr\u00e2ce \u00e0 ce congr\u00e8s, les \u00e9tudiants et les professionnels apprennent \u00e0 conna\u00eetre l&rsquo;ergoth\u00e9rapie en profondeur, d\u00e9couvrent d&rsquo;autres domaines de travail ainsi que des professionnels du monde entier et partagent leurs exp\u00e9riences, leurs connaissances et leur passion pour ce que nous faisons.<\/p>\n<p>C&rsquo;est l&rsquo;un des congr\u00e8s les plus prestigieux au monde. Nous esp\u00e9rons r\u00e9pondre aux attentes de chacune des personnes qui y viennent et leur donner l&rsquo;opportunit\u00e9 d&rsquo;apprendre et de d\u00e9velopper leur potentiel.<\/p>\n<p>[\/et_pb_text][\/et_pb_column][\/et_pb_row][\/et_pb_section][et_pb_section fb_built=\u00a0\u00bb1&Prime; custom_padding_last_edited=\u00a0\u00bbon|desktop\u00a0\u00bb disabled_on=\u00a0\u00bboff|off|off\u00a0\u00bb admin_label=\u00a0\u00bbSecci\u00f3n\u00a0\u00bb _builder_version=\u00a0\u00bb4.16&Prime; parallax=\u00a0\u00bbon\u00a0\u00bb parallax_method=\u00a0\u00bboff\u00a0\u00bb custom_padding=\u00a0\u00bb0px||0px|\u00a0\u00bb custom_padding_tablet=\u00a0\u00bb50px|0|50px|0&Prime; custom_padding_phone=\u00a0\u00bb50px|0|50px|0&Prime; transparent_background=\u00a0\u00bboff\u00a0\u00bb padding_mobile=\u00a0\u00bboff\u00a0\u00bb make_fullwidth=\u00a0\u00bboff\u00a0\u00bb use_custom_width=\u00a0\u00bboff\u00a0\u00bb width_unit=\u00a0\u00bbon\u00a0\u00bb global_colors_info=\u00a0\u00bb{}\u00a0\u00bb][et_pb_row padding_mobile=\u00a0\u00bboff\u00a0\u00bb column_padding_mobile=\u00a0\u00bbon\u00a0\u00bb admin_label=\u00a0\u00bbFila\u00a0\u00bb _builder_version=\u00a0\u00bb4.16&Prime; background_color=\u00a0\u00bbrgba(255,255,255,0.21)\u00a0\u00bb background_image=\u00a0\u00bbhttp:\/\/congresoterapiaocupacional.umh.es\/files\/2018\/11\/ORGANIZACIONF3.png\u00a0\u00bb background_size=\u00a0\u00bbinitial\u00a0\u00bb background_position=\u00a0\u00bbtop_left\u00a0\u00bb background_repeat=\u00a0\u00bbrepeat\u00a0\u00bb custom_padding=\u00a0\u00bb220px||220px|\u00a0\u00bb make_fullwidth=\u00a0\u00bboff\u00a0\u00bb use_custom_width=\u00a0\u00bboff\u00a0\u00bb width_unit=\u00a0\u00bbon\u00a0\u00bb custom_width_px=\u00a0\u00bb1500px\u00a0\u00bb global_colors_info=\u00a0\u00bb{}\u00a0\u00bb disabled_on=\u00a0\u00bbon|on|on\u00a0\u00bb disabled=\u00a0\u00bbon\u00a0\u00bb][et_pb_column type=\u00a0\u00bb4_4&Prime; _builder_version=\u00a0\u00bb4.16&Prime; custom_padding=\u00a0\u00bb|||\u00a0\u00bb global_colors_info=\u00a0\u00bb{}\u00a0\u00bb custom_padding__hover=\u00a0\u00bb|||\u00a0\u00bb][\/et_pb_column][\/et_pb_row][et_pb_row _builder_version=\u00a0\u00bb4.17.4&Prime; _module_preset=\u00a0\u00bbdefault\u00a0\u00bb][et_pb_column _builder_version=\u00a0\u00bb4.17.4&Prime; _module_preset=\u00a0\u00bbdefault\u00a0\u00bb type=\u00a0\u00bb4_4&Prime;][et_pb_image src=\u00a0\u00bbhttps:\/\/congresoterapiaocupacional.umh.es\/files\/2025\/11\/CARTEL-CIETO-Y-CITO-2026.jpg\u00a0\u00bb title_text=\u00a0\u00bbCARTEL CIETO Y CITO 2026&Prime; align=\u00a0\u00bbcenter\u00a0\u00bb _builder_version=\u00a0\u00bb4.17.4&Prime; _module_preset=\u00a0\u00bbdefault\u00a0\u00bb width=\u00a0\u00bb70%\u00a0\u00bb hover_enabled=\u00a0\u00bb0&Prime; global_colors_info=\u00a0\u00bb{}\u00a0\u00bb sticky_enabled=\u00a0\u00bb0&Prime;][\/et_pb_image][et_pb_text _builder_version=\u00a0\u00bb4.17.4&Prime; _module_preset=\u00a0\u00bbdefault\u00a0\u00bb hover_enabled=\u00a0\u00bb0&Prime; sticky_enabled=\u00a0\u00bb0&Prime;]<\/p>\n<p>Cr\u00e9\u00e9 par: <strong>Andrea Gonz\u00e1lez Oncina<\/strong><\/p>\n<p>[\/et_pb_text][\/et_pb_column][\/et_pb_row][et_pb_row column_structure=\u00a0\u00bb1_2,1_2&Prime; _builder_version=\u00a0\u00bb4.17.4&Prime; _module_preset=\u00a0\u00bbdefault\u00a0\u00bb global_colors_info=\u00a0\u00bb{}\u00a0\u00bb][et_pb_column type=\u00a0\u00bb1_2&Prime; _builder_version=\u00a0\u00bb4.17.4&Prime; _module_preset=\u00a0\u00bbdefault\u00a0\u00bb global_colors_info=\u00a0\u00bb{}\u00a0\u00bb][et_pb_text _builder_version=\u00a0\u00bb4.17.4&Prime; _module_preset=\u00a0\u00bbdefault\u00a0\u00bb global_colors_info=\u00a0\u00bb{}\u00a0\u00bb]<\/p>\n<p><strong>\u00ab\u00a0RECONNAISSANCE DE L&rsquo;INT\u00c9R\u00caT SANITAIRE PAR LE MINIST\u00c8RE R\u00c9GIONAL DE LA SANT\u00c9\u00a0\u00bb<\/strong><\/p>\n<p>[\/et_pb_text][et_pb_image src=\u00a0\u00bbhttps:\/\/congresoterapiaocupacional.umh.es\/files\/2024\/04\/Logo_Consejeria_Sanitat.jpg\u00a0\u00bb title_text=\u00a0\u00bbLogo_Consejeria_Sanitat\u00a0\u00bb _builder_version=\u00a0\u00bb4.17.4&Prime; _module_preset=\u00a0\u00bbdefault\u00a0\u00bb width=\u00a0\u00bb50%\u00a0\u00bb global_colors_info=\u00a0\u00bb{}\u00a0\u00bb][\/et_pb_image][\/et_pb_column][et_pb_column type=\u00a0\u00bb1_2&Prime; _builder_version=\u00a0\u00bb4.17.4&Prime; _module_preset=\u00a0\u00bbdefault\u00a0\u00bb global_colors_info=\u00a0\u00bb{}\u00a0\u00bb][et_pb_text _builder_version=\u00a0\u00bb4.17.4&Prime; _module_preset=\u00a0\u00bbdefault\u00a0\u00bb global_colors_info=\u00a0\u00bb{}\u00a0\u00bb]<\/p>\n<p><strong>SOCI\u00c9T\u00c9 SCIENTIFIQUE D&rsquo;ERGOTH\u00c9RAPIE<\/strong><\/p>\n<p>[\/et_pb_text][et_pb_image src=\u00a0\u00bbhttps:\/\/congresoterapiaocupacional.umh.es\/files\/2024\/04\/LogoSocinto.png\u00a0\u00bb title_text=\u00a0\u00bbLogoSocinto\u00a0\u00bb _builder_version=\u00a0\u00bb4.17.4&Prime; _module_preset=\u00a0\u00bbdefault\u00a0\u00bb width=\u00a0\u00bb50%\u00a0\u00bb global_colors_info=\u00a0\u00bb{}\u00a0\u00bb][\/et_pb_image][\/et_pb_column][\/et_pb_row][\/et_pb_section]<\/p>\n","protected":false},"excerpt":{"rendered":"<p>XIV CONGR\u00c8S INTERNATIONAL DES \u00c9TUDIANTS EN ERGOTH\u00c9RAPIE DU 14 AU 16 MAI, 2025Nous vous souhaitons la bienvenue sur le site du Congr\u00e8s International des \u00c9tudiants en Ergoth\u00e9rapie (CIETO).Ann\u00e9e apr\u00e8s ann\u00e9e, nous formons notre \u00e9quipe de conseil d&rsquo;organisation pour mener \u00e0 bien ce congr\u00e8s, qui est compos\u00e9 d&rsquo;\u00e9tudiants de 2e et 3e ann\u00e9e du dipl\u00f4me en [&hellip;]<\/p>\n","protected":false},"author":23339,"featured_media":0,"parent":0,"menu_order":0,"comment_status":"closed","ping_status":"closed","template":"","meta":{"_et_pb_use_builder":"on","_et_pb_old_content":"<p>[et_pb_section fb_built=\"1\" admin_label=\"section\" _builder_version=\"4.16\" global_colors_info=\"{}\"][et_pb_row admin_label=\"row\" _builder_version=\"4.16\" background_size=\"initial\" background_position=\"top_left\" background_repeat=\"repeat\" global_colors_info=\"{}\"][et_pb_column type=\"4_4\" _builder_version=\"4.16\" custom_padding=\"|||\" global_colors_info=\"{}\" custom_padding__hover=\"|||\"][et_pb_text admin_label=\"Texto\" _builder_version=\"4.17.4\" text_text_color=\"#0066bf\" text_font_size=\"35\" text_line_height=\"1.8em\" background_size=\"initial\" background_position=\"top_left\" background_repeat=\"repeat\" hover_enabled=\"0\" use_border_color=\"off\" border_color=\"#ffffff\" border_style=\"solid\" global_colors_info=\"{}\" sticky_enabled=\"0\"]<\/p><p style=\"text-align: center;\">XII Congreso Internacional de Estudiantes de Terapia Ocupacional<\/p><p>[\/et_pb_text][et_pb_text admin_label=\"Texto\" _builder_version=\"4.17.4\" text_text_color=\"#2878bf\" text_font_size=\"20\" background_size=\"initial\" background_position=\"top_left\" background_repeat=\"repeat\" use_border_color=\"off\" border_color=\"#ffffff\" border_style=\"solid\" global_colors_info=\"{}\"]<\/p><p style=\"text-align: center;\">Del 10 al 12 de Mayo de 2023<\/p><p>[\/et_pb_text][\/et_pb_column][\/et_pb_row][et_pb_row admin_label=\"row\" _builder_version=\"4.16\" background_size=\"initial\" background_position=\"top_left\" background_repeat=\"repeat\" global_colors_info=\"{}\"][et_pb_column type=\"4_4\" _builder_version=\"4.16\" custom_padding=\"|||\" global_colors_info=\"{}\" custom_padding__hover=\"|||\"][et_pb_text admin_label=\"Texto\" _builder_version=\"4.16\" text_font_size=\"22\" text_line_height=\"1.8em\" background_size=\"initial\" background_position=\"top_left\" background_repeat=\"repeat\" use_border_color=\"off\" border_color=\"#ffffff\" border_style=\"solid\" global_colors_info=\"{}\"]<\/p><p style=\"text-align: center;\"><strong><span style=\"font-weight: 400;\">Te damos la bienvenida a la p\u00e1gina web del Congreso Internacional de Estudiantes de Terapia Ocupacional (CIETO). <\/span><\/strong><\/p><p>[\/et_pb_text][et_pb_text admin_label=\"Texto\" _builder_version=\"4.16\" text_font_size=\"18\" text_line_height=\"1.8em\" background_size=\"initial\" background_position=\"top_left\" background_repeat=\"repeat\" use_border_color=\"off\" border_color=\"#ffffff\" border_style=\"solid\" global_colors_info=\"{}\"]<\/p><p style=\"text-align: justify;\"><span style=\"font-weight: 400;\">A\u00f1o tras a\u00f1o, formamos nuestro equipo de junta organizadora para llevar a cabo este congreso,el cual, est\u00e1 formado por alumnos de 2\u00ba y \u00a03\u00ba del grado de Terapia Ocupacional de la Universidad Miguel Hern\u00e1ndez (UMH).\u00a0<\/span><\/p><p>[\/et_pb_text][et_pb_text admin_label=\"Texto\" _builder_version=\"4.16\" text_font_size=\"18\" text_line_height=\"1.8em\" background_size=\"initial\" background_position=\"top_left\" background_repeat=\"repeat\" use_border_color=\"off\" border_color=\"#ffffff\" border_style=\"solid\" global_colors_info=\"{}\"]<\/p><p style=\"text-align: justify;\"><span style=\"font-weight: 400;\">A trav\u00e9s de este congreso, tanto estudiantes como profesionales nos acercamos a conocer en profundidad la terapia ocupacional,\u00a0descubriendo\u00a0 otras \u00e1reas de trabajo adem\u00e1s de profesionales de todo el mundo y compartiendo experiencias, conocimiento y pasi\u00f3n por aquello que hacemos. <\/span><\/p><p><span style=\"text-align: justify;\">Este es uno de los congresos m\u00e1s prestigiosos a nivel mundial. Esperamos cumplir con las expectativas de cada una de las personas que acudan a \u00e9l y darles la oportunidad de aprender y desarrollar sus potenciales. <\/span><br \/>[\/et_pb_text][\/et_pb_column][\/et_pb_row][\/et_pb_section][et_pb_section fb_built=\"1\" custom_padding_last_edited=\"on|desktop\" admin_label=\"Secci\u00f3n\" _builder_version=\"4.16\" parallax=\"on\" parallax_method=\"off\" custom_padding=\"0px||0px|\" custom_padding_tablet=\"50px|0|50px|0\" custom_padding_phone=\"50px|0|50px|0\" transparent_background=\"off\" padding_mobile=\"off\" make_fullwidth=\"off\" use_custom_width=\"off\" width_unit=\"on\" global_colors_info=\"{}\"][et_pb_row padding_mobile=\"off\" column_padding_mobile=\"on\" admin_label=\"Fila\" _builder_version=\"4.16\" background_color=\"rgba(255,255,255,0.21)\" background_image=\"http:\/\/congresoterapiaocupacional.umh.es\/files\/2018\/11\/ORGANIZACIONF3.png\" background_size=\"initial\" background_position=\"top_left\" background_repeat=\"repeat\" custom_padding=\"220px||220px|\" make_fullwidth=\"off\" use_custom_width=\"off\" width_unit=\"on\" custom_width_px=\"1500px\" global_colors_info=\"{}\"][et_pb_column type=\"4_4\" _builder_version=\"4.16\" custom_padding=\"|||\" global_colors_info=\"{}\" custom_padding__hover=\"|||\"][et_pb_text admin_label=\"Texto\" _builder_version=\"4.16\" text_font=\"Open Sans|on|||\" text_font_size=\"55\" background_size=\"initial\" background_position=\"top_left\" background_repeat=\"repeat\" text_orientation=\"center\" module_alignment=\"center\" use_border_color=\"off\" border_color=\"#ffffff\" border_style=\"solid\" global_colors_info=\"{}\"]<span style=\"color: #ffffff;\">\u00bfQuien lo organiza?<\/span><br \/>[\/et_pb_text][et_pb_button button_url=\"http:\/\/congresoterapiaocupacional.umh.es\/junta-organizadora-20182018\/\" button_alignment=\"left\" admin_label=\"Bot\u00f3n\" _builder_version=\"4.16\" custom_button=\"on\" button_use_icon=\"off\" custom_css_main_element=\"font-size: 0px; background-color: rgba(0, 0, 0, 0.0) !important; top: -1000px; right: -800px; height: 1500px; width: 3000px; position: absolute;\" button_border_radius_hover=\"0\" button_letter_spacing_hover=\"0\" global_colors_info=\"{}\" button_text_size__hover_enabled=\"off\" button_one_text_size__hover_enabled=\"off\" button_two_text_size__hover_enabled=\"off\" button_text_color__hover_enabled=\"off\" button_one_text_color__hover_enabled=\"off\" button_two_text_color__hover_enabled=\"off\" button_border_width__hover_enabled=\"off\" button_one_border_width__hover_enabled=\"off\" button_two_border_width__hover_enabled=\"off\" button_border_color__hover_enabled=\"off\" button_one_border_color__hover_enabled=\"off\" button_two_border_color__hover_enabled=\"off\" button_border_radius__hover_enabled=\"on\" button_border_radius__hover=\"0\" button_one_border_radius__hover_enabled=\"off\" button_two_border_radius__hover_enabled=\"off\" button_letter_spacing__hover_enabled=\"on\" button_letter_spacing__hover=\"0\" button_one_letter_spacing__hover_enabled=\"off\" button_two_letter_spacing__hover_enabled=\"off\" button_bg_color__hover_enabled=\"off\" button_one_bg_color__hover_enabled=\"off\" button_two_bg_color__hover_enabled=\"off\"][\/et_pb_button][\/et_pb_column][\/et_pb_row][\/et_pb_section]<\/p>","_et_gb_content_width":"","_links_to":"","_links_to_target":""},"_links":{"self":[{"href":"https:\/\/congresoterapiaocupacional.umh.es\/fr\/wp-json\/wp\/v2\/pages\/30189"}],"collection":[{"href":"https:\/\/congresoterapiaocupacional.umh.es\/fr\/wp-json\/wp\/v2\/pages"}],"about":[{"href":"https:\/\/congresoterapiaocupacional.umh.es\/fr\/wp-json\/wp\/v2\/types\/page"}],"author":[{"embeddable":true,"href":"https:\/\/congresoterapiaocupacional.umh.es\/fr\/wp-json\/wp\/v2\/users\/23339"}],"replies":[{"embeddable":true,"href":"https:\/\/congresoterapiaocupacional.umh.es\/fr\/wp-json\/wp\/v2\/comments?post=30189"}],"version-history":[{"count":0,"href":"https:\/\/congresoterapiaocupacional.umh.es\/fr\/wp-json\/wp\/v2\/pages\/30189\/revisions"}],"wp:attachment":[{"href":"https:\/\/congresoterapiaocupacional.umh.es\/fr\/wp-json\/wp\/v2\/media?parent=30189"}],"curies":[{"name":"wp","href":"https:\/\/api.w.org\/{rel}","templated":true}]}}