{"id":38252,"date":"2026-04-26T08:14:21","date_gmt":"2026-04-26T08:14:21","guid":{"rendered":"https:\/\/congresoterapiaocupacional.umh.es\/?page_id=38252"},"modified":"2026-04-26T08:14:44","modified_gmt":"2026-04-26T08:14:44","slug":"transport-discounts","status":"publish","type":"page","link":"https:\/\/congresoterapiaocupacional.umh.es\/en\/transport-discounts\/","title":{"rendered":"Transport discounts"},"content":{"rendered":"<p>[et_pb_section fb_built=&#8221;1&#8243; _builder_version=&#8221;4.17.4&#8243; _module_preset=&#8221;default&#8221; global_colors_info=&#8221;{}&#8221; theme_builder_area=&#8221;post_content&#8221;][et_pb_row column_structure=&#8221;1_2,1_2&#8243; _builder_version=&#8221;4.17.4&#8243; _module_preset=&#8221;default&#8221; custom_padding=&#8221;||54px|||&#8221; global_colors_info=&#8221;{}&#8221; theme_builder_area=&#8221;post_content&#8221;][et_pb_column type=&#8221;1_2&#8243; _builder_version=&#8221;4.17.4&#8243; _module_preset=&#8221;default&#8221; global_colors_info=&#8221;{}&#8221; theme_builder_area=&#8221;post_content&#8221;][et_pb_text _builder_version=&#8221;4.17.4&#8243; _module_preset=&#8221;default&#8221; global_colors_info=&#8221;{}&#8221; theme_builder_area=&#8221;post_content&#8221;]<strong>Descuento Iberia<\/strong><\/p>\n<ul>\n<li>Descuento:\u202f 10% descuento (sobre el precio final de compra)<\/li>\n<li>C\u00f3digo bono: CONGRESOCIETOALC2026<\/li>\n<li>Condiciones:<br \/>\nInicio venta: 12 ENERO 2026<br \/>\nFin Venta: 15 MAYO 2026<br \/>\nFechas ida: del 7 mayo 2026 al 15 mayo 2026<br \/>\nFechas Vuelta: del 13 de mayo al 22 mayo 2026<br \/>\nOr\u00edgenes: Todos<br \/>\nDestinos: ALC ( Alicante)<\/li>\n<li>Compa\u00f1\u00edas: Iberia , Iberia Express , Iberia Regional Air Nostrum<br \/>\nContraprestaci\u00f3n: Imagen y difusi\u00f3n de marca Iberia<\/li>\n<\/ul>\n<p>[\/et_pb_text][\/et_pb_column][et_pb_column type=&#8221;1_2&#8243; _builder_version=&#8221;4.17.4&#8243; _module_preset=&#8221;default&#8221; global_colors_info=&#8221;{}&#8221; theme_builder_area=&#8221;post_content&#8221;][et_pb_image src=&#8221;https:\/\/congresoterapiaocupacional.umh.es\/files\/2026\/01\/IBERIA-300&#215;118.jpeg&#8221; title_text=&#8221;IBERIA&#8221; _builder_version=&#8221;4.17.4&#8243; _module_preset=&#8221;default&#8221; global_colors_info=&#8221;{}&#8221; theme_builder_area=&#8221;post_content&#8221;][\/et_pb_image][\/et_pb_column][\/et_pb_row][et_pb_row column_structure=&#8221;1_2,1_2&#8243; _builder_version=&#8221;4.17.4&#8243; _module_preset=&#8221;default&#8221; custom_padding=&#8221;1px||0px|||&#8221; global_colors_info=&#8221;{}&#8221; theme_builder_area=&#8221;post_content&#8221;][et_pb_column type=&#8221;1_2&#8243; _builder_version=&#8221;4.17.4&#8243; _module_preset=&#8221;default&#8221; global_colors_info=&#8221;{}&#8221; theme_builder_area=&#8221;post_content&#8221;][et_pb_text _builder_version=&#8221;4.17.4&#8243; _module_preset=&#8221;default&#8221; global_colors_info=&#8221;{}&#8221; theme_builder_area=&#8221;post_content&#8221;]<strong>Descuento Renfe<\/strong><\/p>\n<ul>\n<li>Descuento: 5% para AVE \u2013 Larga Distancia<\/li>\n<li>N\u00famero de autorizaci\u00f3n: 052602864<\/li>\n<li>Validez del 11\/05\/2026 al 17\/05\/2026.<\/li>\n<\/ul>\n<p>Para disfrutar del descuento, a la hora de comprar sus billetes a trav\u00e9s de\u00a0<a href=\"http:\/\/www.renfe.com\/\">www.renfe.com<\/a>\u00a0deben:<br \/>\n1.- Seleccionar el tren que deseen marcando en cualquiera de las opciones disponibles (B\u00e1sico, Elige, Elige Confort y Pr\u00e9miun)..<br \/>\n2.- En el desplegable de tarifas seleccionar la tarifa de Congresos\/Eventos.<br \/>\n3.- Introducir el n\u00famero de autorizaci\u00f3n en la casilla que indica n\u00famero de autorizaci\u00f3n (No v\u00e1lido para casilla c\u00f3digo descuento).<\/p>\n<p>Autorizaci\u00f3n de Descuento:\u00a0<a href=\"https:\/\/drive.google.com\/file\/d\/1ZSdVk5f9S8j4eCiMeWYpFZImwhvBdJHD\/view?usp=drive_link\">https:\/\/drive.google.com\/file\/d\/1ZSdVk5f9S8j4eCiMeWYpFZImwhvBdJHD\/view?usp=drive_link<\/a><br \/>\n[\/et_pb_text][\/et_pb_column][et_pb_column type=&#8221;1_2&#8243; _builder_version=&#8221;4.17.4&#8243; _module_preset=&#8221;default&#8221; global_colors_info=&#8221;{}&#8221; theme_builder_area=&#8221;post_content&#8221;][et_pb_image src=&#8221;https:\/\/congresoterapiaocupacional.umh.es\/files\/2026\/03\/RENFE-300&#215;126.png&#8221; title_text=&#8221;RENFE&#8221; _builder_version=&#8221;4.17.4&#8243; _module_preset=&#8221;default&#8221; global_colors_info=&#8221;{}&#8221; theme_builder_area=&#8221;post_content&#8221;][\/et_pb_image][\/et_pb_column][\/et_pb_row][et_pb_row column_structure=&#8221;1_2,1_2&#8243; _builder_version=&#8221;4.17.4&#8243; _module_preset=&#8221;default&#8221; global_colors_info=&#8221;{}&#8221; theme_builder_area=&#8221;post_content&#8221;][et_pb_column type=&#8221;1_2&#8243; _builder_version=&#8221;4.17.4&#8243; _module_preset=&#8221;default&#8221; global_colors_info=&#8221;{}&#8221; theme_builder_area=&#8221;post_content&#8221;][et_pb_text _builder_version=&#8221;4.17.4&#8243; _module_preset=&#8221;default&#8221; global_colors_info=&#8221;{}&#8221; theme_builder_area=&#8221;post_content&#8221;]<strong>Descuento Alsa<\/strong><\/p>\n<ul>\n<li>C\u00f3digo Promocional:\u00a0<strong>CITO26<\/strong><\/li>\n<li>Descuento 15% \u2013 Para comprar realizadas a partir del lunes 30\/04 para viajes entre las siguientes fechas:<\/li>\n<li>Desde fecha viaje\u00a0 \u00a011\/05\/2026<br \/>\nHasta fecha viaje\u00a0 \u00a0 17\/05\/2026<\/li>\n<\/ul>\n<p>[\/et_pb_text][\/et_pb_column][et_pb_column type=&#8221;1_2&#8243; _builder_version=&#8221;4.17.4&#8243; _module_preset=&#8221;default&#8221; global_colors_info=&#8221;{}&#8221; theme_builder_area=&#8221;post_content&#8221;][et_pb_image src=&#8221;https:\/\/congresoterapiaocupacional.umh.es\/files\/2026\/03\/AF_ALSA_POS_RGB-300&#215;135.png&#8221; title_text=&#8221;AF_ALSA_POS_RGB&#8221; _builder_version=&#8221;4.17.4&#8243; _module_preset=&#8221;default&#8221; global_colors_info=&#8221;{}&#8221; theme_builder_area=&#8221;post_content&#8221;][\/et_pb_image][\/et_pb_column][\/et_pb_row][\/et_pb_section]<\/p>\n","protected":false},"excerpt":{"rendered":"<p>Descuento Iberia Descuento:\u202f 10% descuento (sobre el precio final de compra) C\u00f3digo bono: CONGRESOCIETOALC2026 Condiciones: Inicio venta: 12 ENERO 2026 Fin Venta: 15 MAYO 2026 Fechas ida: del 7 mayo 2026 al 15 mayo 2026 Fechas Vuelta: del 13 de mayo al 22 mayo 2026 Or\u00edgenes: Todos Destinos: ALC ( Alicante) Compa\u00f1\u00edas: Iberia , Iberia [&hellip;]<\/p>\n","protected":false},"author":32156,"featured_media":0,"parent":0,"menu_order":0,"comment_status":"closed","ping_status":"closed","template":"","meta":{"_et_pb_use_builder":"on","_et_pb_old_content":"","_et_gb_content_width":"","_links_to":"","_links_to_target":""},"_links":{"self":[{"href":"https:\/\/congresoterapiaocupacional.umh.es\/en\/wp-json\/wp\/v2\/pages\/38252"}],"collection":[{"href":"https:\/\/congresoterapiaocupacional.umh.es\/en\/wp-json\/wp\/v2\/pages"}],"about":[{"href":"https:\/\/congresoterapiaocupacional.umh.es\/en\/wp-json\/wp\/v2\/types\/page"}],"author":[{"embeddable":true,"href":"https:\/\/congresoterapiaocupacional.umh.es\/en\/wp-json\/wp\/v2\/users\/32156"}],"replies":[{"embeddable":true,"href":"https:\/\/congresoterapiaocupacional.umh.es\/en\/wp-json\/wp\/v2\/comments?post=38252"}],"version-history":[{"count":0,"href":"https:\/\/congresoterapiaocupacional.umh.es\/en\/wp-json\/wp\/v2\/pages\/38252\/revisions"}],"wp:attachment":[{"href":"https:\/\/congresoterapiaocupacional.umh.es\/en\/wp-json\/wp\/v2\/media?parent=38252"}],"curies":[{"name":"wp","href":"https:\/\/api.w.org\/{rel}","templated":true}]}}