{"id":30615,"date":"2022-11-15T12:50:36","date_gmt":"2022-11-15T12:50:36","guid":{"rendered":"https:\/\/congresoterapiaocupacional.umh.es\/?page_id=30615"},"modified":"2022-11-15T12:50:36","modified_gmt":"2022-11-15T12:50:36","slug":"privacy-policy","status":"publish","type":"page","link":"https:\/\/congresoterapiaocupacional.umh.es\/en\/privacy-policy\/","title":{"rendered":"Privacy Policy"},"content":{"rendered":"<table>\n<tbody>\n<tr>\n<td colspan=\"2\"><b>PROTECCI\u00d3N DE DATOS DE CAR\u00c1CTER PERSONAL\u00a0<\/b>De conformidad con lo establecido en el Reglamento (UE) 2016\/679 y Ley Org\u00e1nica 3\/2018 de\u00a0 Protecci\u00f3n de Datos Personales y Garant\u00eda de derechos digitales<\/td>\n<\/tr>\n<tr>\n<td><b>RESPONSABLE DEL TRATAMIENTO\u00a0<\/b><\/td>\n<td>Universidad Miguel Hern\u00e1ndez de Elche (en\u00a0 adelante, UMH)- Secretaria GeneralCIF: Q-5350015-C<\/p>\n<p>Direcci\u00f3n postal: Avda. de la Universidad s\/n,\u00a0 03202 ELCHE (Alicante)<\/p>\n<p>Contacto de la delegada de protecci\u00f3n de datos:\u00a0 dpd@umh.es<\/td>\n<\/tr>\n<tr>\n<td><b>RESPONSABLE INTERNO\u00a0<\/b><\/td>\n<td>\u00c1rea de Radiolog\u00eda y Medicina F\u00edsica. Facultad de\u00a0 Medicina. Universidad Miguel Hern\u00e1ndez.\u00a0 Campus de San Juan. Alicante. 03550<\/td>\n<\/tr>\n<tr>\n<td colspan=\"2\">La UMH, como responsable del tratamiento de los datos personales del tratamiento le informa que\u00a0 estos datos ser\u00e1n tratados de conformidad con lo dispuesto en el Reglamento (UE) 2016\/679 de 27 de\u00a0 abril (RGPD) y la Ley Org\u00e1nica 3\/2018 de 5 de diciembre (LOPDGDD), por lo que se le facilita la\u00a0 siguiente informaci\u00f3n del tratamiento:<\/td>\n<\/tr>\n<tr>\n<td><b>FINALIDAD DEL TRATAMIENTO Y BASE\u00a0 JUR\u00cdDICA<\/b><\/td>\n<td><b>01 Finalidad\u00a0\u00a0<\/b>Gestionar la inscripci\u00f3n y desarrollo de\u00a0 CONGRESO INTERNACIONAL DE TERAPIA\u00a0 OCUPACIONAL DE LA UMH.<\/p>\n<p><b>01 Base jur\u00eddica\u00a0\u00a0<\/b><\/p>\n<p>Art. 6.1.e) RGPD: el tratamiento es necesario para\u00a0 el cumplimiento de una misi\u00f3n realizada en inter\u00e9s\u00a0 p\u00fablico o en el ejercicio de los poderes p\u00fablicos\u00a0 conferidos al responsable del mismo (la difusi\u00f3n\u00a0 del conocimiento y la cultura a trav\u00e9s de la\u00a0 extensi\u00f3n universitaria y la formaci\u00f3n a lo largo de\u00a0 toda la vida).<\/p>\n<p>&#8211; Ley Org\u00e1nica 6\/2001, de 21 de diciembre, de Universidades.<\/p>\n<p><b>01 Obligaci\u00f3n o no de facilitar datos y\u00a0 consecuencias de no hacerlo.\u00a0<\/b><\/p>\n<p>No aportar los datos solicitados imposibilitar\u00e1\u00a0 cumplir con la finalidad o finalidades del\u00a0 tratamiento.<\/td>\n<\/tr>\n<tr>\n<td><b>DECISIONES AUTOMATIZADAS,\u00a0 PERFILES Y L\u00d3GICA APLICADA<\/b><\/td>\n<td>Los datos no se utilizar\u00e1n para decisiones\u00a0 automatizadas ni para la elaboraci\u00f3n de perfiles.<\/td>\n<\/tr>\n<tr>\n<td><b>DESTINATARIOS\u00a0<\/b><\/td>\n<td>Se proceder\u00e1 a retrasmitir v\u00eda online.<\/td>\n<\/tr>\n<tr>\n<td><b>TRANSFERENCIAS INTERNACIONALES\u00a0 DE DATOS<\/b><\/td>\n<td>No est\u00e1n previstas<\/td>\n<\/tr>\n<tr>\n<td><b>PERIODOS DE CONSERVACION DE LOS\u00a0 DATOS<\/b><\/td>\n<td>Se conservar\u00e1n durante el tiempo que sea\u00a0 necesario para cumplir con la finalidad para la que\u00a0 se recabaron y para determinar las posibles\u00a0 responsabilidades que se pudieran derivar de dicha\u00a0 finalidad y del tratamiento de los datos.<\/td>\n<\/tr>\n<tr>\n<td><b>DERECHOS\u00a0<\/b><\/td>\n<td>El interesado podr\u00e1 ejercitar sus derechos de\u00a0 acceso, rectificaci\u00f3n, oposici\u00f3n, supresi\u00f3n,\u00a0 portabilidad y limitaci\u00f3n del tratamiento, as\u00ed\u00a0 como, a no ser objeto de decisiones basadas\u00a0 \u00fanicamente en el tratamiento automatizado de sus\u00a0 datos, para ello se deber\u00e1 dirigir mediante\u00a0 solicitud dirigida a la atenci\u00f3n de Secretaria General de la UMH, Edificio Rectorado y Consejo\u00a0 Social, Avda. de la Universidad S\/N, 03202,\u00a0 Elche-Alicante, o bien a trav\u00e9s de sede electr\u00f3nica\u00a0 https:\/\/sede.umh.es\/. Para cualquier consideraci\u00f3n\u00a0 adicional se puede poner en contacto con la\u00a0 delegada de protecci\u00f3n de datos: dpd@umh.es.\u00a0 Asimismo, el interesado tiene derecho a presentar\u00a0 una reclamaci\u00f3n ante la Autoridad de control\u00a0 (www.aepd.es) si considera que el tratamiento no\u00a0 se ajusta a la normativa vigente.<\/td>\n<\/tr>\n<tr>\n<td><b>ORIGEN DE DATOS\u00a0<\/b><\/td>\n<td>Los datos personales objeto de tratamiento son los\u00a0 que usted mismo nos ha facilitado<\/td>\n<\/tr>\n<tr>\n<td><b>CATEGORIA DE DATOS\u00a0<\/b><\/td>\n<td>Datos identificativos: Nombre y apellidos, nombre\u00a0 de usuario, direcci\u00f3n de correo electr\u00f3nico, DNI,\u00a0 n\u00famero de tel\u00e9fono, fecha de nacimiento y pa\u00eds.Datos acad\u00e9micos y profesionales: perfil de\u00a0 profesional o estudiante, centro de estudios u\u00a0 ocupaci\u00f3n laboral.<\/td>\n<\/tr>\n<\/tbody>\n<\/table>\n","protected":false},"excerpt":{"rendered":"<p>PROTECCI\u00d3N DE DATOS DE CAR\u00c1CTER PERSONAL\u00a0De conformidad con lo establecido en el Reglamento (UE) 2016\/679 y Ley Org\u00e1nica 3\/2018 de\u00a0 Protecci\u00f3n de Datos Personales y Garant\u00eda de derechos digitales RESPONSABLE DEL TRATAMIENTO\u00a0 Universidad Miguel Hern\u00e1ndez de Elche (en\u00a0 adelante, UMH)- Secretaria GeneralCIF: Q-5350015-C Direcci\u00f3n postal: Avda. de la Universidad s\/n,\u00a0 03202 ELCHE (Alicante) Contacto de [&hellip;]<\/p>\n","protected":false},"author":4805,"featured_media":0,"parent":0,"menu_order":0,"comment_status":"open","ping_status":"open","template":"","meta":{"_et_pb_use_builder":"","_et_pb_old_content":"","_et_gb_content_width":"","_links_to":"","_links_to_target":""},"_links":{"self":[{"href":"https:\/\/congresoterapiaocupacional.umh.es\/en\/wp-json\/wp\/v2\/pages\/30615"}],"collection":[{"href":"https:\/\/congresoterapiaocupacional.umh.es\/en\/wp-json\/wp\/v2\/pages"}],"about":[{"href":"https:\/\/congresoterapiaocupacional.umh.es\/en\/wp-json\/wp\/v2\/types\/page"}],"author":[{"embeddable":true,"href":"https:\/\/congresoterapiaocupacional.umh.es\/en\/wp-json\/wp\/v2\/users\/4805"}],"replies":[{"embeddable":true,"href":"https:\/\/congresoterapiaocupacional.umh.es\/en\/wp-json\/wp\/v2\/comments?post=30615"}],"version-history":[{"count":0,"href":"https:\/\/congresoterapiaocupacional.umh.es\/en\/wp-json\/wp\/v2\/pages\/30615\/revisions"}],"wp:attachment":[{"href":"https:\/\/congresoterapiaocupacional.umh.es\/en\/wp-json\/wp\/v2\/media?parent=30615"}],"curies":[{"name":"wp","href":"https:\/\/api.w.org\/{rel}","templated":true}]}}