{"id":30591,"date":"2022-11-15T12:29:59","date_gmt":"2022-11-15T12:29:59","guid":{"rendered":"https:\/\/congresoterapiaocupacional.umh.es\/?page_id=30591"},"modified":"2026-02-11T11:56:05","modified_gmt":"2026-02-11T11:56:05","slug":"workshops","status":"publish","type":"page","link":"https:\/\/congresoterapiaocupacional.umh.es\/en\/workshops\/","title":{"rendered":"Workshops"},"content":{"rendered":"<p>[et_pb_section fb_built=&#8221;1&#8243; admin_label=&#8221;section&#8221; _builder_version=&#8221;4.16&#8243; global_colors_info=&#8221;{}&#8221;][\/et_pb_section][et_pb_section fb_built=&#8221;1&#8243; disabled_on=&#8221;off|off|off&#8221; admin_label=&#8221;section&#8221; _builder_version=&#8221;4.16&#8243; global_colors_info=&#8221;{}&#8221;][et_pb_row column_structure=&#8221;1_2,1_2&#8243; disabled_on=&#8221;off|off|off&#8221; admin_label=&#8221;row&#8221; _builder_version=&#8221;4.16&#8243; background_size=&#8221;initial&#8221; background_position=&#8221;top_left&#8221; background_repeat=&#8221;repeat&#8221; global_colors_info=&#8221;{}&#8221;][et_pb_column type=&#8221;1_2&#8243; _builder_version=&#8221;4.16&#8243; custom_padding=&#8221;|||&#8221; global_colors_info=&#8221;{}&#8221; custom_padding__hover=&#8221;|||&#8221;][et_pb_image src=&#8221;https:\/\/congresoterapiaocupacional.umh.es\/files\/2025\/12\/WhatsApp-Image-2025-12-01-at-16.31.30-3.jpeg&#8221; title_text=&#8221;WhatsApp Image 2025-12-01 at 16.31.30&#8243; align=&#8221;center&#8221; align_tablet=&#8221;center&#8221; align_phone=&#8221;center&#8221; align_last_edited=&#8221;on|desktop&#8221; admin_label=&#8221;Imagen&#8221; _builder_version=&#8221;4.17.4&#8243; width=&#8221;41%&#8221; animation_style=&#8221;slide&#8221; animation_direction=&#8221;left&#8221; animation_duration=&#8221;500ms&#8221; animation_intensity_slide=&#8221;10%&#8221; animation=&#8221;left&#8221; sticky=&#8221;off&#8221; use_border_color=&#8221;off&#8221; border_color=&#8221;#ffffff&#8221; border_style=&#8221;solid&#8221; always_center_on_mobile=&#8221;on&#8221; global_colors_info=&#8221;{}&#8221;] [\/et_pb_image][et_pb_text admin_label=&#8221;David Fern\u00e1ndez O\u00f1ate&#8221; _builder_version=&#8221;4.17.4&#8243; text_text_color=&#8221;#7a26a8&#8243; text_font_size=&#8221;22&#8243; background_size=&#8221;initial&#8221; background_position=&#8221;top_left&#8221; background_repeat=&#8221;repeat&#8221; use_border_color=&#8221;off&#8221; border_color=&#8221;#ffffff&#8221; border_style=&#8221;solid&#8221; global_colors_info=&#8221;{}&#8221;]<\/p>\n<p style=\"text-align: center\"><strong>Cristina Perdomo<\/strong><\/p>\n<p>[\/et_pb_text][et_pb_text admin_label=&#8221;Texto&#8221; _builder_version=&#8221;4.17.4&#8243; text_font_size=&#8221;18&#8243; background_size=&#8221;initial&#8221; background_position=&#8221;top_left&#8221; background_repeat=&#8221;repeat&#8221; use_border_color=&#8221;off&#8221; border_color=&#8221;#ffffff&#8221; border_style=&#8221;solid&#8221; global_colors_info=&#8221;{}&#8221;]<\/p>\n<p style=\"text-align: center\"><strong>\u201cPractical Application of Social Robots in Elderly People with Cognitive Impairment\u201d<\/strong><\/p>\n<p>[\/et_pb_text][et_pb_toggle title=&#8221;Resumen taller&#8221; disabled_on=&#8221;on|on|on&#8221; admin_label=&#8221;Conmutador&#8221; _builder_version=&#8221;4.17.4&#8243; background_size=&#8221;initial&#8221; background_position=&#8221;top_left&#8221; background_repeat=&#8221;repeat&#8221; use_border_color=&#8221;off&#8221; border_color=&#8221;#ffffff&#8221; border_style=&#8221;solid&#8221; disabled=&#8221;on&#8221; global_colors_info=&#8221;{}&#8221;]<\/p>\n<p><strong><span style=\"font-weight: 400\">La &#8220;Terapia a trav\u00e9s de la Aventura&#8221; es una disciplina de intervenci\u00f3n terap\u00e9utica nueva en nuestro pa\u00eds, no as\u00ed en pa\u00edses anglosajones y del centro \/ norte de Europa donde se desarrolla desde hace m\u00e1s de 50 a\u00f1os, con buenos resultados y una metodolog\u00eda propia bien definida, seg\u00fan la bibliograf\u00eda y estudios existentes.<br \/>Esta disciplina es definida por Gass, Gill y Russell (2012) como &#8220;El uso prescriptivo de experiencias de aventura proporcionadas por profesionales de la salud mental, realizadas a menudo en ambientes naturales, que involucran cinest\u00e9sicamente a los participantes a nivel cognitivo, afectivo y conductual&#8221;.<br \/>Se trata de una disciplina hol\u00edstica, integradora e innovadora, donde la actividad, la naturaleza y la implicaci\u00f3n integral de los participantes se dan la mano para mejorar la calidad de vida y la funcionalidad de los participantes.<br \/>Por tanto, hablamos de una herramienta de intervenci\u00f3n innovadora que dentro de la Terapia Ocupacional tiene aplicaci\u00f3n en diferentes \u00e1reas de trabajo dentro de la salud mental; que dentro de nuestro centro de trabajo (Hospital de d\u00eda de psiquiatr\u00eda de adultos del Hospital Santa Mar\u00eda GSS de LLeida) implementamos como tratamiento coadyuvante de las terapias habituales. Compartiendo con las diferentes opciones terap\u00e9uticas el objetivo de mejorar la calidad de vida de las personas con las que se interviene.<br \/>Objetivos:<br \/>Aproximar la &#8220;Terapia a trav\u00e9s de la Aventura&#8221; al colectivo de Terapeutas Ocupacionales que desarrollan su trabajo en el \u00e1mbito de la salud mental.<br \/>Promover reflexiones sobre la metodolog\u00eda de la &#8220;Terapia a trav\u00e9s de la Aventura&#8221; en la pr\u00e1ctica cl\u00ednica del Terapeuta Ocupacional.<br \/>Metodolog\u00eda del taller:<br \/>Se trata de una din\u00e1mica de taller te\u00f3rico-vivencial, en la que los participantes se deben involucrar de forma activa en la din\u00e1mica experiencial, tras una breve introducci\u00f3n te\u00f3rica inicial.<br \/>Se procesar\u00e1 la experiencia que simula una intervenci\u00f3n en Terapia a trav\u00e9s de la Aventura y as\u00ed poder extraer aprendizajes en torno a las posibilidades terap\u00e9uticas de esta herramienta terap\u00e9utica.<br \/><\/span><\/strong><\/p>\n<p>[\/et_pb_toggle][\/et_pb_column][et_pb_column type=&#8221;1_2&#8243; _builder_version=&#8221;4.16&#8243; custom_padding=&#8221;|||&#8221; global_colors_info=&#8221;{}&#8221; custom_padding__hover=&#8221;|||&#8221;][et_pb_image src=&#8221;https:\/\/congresoterapiaocupacional.umh.es\/files\/2026\/01\/taller-conduction-1-2-300&#215;231.png&#8221; title_text=&#8221;taller-conduction-1&#8243; align=&#8221;center&#8221; align_tablet=&#8221;center&#8221; align_phone=&#8221;center&#8221; align_last_edited=&#8221;on|desktop&#8221; disabled_on=&#8221;off|off|off&#8221; admin_label=&#8221;Imagen&#8221; _builder_version=&#8221;4.17.4&#8243; width=&#8221;41%&#8221; animation=&#8221;off&#8221; sticky=&#8221;off&#8221; use_border_color=&#8221;off&#8221; border_color=&#8221;#ffffff&#8221; border_style=&#8221;solid&#8221; always_center_on_mobile=&#8221;on&#8221; global_colors_info=&#8221;{}&#8221;] [\/et_pb_image][et_pb_text disabled_on=&#8221;off|off|off&#8221; admin_label=&#8221;Monica&#8221; _builder_version=&#8221;4.17.4&#8243; text_text_color=&#8221;#7a26a8&#8243; text_font_size=&#8221;22&#8243; background_size=&#8221;initial&#8221; background_position=&#8221;top_left&#8221; background_repeat=&#8221;repeat&#8221; use_border_color=&#8221;off&#8221; border_color=&#8221;#ffffff&#8221; border_style=&#8221;solid&#8221; global_colors_info=&#8221;{}&#8221;]<\/p>\n<p style=\"text-align: center\"><strong>Ana Clara Szot y Mar\u00eda Rodr\u00edguez Bail\u00f3n<\/strong><\/p>\n<p>[\/et_pb_text][et_pb_text disabled_on=&#8221;off|off|off&#8221; admin_label=&#8221;Texto&#8221; _builder_version=&#8221;4.17.4&#8243; text_font_size=&#8221;18&#8243; background_size=&#8221;initial&#8221; background_position=&#8221;top_left&#8221; background_repeat=&#8221;repeat&#8221; use_border_color=&#8221;off&#8221; border_color=&#8221;#ffffff&#8221; border_style=&#8221;solid&#8221; global_colors_info=&#8221;{}&#8221;]<\/p>\n<p style=\"text-align: center\"><strong>\u201cEDEC-App: learn how to use the first app for assessing driving skills\u201d<\/strong><\/p>\n<p>[\/et_pb_text][et_pb_toggle title=&#8221;workshop summary&#8221; disabled_on=&#8221;off|off|off&#8221; admin_label=&#8221;Conmutador&#8221; _builder_version=&#8221;4.17.4&#8243; background_size=&#8221;initial&#8221; background_position=&#8221;top_left&#8221; background_repeat=&#8221;repeat&#8221; hover_enabled=&#8221;0&#8243; use_border_color=&#8221;off&#8221; border_color=&#8221;#ffffff&#8221; border_style=&#8221;solid&#8221; global_colors_info=&#8221;{}&#8221; sticky_enabled=&#8221;0&#8243;]<\/p>\n<p>The workshop will consist of participants learning how to use the Driving Performance Assessment (EDEC), the first Spanish observational assessment of driving in a real environment. It will explain how to apply, score and interpret it in a practical way, using real driving videos and examples. The EDEC-App version will be tested for the first time in the workshop, and attendees will be able to download the application for free and learn how to use it through videos and practical cases.<\/p>\n<p>[\/et_pb_toggle][et_pb_text admin_label=&#8221;Texto&#8221; _builder_version=&#8221;4.17.4&#8243; text_font_size=&#8221;18&#8243; background_size=&#8221;initial&#8221; background_position=&#8221;top_left&#8221; background_repeat=&#8221;repeat&#8221; use_border_color=&#8221;off&#8221; border_color=&#8221;#ffffff&#8221; border_style=&#8221;solid&#8221; global_colors_info=&#8221;{}&#8221;][\/et_pb_text][\/et_pb_column][\/et_pb_row][et_pb_row column_structure=&#8221;1_2,1_2&#8243; disabled_on=&#8221;off|off|off&#8221; admin_label=&#8221;row&#8221; _builder_version=&#8221;4.16&#8243; background_size=&#8221;initial&#8221; background_position=&#8221;top_left&#8221; background_repeat=&#8221;repeat&#8221; min_height=&#8221;562.8px&#8221; global_colors_info=&#8221;{}&#8221;][et_pb_column type=&#8221;1_2&#8243; _builder_version=&#8221;4.16&#8243; custom_padding=&#8221;|||&#8221; global_colors_info=&#8221;{}&#8221; custom_padding__hover=&#8221;|||&#8221;][et_pb_image src=&#8221;https:\/\/congresoterapiaocupacional.umh.es\/files\/2026\/02\/Lorena-Chaves-2-150&#215;150.jpg&#8221; title_text=&#8221;Lorena Chaves 2&#8243; align=&#8221;center&#8221; align_tablet=&#8221;center&#8221; align_phone=&#8221;center&#8221; align_last_edited=&#8221;on|desktop&#8221; admin_label=&#8221;Imagen&#8221; _builder_version=&#8221;4.17.4&#8243; width=&#8221;42%&#8221; animation=&#8221;off&#8221; sticky=&#8221;off&#8221; use_border_color=&#8221;off&#8221; border_color=&#8221;#ffffff&#8221; border_style=&#8221;solid&#8221; always_center_on_mobile=&#8221;on&#8221; global_colors_info=&#8221;{}&#8221;] [\/et_pb_image][et_pb_text admin_label=&#8221;Julie Desrosiers&#8221; _builder_version=&#8221;4.17.4&#8243; text_text_color=&#8221;#7a26a8&#8243; text_font_size=&#8221;22&#8243; background_size=&#8221;initial&#8221; background_position=&#8221;top_left&#8221; background_repeat=&#8221;repeat&#8221; use_border_color=&#8221;off&#8221; border_color=&#8221;#ffffff&#8221; border_style=&#8221;solid&#8221; global_colors_info=&#8221;{}&#8221;]<\/p>\n<p style=\"text-align: center\"><strong>Lorena Chaves del Amo<\/strong><\/p>\n<p>[\/et_pb_text][et_pb_text admin_label=&#8221;Texto&#8221; _builder_version=&#8221;4.17.4&#8243; text_font_size=&#8221;18&#8243; background_size=&#8221;initial&#8221; background_position=&#8221;top_left&#8221; background_repeat=&#8221;repeat&#8221; use_border_color=&#8221;off&#8221; border_color=&#8221;#ffffff&#8221; border_style=&#8221;solid&#8221; global_colors_info=&#8221;{}&#8221;]<\/p>\n<p style=\"text-align: center\"><strong>&#8220;Splint-making workshop<\/strong><strong>&#8220;<\/strong><\/p>\n<p style=\"text-align: center\"><strong>\u00a0<\/strong><\/p>\n<p>[\/et_pb_text][et_pb_toggle title=&#8221;workshop summary&#8221; disabled_on=&#8221;off|off|off&#8221; admin_label=&#8221;Conmutador&#8221; _builder_version=&#8221;4.17.4&#8243; background_size=&#8221;initial&#8221; background_position=&#8221;top_left&#8221; background_repeat=&#8221;repeat&#8221; use_border_color=&#8221;off&#8221; border_color=&#8221;#ffffff&#8221; border_style=&#8221;solid&#8221; global_colors_info=&#8221;{}&#8221;]<\/p>\n<p>The workshop offers a practical introduction to splinting, showing that splint fabrication is part of a broader clinical process. Participants will learn the basic principles of splint fabrication, the types of materials that can be used, and will finish by fabricating a splint for each of the attendees.<\/p>\n<p>[\/et_pb_toggle][\/et_pb_column][et_pb_column type=&#8221;1_2&#8243; _builder_version=&#8221;4.16&#8243; custom_padding=&#8221;|||&#8221; global_colors_info=&#8221;{}&#8221; custom_padding__hover=&#8221;|||&#8221;][et_pb_image src=&#8221;https:\/\/congresoterapiaocupacional.umh.es\/files\/2026\/02\/Irene-Perez-150&#215;150.jpg&#8221; title_text=&#8221;Irene Perez&#8221; align=&#8221;center&#8221; align_tablet=&#8221;center&#8221; align_phone=&#8221;center&#8221; align_last_edited=&#8221;on|desktop&#8221; admin_label=&#8221;Imagen&#8221; _builder_version=&#8221;4.17.4&#8243; width=&#8221;41%&#8221; animation=&#8221;off&#8221; sticky=&#8221;off&#8221; use_border_color=&#8221;off&#8221; border_color=&#8221;#ffffff&#8221; border_style=&#8221;solid&#8221; always_center_on_mobile=&#8221;on&#8221; global_colors_info=&#8221;{}&#8221;] [\/et_pb_image][et_pb_text admin_label=&#8221;Elva y Encarni&#8221; _builder_version=&#8221;4.17.4&#8243; text_text_color=&#8221;#7a26a8&#8243; text_font_size=&#8221;22&#8243; background_size=&#8221;initial&#8221; background_position=&#8221;top_left&#8221; background_repeat=&#8221;repeat&#8221; use_border_color=&#8221;off&#8221; border_color=&#8221;#ffffff&#8221; border_style=&#8221;solid&#8221; global_colors_info=&#8221;{}&#8221;]<\/p>\n<p style=\"text-align: center\"><strong>Irene P\u00e9rez<\/strong><\/p>\n<p>[\/et_pb_text][et_pb_text admin_label=&#8221;Texto&#8221; _builder_version=&#8221;4.17.4&#8243; text_font_size=&#8221;18&#8243; background_size=&#8221;initial&#8221; background_position=&#8221;top_left&#8221; background_repeat=&#8221;repeat&#8221; use_border_color=&#8221;off&#8221; border_color=&#8221;#ffffff&#8221; border_style=&#8221;solid&#8221; global_colors_info=&#8221;{}&#8221;]<\/p>\n<p style=\"text-align: center\"><strong>\u201cDogs as motivational tools in occupational therapy sessions&#8221;<\/strong><\/p>\n<p>&nbsp;<\/p>\n<p>[\/et_pb_text][et_pb_toggle title=&#8221;workshop summary&#8221; disabled_on=&#8221;off|off|off&#8221; admin_label=&#8221;Conmutador&#8221; _builder_version=&#8221;4.17.4&#8243; background_size=&#8221;initial&#8221; background_position=&#8221;top_left&#8221; background_repeat=&#8221;repeat&#8221; use_border_color=&#8221;off&#8221; border_color=&#8221;#ffffff&#8221; border_style=&#8221;solid&#8221; global_colors_info=&#8221;{}&#8221;]<\/p>\n<p>Experiential workshop on the role of dogs in animal-assisted intervention sessions. How to select and train a dog to help therapists achieve their therapeutic goals.<\/p>\n<p>[\/et_pb_toggle][\/et_pb_column][\/et_pb_row][et_pb_row column_structure=&#8221;1_2,1_2&#8243; disabled_on=&#8221;off|off|off&#8221; admin_label=&#8221;row&#8221; _builder_version=&#8221;4.16&#8243; background_size=&#8221;initial&#8221; background_position=&#8221;top_left&#8221; background_repeat=&#8221;repeat&#8221; global_colors_info=&#8221;{}&#8221;][et_pb_column type=&#8221;1_2&#8243; _builder_version=&#8221;4.16&#8243; custom_padding=&#8221;|||&#8221; global_colors_info=&#8221;{}&#8221; custom_padding__hover=&#8221;|||&#8221;][et_pb_image src=&#8221;https:\/\/congresoterapiaocupacional.umh.es\/files\/2026\/02\/7057-150&#215;150.jpg&#8221; title_text=&#8221;7057&#8243; align=&#8221;center&#8221; align_tablet=&#8221;center&#8221; align_phone=&#8221;center&#8221; align_last_edited=&#8221;on|desktop&#8221; admin_label=&#8221;Imagen&#8221; _builder_version=&#8221;4.17.4&#8243; width=&#8221;41%&#8221; animation=&#8221;off&#8221; sticky=&#8221;off&#8221; use_border_color=&#8221;off&#8221; border_color=&#8221;#ffffff&#8221; border_style=&#8221;solid&#8221; always_center_on_mobile=&#8221;on&#8221; global_colors_info=&#8221;{}&#8221;] [\/et_pb_image][et_pb_text admin_label=&#8221;Mandy Catherine Daly ACII&#8221; _builder_version=&#8221;4.17.4&#8243; text_text_color=&#8221;#7a26a8&#8243; text_font_size=&#8221;22&#8243; background_size=&#8221;initial&#8221; background_position=&#8221;top_left&#8221; background_repeat=&#8221;repeat&#8221; use_border_color=&#8221;off&#8221; border_color=&#8221;#ffffff&#8221; border_style=&#8221;solid&#8221; global_colors_info=&#8221;{}&#8221;]<\/p>\n<p style=\"text-align: center\"><strong>Nieves P\u00e9rez Vidal<\/strong><\/p>\n<p>[\/et_pb_text][et_pb_text admin_label=&#8221;Texto&#8221; _builder_version=&#8221;4.17.4&#8243; text_font_size=&#8221;18&#8243; background_size=&#8221;initial&#8221; background_position=&#8221;top_left&#8221; background_repeat=&#8221;repeat&#8221; use_border_color=&#8221;off&#8221; border_color=&#8221;#ffffff&#8221; border_style=&#8221;solid&#8221; global_colors_info=&#8221;{}&#8221;]<\/p>\n<p style=\"text-align: center\"><strong>&#8220;Sensory stimulation workshop<\/strong><strong>&#8220;<\/strong><\/p>\n<p style=\"text-align: center\"><strong>\u00a0<\/strong><\/p>\n<p>[\/et_pb_text][et_pb_toggle title=&#8221;workshop summary&#8221; disabled_on=&#8221;off|off|off&#8221; admin_label=&#8221;Conmutador&#8221; _builder_version=&#8221;4.17.4&#8243; background_size=&#8221;initial&#8221; background_position=&#8221;top_left&#8221; background_repeat=&#8221;repeat&#8221; use_border_color=&#8221;off&#8221; border_color=&#8221;#ffffff&#8221; border_style=&#8221;solid&#8221; global_colors_info=&#8221;{}&#8221;]<\/p>\n<p>We will work on the correct development of a sensory profile and the adaptation of tools to stressors, daily demands and functional objectives in terms of the patient&#8217;s ADL, taking into account their self-care pyramid, personal objectives and an integrative vision.<\/p>\n<p>[\/et_pb_toggle][\/et_pb_column][et_pb_column type=&#8221;1_2&#8243; _builder_version=&#8221;4.16&#8243; custom_padding=&#8221;|||&#8221; global_colors_info=&#8221;{}&#8221; custom_padding__hover=&#8221;|||&#8221;][\/et_pb_column][\/et_pb_row][\/et_pb_section]<\/p>\n","protected":false},"excerpt":{"rendered":"<p>Cristina Perdomo\u201cPractical Application of Social Robots in Elderly People with Cognitive Impairment\u201dLa &#8220;Terapia a trav\u00e9s de la Aventura&#8221; es una disciplina de intervenci\u00f3n terap\u00e9utica nueva en nuestro pa\u00eds, no as\u00ed en pa\u00edses anglosajones y del centro \/ norte de Europa donde se desarrolla desde hace m\u00e1s de 50 a\u00f1os, con buenos resultados y una metodolog\u00eda [&hellip;]<\/p>\n","protected":false},"author":6277,"featured_media":0,"parent":0,"menu_order":0,"comment_status":"open","ping_status":"open","template":"","meta":{"_et_pb_use_builder":"on","_et_pb_old_content":"","_et_gb_content_width":"","_links_to":"","_links_to_target":""},"_links":{"self":[{"href":"https:\/\/congresoterapiaocupacional.umh.es\/en\/wp-json\/wp\/v2\/pages\/30591"}],"collection":[{"href":"https:\/\/congresoterapiaocupacional.umh.es\/en\/wp-json\/wp\/v2\/pages"}],"about":[{"href":"https:\/\/congresoterapiaocupacional.umh.es\/en\/wp-json\/wp\/v2\/types\/page"}],"author":[{"embeddable":true,"href":"https:\/\/congresoterapiaocupacional.umh.es\/en\/wp-json\/wp\/v2\/users\/6277"}],"replies":[{"embeddable":true,"href":"https:\/\/congresoterapiaocupacional.umh.es\/en\/wp-json\/wp\/v2\/comments?post=30591"}],"version-history":[{"count":0,"href":"https:\/\/congresoterapiaocupacional.umh.es\/en\/wp-json\/wp\/v2\/pages\/30591\/revisions"}],"wp:attachment":[{"href":"https:\/\/congresoterapiaocupacional.umh.es\/en\/wp-json\/wp\/v2\/media?parent=30591"}],"curies":[{"name":"wp","href":"https:\/\/api.w.org\/{rel}","templated":true}]}}