{"id":30582,"date":"2022-11-15T12:27:42","date_gmt":"2022-11-15T12:27:42","guid":{"rendered":"https:\/\/congresoterapiaocupacional.umh.es\/?page_id=30582"},"modified":"2026-02-05T12:12:28","modified_gmt":"2026-02-05T12:12:28","slug":"speakers-2","status":"publish","type":"page","link":"https:\/\/congresoterapiaocupacional.umh.es\/en\/speakers-2\/","title":{"rendered":"Speakers"},"content":{"rendered":"<p>[et_pb_section fb_built=&#8221;1&#8243; disabled_on=&#8221;off|off|off&#8221; admin_label=&#8221;section&#8221; _builder_version=&#8221;4.16&#8243; global_colors_info=&#8221;{}&#8221;][et_pb_row column_structure=&#8221;1_2,1_2&#8243; _builder_version=&#8221;4.17.4&#8243; _module_preset=&#8221;default&#8221; global_colors_info=&#8221;{}&#8221;][et_pb_column type=&#8221;1_2&#8243; _builder_version=&#8221;4.17.4&#8243; _module_preset=&#8221;default&#8221; global_colors_info=&#8221;{}&#8221;][et_pb_image src=&#8221;https:\/\/congresoterapiaocupacional.umh.es\/files\/2025\/12\/WhatsApp-Image-2025-12-01-at-16.31.30-5-289&#215;300.jpeg&#8221; title_text=&#8221;WhatsApp Image 2025-12-01 at 16.31.30&#8243; align=&#8221;center&#8221; _builder_version=&#8221;4.17.4&#8243; _module_preset=&#8221;default&#8221; min_height=&#8221;215px&#8221; global_colors_info=&#8221;{}&#8221;][\/et_pb_image][\/et_pb_column][et_pb_column type=&#8221;1_2&#8243; _builder_version=&#8221;4.17.4&#8243; _module_preset=&#8221;default&#8221; global_colors_info=&#8221;{}&#8221;][et_pb_text _builder_version=&#8221;4.17.4&#8243; _module_preset=&#8221;default&#8221; text_font_size=&#8221;25px&#8221; global_colors_info=&#8221;{}&#8221;]<\/p>\n<p><strong>CRISTINA PERDOMO<\/strong><\/p>\n<p>[\/et_pb_text][et_pb_text _builder_version=&#8221;4.17.4&#8243; _module_preset=&#8221;default&#8221; global_colors_info=&#8221;{}&#8221;]<\/p>\n<p data-start=\"0\" data-end=\"131\"><strong data-start=\"0\" data-end=\"10\">Title:<\/strong> Benefits of robot therapy as a therapeutic intervention for elderly people with cognitive impairment.<\/p>\n<p data-start=\"133\" data-end=\"161\"><strong data-start=\"133\" data-end=\"146\">Abstract: <\/strong>The talk will discuss the benefits of robot therapy as a therapeutic intervention for elderly people with cognitive impairment.<br \/>An occupational therapist by training, she obtained her PhD in design and usability of assistive technology for rehabilitation at the Universidade Estadual Paulista (Brazil) and completed a postdoctoral fellowship in technological co-design at the University of Manitoba (Canada). She currently coordinates funded projects in the areas of robot therapy and assistive technology for rehabilitation in Spain, Canada and Chile.<\/p>\n<p data-start=\"163\" data-end=\"233\"><strong data-start=\"163\" data-end=\"179\">Affiliation: <\/strong>Professor-researcher at Rey Juan Carlos University and member of the board of directors of the European Network of Occupational Therapy in Higher Education (ENOTHE).<\/p>\n<p>[\/et_pb_text][\/et_pb_column][\/et_pb_row][et_pb_row column_structure=&#8221;1_2,1_2&#8243; disabled_on=&#8221;off|off|off&#8221; _builder_version=&#8221;4.17.4&#8243; _module_preset=&#8221;default&#8221; global_colors_info=&#8221;{}&#8221;][et_pb_column type=&#8221;1_2&#8243; _builder_version=&#8221;4.17.4&#8243; _module_preset=&#8221;default&#8221; global_colors_info=&#8221;{}&#8221;][et_pb_image src=&#8221;https:\/\/congresoterapiaocupacional.umh.es\/files\/2026\/02\/WhatsApp-Image-2026-02-02-at-14.12.39-300&#215;292.jpeg&#8221; title_text=&#8221;WhatsApp Image 2026-02-02 at 14.12.39&#8243; align=&#8221;center&#8221; _builder_version=&#8221;4.17.4&#8243; _module_preset=&#8221;default&#8221; width=&#8221;75.2%&#8221; min_height=&#8221;285px&#8221; global_colors_info=&#8221;{}&#8221;][\/et_pb_image][\/et_pb_column][et_pb_column type=&#8221;1_2&#8243; _builder_version=&#8221;4.17.4&#8243; _module_preset=&#8221;default&#8221; global_colors_info=&#8221;{}&#8221;][et_pb_text _builder_version=&#8221;4.17.4&#8243; _module_preset=&#8221;default&#8221; text_font_size=&#8221;25px&#8221; global_colors_info=&#8221;{}&#8221;]<\/p>\n<p><strong>JO ADAMS<\/strong><\/p>\n<p>[\/et_pb_text][et_pb_text _builder_version=&#8221;4.17.4&#8243; _module_preset=&#8221;default&#8221; hover_enabled=&#8221;0&#8243; global_colors_info=&#8221;{}&#8221; sticky_enabled=&#8221;0&#8243;]<\/p>\n<p data-start=\"0\" data-end=\"82\"><strong data-start=\"0\" data-end=\"10\">Title:<\/strong> Clinical research approaches in occupational therapy to examine the effectiveness of self-management in people living with musculoskeletal conditions.<\/p>\n<p data-start=\"84\" data-end=\"112\"><strong data-start=\"84\" data-end=\"97\">Abstract:\u00a0<\/strong>Jo qualified as an occupational therapist in 1986. She has worked in the United Kingdom, United States, Canada, Uganda, and Bangladesh in clinical, community, charitable, and higher education settings. For the past 30 years, Jo has conducted interdisciplinary research focused on examining the effectiveness of self-management strategies for people living with musculoskeletal conditions. All of her research work has been collaborative. She has had the privilege of working for many years alongside excellent teams of occupational therapy students, people living with musculoskeletal conditions, other health professionals, engineers, surgeons, rheumatologists and education professionals.<\/p>\n<p data-start=\"114\" data-end=\"132\"><strong data-start=\"114\" data-end=\"130\">Affiliation: <\/strong>Visiting professor of Musculoskeletal Health, Professional lead for Occupational Therapy, University of Southampton.<\/p>\n<p>[\/et_pb_text][\/et_pb_column][\/et_pb_row][et_pb_row column_structure=&#8221;1_2,1_2&#8243; disabled_on=&#8221;on|on|on&#8221; _builder_version=&#8221;4.17.4&#8243; _module_preset=&#8221;default&#8221; disabled=&#8221;on&#8221; global_colors_info=&#8221;{}&#8221;][et_pb_column type=&#8221;1_2&#8243; _builder_version=&#8221;4.17.4&#8243; _module_preset=&#8221;default&#8221; global_colors_info=&#8221;{}&#8221;][et_pb_image src=&#8221;https:\/\/congresoterapiaocupacional.umh.es\/files\/2025\/01\/Anita.jpeg&#8221; title_text=&#8221;Anita&#8221; align=&#8221;center&#8221; _builder_version=&#8221;4.17.4&#8243; _module_preset=&#8221;default&#8221; global_colors_info=&#8221;{}&#8221;][\/et_pb_image][\/et_pb_column][et_pb_column type=&#8221;1_2&#8243; _builder_version=&#8221;4.17.4&#8243; _module_preset=&#8221;default&#8221; global_colors_info=&#8221;{}&#8221;][et_pb_text _builder_version=&#8221;4.17.4&#8243; _module_preset=&#8221;default&#8221; text_font_size=&#8221;25px&#8221; global_colors_info=&#8221;{}&#8221;]<\/p>\n<p><strong>ANITA ATWAL<\/strong><\/p>\n<p>[\/et_pb_text][et_pb_text _builder_version=&#8221;4.17.4&#8243; _module_preset=&#8221;default&#8221; global_colors_info=&#8221;{}&#8221;]<\/p>\n<p data-start=\"0\" data-end=\"37\"><strong data-start=\"0\" data-end=\"10\">Title:<\/strong> Occupational therapists should stop promising that we can change the world. Call for action<\/p>\n<p data-start=\"39\" data-end=\"67\"><strong data-start=\"39\" data-end=\"52\">Abstract:<\/strong> Coming soon.<\/p>\n<p data-start=\"69\" data-end=\"98\" data-is-last-node=\"\" data-is-only-node=\"\"><strong data-start=\"69\" data-end=\"85\">Affiliation:<\/strong> Coming soon.<\/p>\n<p>[\/et_pb_text][\/et_pb_column][\/et_pb_row][et_pb_row column_structure=&#8221;1_2,1_2&#8243; disabled_on=&#8221;on|on|on&#8221; _builder_version=&#8221;4.17.4&#8243; _module_preset=&#8221;default&#8221; disabled=&#8221;on&#8221; global_colors_info=&#8221;{}&#8221;][et_pb_column type=&#8221;1_2&#8243; _builder_version=&#8221;4.17.4&#8243; _module_preset=&#8221;default&#8221; global_colors_info=&#8221;{}&#8221;][et_pb_image src=&#8221;https:\/\/congresoterapiaocupacional.umh.es\/files\/2025\/01\/IMG-20250124-WA0006-300&#215;200.jpg&#8221; title_text=&#8221;IMG-20250124-WA0006&#8243; align=&#8221;center&#8221; _builder_version=&#8221;4.17.4&#8243; _module_preset=&#8221;default&#8221; global_colors_info=&#8221;{}&#8221;][\/et_pb_image][\/et_pb_column][et_pb_column type=&#8221;1_2&#8243; _builder_version=&#8221;4.17.4&#8243; _module_preset=&#8221;default&#8221; global_colors_info=&#8221;{}&#8221;][et_pb_text _builder_version=&#8221;4.17.4&#8243; _module_preset=&#8221;default&#8221; text_font_size=&#8221;25px&#8221; global_colors_info=&#8221;{}&#8221;]<\/p>\n<p><strong>DANIEL CEZAR DA CRUZ<\/strong><\/p>\n<p>[\/et_pb_text][et_pb_text _builder_version=&#8221;4.17.4&#8243; _module_preset=&#8221;default&#8221; custom_padding=&#8221;||0px|||&#8221; global_colors_info=&#8221;{}&#8221;]<\/p>\n<p data-start=\"0\" data-end=\"86\"><strong data-start=\"0\" data-end=\"10\">Title:<\/strong> <em data-start=\"11\" data-end=\"84\">Why Do We Need an Occupation-Centered Practice in Occupational Therapy?<\/em><\/p>\n<p data-start=\"88\" data-end=\"116\"><strong data-start=\"88\" data-end=\"101\">Abstract:<\/strong> Coming soon.<\/p>\n<p data-start=\"118\" data-end=\"251\" data-is-last-node=\"\" data-is-only-node=\"\"><strong data-start=\"118\" data-end=\"134\">Affiliation:\u00a0<\/strong>Lecturer at Leeds Beckett University, United Kingdom.\u00a0Associate Editor of the <em data-start=\"217\" data-end=\"250\">Journal of Occupational Science<\/em>.<\/p>\n<p>[\/et_pb_text][\/et_pb_column][\/et_pb_row][et_pb_row column_structure=&#8221;1_2,1_2&#8243; disabled_on=&#8221;on|on|on&#8221; _builder_version=&#8221;4.17.4&#8243; _module_preset=&#8221;default&#8221; disabled=&#8221;on&#8221; global_colors_info=&#8221;{}&#8221;][et_pb_column type=&#8221;1_2&#8243; _builder_version=&#8221;4.17.4&#8243; _module_preset=&#8221;default&#8221; global_colors_info=&#8221;{}&#8221;][et_pb_image src=&#8221;https:\/\/congresoterapiaocupacional.umh.es\/files\/2025\/05\/Imagen-de-WhatsApp-2025-05-07-a-las-12.38.44_abd5a967-279&#215;300.jpg&#8221; title_text=&#8221;Imagen de WhatsApp 2025-05-07 a las 12.38.44_abd5a967&#8243; align=&#8221;center&#8221; _builder_version=&#8221;4.17.4&#8243; _module_preset=&#8221;default&#8221; global_colors_info=&#8221;{}&#8221;][\/et_pb_image][\/et_pb_column][et_pb_column type=&#8221;1_2&#8243; _builder_version=&#8221;4.17.4&#8243; _module_preset=&#8221;default&#8221; global_colors_info=&#8221;{}&#8221;][et_pb_text _builder_version=&#8221;4.17.4&#8243; _module_preset=&#8221;default&#8221; text_font_size=&#8221;25px&#8221; global_colors_info=&#8221;{}&#8221;]<\/p>\n<p><strong>Julienne Devroedt<br \/><\/strong><\/p>\n<p>[\/et_pb_text][et_pb_text _builder_version=&#8221;4.17.4&#8243; _module_preset=&#8221;default&#8221; global_colors_info=&#8221;{}&#8221;]<\/p>\n<div class=\"et_pb_module et_pb_text et_pb_text_5  et_pb_text_align_left et_pb_bg_layout_light\">\n<div class=\"et_pb_text_inner\">\n<p data-start=\"74\" data-end=\"213\"><strong data-start=\"74\" data-end=\"84\">Title:<\/strong>\u00a0L\u00b4apprentissage par projet: faciliter de d\u00e9veloppment de comp\u00e9tence chez les \u00e9tudiants Ergoth\u00e9rapeute<\/p>\n<p data-start=\"215\" data-end=\"242\"><strong data-start=\"215\" data-end=\"228\">Abstract:<\/strong> Coming soon<\/p>\n<p data-start=\"244\" data-end=\"557\"><strong data-start=\"244\" data-end=\"260\">Affiliation:<\/strong> Ergoth\u00e9rapeute De et Coordinatrice p\u00e9dagogique Ecole d\u00b4ASSAS.<\/p>\n<\/div>\n<\/div>\n<p>[\/et_pb_text][\/et_pb_column][\/et_pb_row][\/et_pb_section]<\/p>\n","protected":false},"excerpt":{"rendered":"<p>CRISTINA PERDOMOTitle: Benefits of robot therapy as a therapeutic intervention for elderly people with cognitive impairment. Abstract: The talk will discuss the benefits of robot therapy as a therapeutic intervention for elderly people with cognitive impairment.An occupational therapist by training, she obtained her PhD in design and usability of assistive technology for rehabilitation at the [&hellip;]<\/p>\n","protected":false},"author":6277,"featured_media":0,"parent":0,"menu_order":0,"comment_status":"open","ping_status":"open","template":"","meta":{"_et_pb_use_builder":"on","_et_pb_old_content":"","_et_gb_content_width":"","_links_to":"","_links_to_target":""},"_links":{"self":[{"href":"https:\/\/congresoterapiaocupacional.umh.es\/en\/wp-json\/wp\/v2\/pages\/30582"}],"collection":[{"href":"https:\/\/congresoterapiaocupacional.umh.es\/en\/wp-json\/wp\/v2\/pages"}],"about":[{"href":"https:\/\/congresoterapiaocupacional.umh.es\/en\/wp-json\/wp\/v2\/types\/page"}],"author":[{"embeddable":true,"href":"https:\/\/congresoterapiaocupacional.umh.es\/en\/wp-json\/wp\/v2\/users\/6277"}],"replies":[{"embeddable":true,"href":"https:\/\/congresoterapiaocupacional.umh.es\/en\/wp-json\/wp\/v2\/comments?post=30582"}],"version-history":[{"count":0,"href":"https:\/\/congresoterapiaocupacional.umh.es\/en\/wp-json\/wp\/v2\/pages\/30582\/revisions"}],"wp:attachment":[{"href":"https:\/\/congresoterapiaocupacional.umh.es\/en\/wp-json\/wp\/v2\/media?parent=30582"}],"curies":[{"name":"wp","href":"https:\/\/api.w.org\/{rel}","templated":true}]}}