{"id":30177,"date":"2022-10-30T20:46:09","date_gmt":"2022-10-30T20:46:09","guid":{"rendered":"https:\/\/congresoterapiaocupacional.umh.es\/?page_id=30177"},"modified":"2025-10-08T22:09:11","modified_gmt":"2025-10-08T22:09:11","slug":"contact","status":"publish","type":"page","link":"https:\/\/congresoterapiaocupacional.umh.es\/en\/contact\/","title":{"rendered":"Contact"},"content":{"rendered":"<p>[et_pb_section fb_built=&#8221;1&#8243; admin_label=&#8221;section&#8221; _builder_version=&#8221;4.16&#8243; global_colors_info=&#8221;{}&#8221;][et_pb_row admin_label=&#8221;Fila&#8221; _builder_version=&#8221;4.16&#8243; background_size=&#8221;initial&#8221; background_position=&#8221;top_left&#8221; background_repeat=&#8221;repeat&#8221; global_colors_info=&#8221;{}&#8221;][et_pb_column type=&#8221;4_4&#8243; _builder_version=&#8221;4.16&#8243; custom_padding=&#8221;|||&#8221; global_colors_info=&#8221;{}&#8221; custom_padding__hover=&#8221;|||&#8221;][et_pb_text admin_label=&#8221;Texto&#8221; _builder_version=&#8221;4.17.4&#8243; text_text_color=&#8221;#7a26a8&#8243; text_font_size=&#8221;25&#8243; background_size=&#8221;initial&#8221; background_position=&#8221;top_left&#8221; background_repeat=&#8221;repeat&#8221; use_border_color=&#8221;off&#8221; border_color=&#8221;#ffffff&#8221; border_style=&#8221;solid&#8221; global_colors_info=&#8221;{}&#8221;]<\/p>\n<p style=\"text-align: center\"><strong>Contact us<\/strong><\/p>\n<p>[\/et_pb_text][et_pb_text admin_label=&#8221;Texto&#8221; _builder_version=&#8221;4.17.4&#8243; text_text_color=&#8221;#7a26a8&#8243; text_font_size=&#8221;16&#8243; background_size=&#8221;initial&#8221; background_position=&#8221;top_left&#8221; background_repeat=&#8221;repeat&#8221; use_border_color=&#8221;off&#8221; border_color=&#8221;#ffffff&#8221; border_style=&#8221;solid&#8221; global_colors_info=&#8221;{}&#8221;]<\/p>\n<p style=\"text-align: center\">Not stay with the doubts!<\/p>\n<p>[\/et_pb_text][\/et_pb_column][\/et_pb_row][et_pb_row column_structure=&#8221;1_2,1_2&#8243; admin_label=&#8221;row&#8221; _builder_version=&#8221;4.16&#8243; background_size=&#8221;initial&#8221; background_position=&#8221;top_left&#8221; background_repeat=&#8221;repeat&#8221; global_colors_info=&#8221;{}&#8221;][et_pb_column type=&#8221;1_2&#8243; _builder_version=&#8221;4.16&#8243; custom_padding=&#8221;|||&#8221; global_colors_info=&#8221;{}&#8221; custom_padding__hover=&#8221;|||&#8221;][et_pb_text admin_label=&#8221;Texto&#8221; _builder_version=&#8221;4.17.4&#8243; text_font_size=&#8221;18&#8243; text_line_height=&#8221;1.8em&#8221; background_size=&#8221;initial&#8221; background_position=&#8221;top_left&#8221; background_repeat=&#8221;repeat&#8221; border_width_all=&#8221;0px&#8221; border_color_all=&#8221;#7a26a8&#8243; border_style_all=&#8221;solid&#8221; use_border_color=&#8221;on&#8221; border_color=&#8221;#7a26a8&#8243; border_style=&#8221;solid&#8221; global_colors_info=&#8221;{}&#8221;]<\/p>\n<p>If you have any questions or doubts, contact us by filling out this form and we will answer you as soon as possible.<\/p>\n<p>[\/et_pb_text][et_pb_contact_form captcha=&#8221;off&#8221; email=&#8221;presidenta9cieto@gmail.com&#8221; use_redirect=&#8221;on&#8221; redirect_url=&#8221;http:\/\/congresoterapiaocupacional.umh.es\/contacto-3\/&#8221; success_message=&#8221;Su mensaje ha sido enviado satisfactoriamente.&#8221; admin_label=&#8221;Formulario de contacto&#8221; _builder_version=&#8221;4.17.4&#8243; _unique_id=&#8221;e35e5946-6c94-4b08-bb50-f7e22bdaec81&#8243; border_radii=&#8221;on|0px|0px|0px|0px&#8221; use_border_color=&#8221;off&#8221; border_color=&#8221;#ffffff&#8221; border_style=&#8221;solid&#8221; input_border_radius=&#8221;0&#8243; global_colors_info=&#8221;{}&#8221;][et_pb_contact_field field_id=&#8221;Name&#8221; field_title=&#8221;Nombre (requerido)&#8221; _builder_version=&#8221;4.16&#8243; form_field_font=&#8221;||||&#8221; use_border_color=&#8221;off&#8221; border_style=&#8221;solid&#8221; global_colors_info=&#8221;{}&#8221; button_text_size__hover_enabled=&#8221;off&#8221; button_one_text_size__hover_enabled=&#8221;off&#8221; button_two_text_size__hover_enabled=&#8221;off&#8221; button_text_color__hover_enabled=&#8221;off&#8221; button_one_text_color__hover_enabled=&#8221;off&#8221; button_two_text_color__hover_enabled=&#8221;off&#8221; button_border_width__hover_enabled=&#8221;off&#8221; button_one_border_width__hover_enabled=&#8221;off&#8221; button_two_border_width__hover_enabled=&#8221;off&#8221; button_border_color__hover_enabled=&#8221;off&#8221; button_one_border_color__hover_enabled=&#8221;off&#8221; button_two_border_color__hover_enabled=&#8221;off&#8221; button_border_radius__hover_enabled=&#8221;off&#8221; button_one_border_radius__hover_enabled=&#8221;off&#8221; button_two_border_radius__hover_enabled=&#8221;off&#8221; button_letter_spacing__hover_enabled=&#8221;off&#8221; button_one_letter_spacing__hover_enabled=&#8221;off&#8221; button_two_letter_spacing__hover_enabled=&#8221;off&#8221; button_bg_color__hover_enabled=&#8221;off&#8221; button_one_bg_color__hover_enabled=&#8221;off&#8221; button_two_bg_color__hover_enabled=&#8221;off&#8221;] [\/et_pb_contact_field][et_pb_contact_field field_id=&#8221;Email&#8221; field_title=&#8221;Direcci\u00f3n de correo electr\u00f3nico (requerido)&#8221; field_type=&#8221;email&#8221; _builder_version=&#8221;4.16&#8243; form_field_font=&#8221;||||&#8221; use_border_color=&#8221;off&#8221; border_style=&#8221;solid&#8221; global_colors_info=&#8221;{}&#8221; button_text_size__hover_enabled=&#8221;off&#8221; button_one_text_size__hover_enabled=&#8221;off&#8221; button_two_text_size__hover_enabled=&#8221;off&#8221; button_text_color__hover_enabled=&#8221;off&#8221; button_one_text_color__hover_enabled=&#8221;off&#8221; button_two_text_color__hover_enabled=&#8221;off&#8221; button_border_width__hover_enabled=&#8221;off&#8221; button_one_border_width__hover_enabled=&#8221;off&#8221; button_two_border_width__hover_enabled=&#8221;off&#8221; button_border_color__hover_enabled=&#8221;off&#8221; button_one_border_color__hover_enabled=&#8221;off&#8221; button_two_border_color__hover_enabled=&#8221;off&#8221; button_border_radius__hover_enabled=&#8221;off&#8221; button_one_border_radius__hover_enabled=&#8221;off&#8221; button_two_border_radius__hover_enabled=&#8221;off&#8221; button_letter_spacing__hover_enabled=&#8221;off&#8221; button_one_letter_spacing__hover_enabled=&#8221;off&#8221; button_two_letter_spacing__hover_enabled=&#8221;off&#8221; button_bg_color__hover_enabled=&#8221;off&#8221; button_one_bg_color__hover_enabled=&#8221;off&#8221; button_two_bg_color__hover_enabled=&#8221;off&#8221;] [\/et_pb_contact_field][et_pb_contact_field field_id=&#8221;Issue&#8221; field_title=&#8221;Asunto&#8221; fullwidth_field=&#8221;on&#8221; _builder_version=&#8221;4.16&#8243; form_field_font=&#8221;||||&#8221; use_border_color=&#8221;off&#8221; border_style=&#8221;solid&#8221; global_colors_info=&#8221;{}&#8221; button_text_size__hover_enabled=&#8221;off&#8221; button_one_text_size__hover_enabled=&#8221;off&#8221; button_two_text_size__hover_enabled=&#8221;off&#8221; button_text_color__hover_enabled=&#8221;off&#8221; button_one_text_color__hover_enabled=&#8221;off&#8221; button_two_text_color__hover_enabled=&#8221;off&#8221; button_border_width__hover_enabled=&#8221;off&#8221; button_one_border_width__hover_enabled=&#8221;off&#8221; button_two_border_width__hover_enabled=&#8221;off&#8221; button_border_color__hover_enabled=&#8221;off&#8221; button_one_border_color__hover_enabled=&#8221;off&#8221; button_two_border_color__hover_enabled=&#8221;off&#8221; button_border_radius__hover_enabled=&#8221;off&#8221; button_one_border_radius__hover_enabled=&#8221;off&#8221; button_two_border_radius__hover_enabled=&#8221;off&#8221; button_letter_spacing__hover_enabled=&#8221;off&#8221; button_one_letter_spacing__hover_enabled=&#8221;off&#8221; button_two_letter_spacing__hover_enabled=&#8221;off&#8221; button_bg_color__hover_enabled=&#8221;off&#8221; button_one_bg_color__hover_enabled=&#8221;off&#8221; button_two_bg_color__hover_enabled=&#8221;off&#8221;][\/et_pb_contact_field][et_pb_contact_field field_id=&#8221;Message&#8221; field_title=&#8221;Mensaje&#8221; field_type=&#8221;text&#8221; _builder_version=&#8221;4.16&#8243; global_colors_info=&#8221;{}&#8221; button_text_size__hover_enabled=&#8221;off&#8221; button_one_text_size__hover_enabled=&#8221;off&#8221; button_two_text_size__hover_enabled=&#8221;off&#8221; button_text_color__hover_enabled=&#8221;off&#8221; button_one_text_color__hover_enabled=&#8221;off&#8221; button_two_text_color__hover_enabled=&#8221;off&#8221; button_border_width__hover_enabled=&#8221;off&#8221; button_one_border_width__hover_enabled=&#8221;off&#8221; button_two_border_width__hover_enabled=&#8221;off&#8221; button_border_color__hover_enabled=&#8221;off&#8221; button_one_border_color__hover_enabled=&#8221;off&#8221; button_two_border_color__hover_enabled=&#8221;off&#8221; button_border_radius__hover_enabled=&#8221;off&#8221; button_one_border_radius__hover_enabled=&#8221;off&#8221; button_two_border_radius__hover_enabled=&#8221;off&#8221; button_letter_spacing__hover_enabled=&#8221;off&#8221; button_one_letter_spacing__hover_enabled=&#8221;off&#8221; button_two_letter_spacing__hover_enabled=&#8221;off&#8221; button_bg_color__hover_enabled=&#8221;off&#8221; button_one_bg_color__hover_enabled=&#8221;off&#8221; button_two_bg_color__hover_enabled=&#8221;off&#8221;] [\/et_pb_contact_field][\/et_pb_contact_form][\/et_pb_column][et_pb_column type=&#8221;1_2&#8243; _builder_version=&#8221;4.16&#8243; custom_padding=&#8221;|||&#8221; global_colors_info=&#8221;{}&#8221; custom_padding__hover=&#8221;|||&#8221;][et_pb_text admin_label=&#8221;Texto&#8221; _builder_version=&#8221;4.17.4&#8243; text_font_size=&#8221;18&#8243; text_line_height=&#8221;1.8em&#8221; background_size=&#8221;initial&#8221; background_position=&#8221;top_left&#8221; background_repeat=&#8221;repeat&#8221; border_width_all=&#8221;0px&#8221; border_color_all=&#8221;#7a26a8&#8243; border_style_all=&#8221;solid&#8221; use_border_color=&#8221;on&#8221; border_color=&#8221;#7a26a8&#8243; border_style=&#8221;solid&#8221; global_colors_info=&#8221;{}&#8221;]<\/p>\n<p>Follow us on our social networks. If you have any questions, you can also send us messages there.<\/p>\n<p>[\/et_pb_text][et_pb_text admin_label=&#8221;Texto&#8221; _builder_version=&#8221;4.17.4&#8243; text_font_size=&#8221;18&#8243; text_line_height=&#8221;1.8em&#8221; background_size=&#8221;initial&#8221; background_position=&#8221;top_left&#8221; background_repeat=&#8221;repeat&#8221; hover_enabled=&#8221;0&#8243; use_border_color=&#8221;off&#8221; border_color=&#8221;#7a26a8&#8243; border_width=&#8221;2px&#8221; border_style=&#8221;solid&#8221; global_colors_info=&#8221;{}&#8221; sticky_enabled=&#8221;0&#8243;]<\/p>\n<p><strong>Instagram<\/strong>: @CIETOYCITO_<\/p>\n<p><strong>Twitter<\/strong>: @CIETOYCITOUMH<\/p>\n<p><strong>Facebook<\/strong>: CIETO Y CITO UMH<\/p>\n<p>[\/et_pb_text][\/et_pb_column][\/et_pb_row][\/et_pb_section]<\/p>\n","protected":false},"excerpt":{"rendered":"<p>Contact usNot stay with the doubts!If you have any questions or doubts, contact us by filling out this form and we will answer you as soon as possible. Follow us on our social networks. If you have any questions, you can also send us messages there.Instagram: @CIETOYCITO_ Twitter: @CIETOYCITOUMH Facebook: CIETO Y CITO UMH<\/p>\n","protected":false},"author":23339,"featured_media":0,"parent":0,"menu_order":0,"comment_status":"open","ping_status":"open","template":"","meta":{"_et_pb_use_builder":"on","_et_pb_old_content":"<p>[:es][et_pb_section admin_label=\"section\"][et_pb_row admin_label=\"Fila\"][et_pb_column type=\"4_4\"][et_pb_text admin_label=\"Texto\" background_layout=\"light\" text_orientation=\"left\" text_font_size=\"25\" text_text_color=\"#7a26a8\" use_border_color=\"off\" border_color=\"#ffffff\" border_style=\"solid\"]<\/p><p style=\"text-align: center;\"><strong>Contacta con nosotros<\/strong><\/p><p>[\/et_pb_text][et_pb_text admin_label=\"Texto\" background_layout=\"light\" text_orientation=\"left\" text_text_color=\"#7a26a8\" use_border_color=\"off\" border_color=\"#ffffff\" border_style=\"solid\" text_font_size=\"16\"]<\/p><p style=\"text-align: center;\">\u00a1No te quedes con las dudas!<\/p><p>[\/et_pb_text][\/et_pb_column][\/et_pb_row][et_pb_row admin_label=\"row\"][et_pb_column type=\"1_2\"][et_pb_text admin_label=\"Texto\" background_layout=\"light\" text_orientation=\"left\" use_border_color=\"on\" border_color=\"#7a26a8\" border_style=\"solid\" text_font_size=\"18\" text_line_height=\"1.8em\"]<\/p><p><strong><span style=\"font-weight: 400;\">Si tienes cualquier pregunta o duda, ponte en contacto con nosotros rellenando este formulario y te contestaremos lo antes posible.<\/span><\/strong><\/p><p>[\/et_pb_text][et_pb_contact_form admin_label=\"Formulario de contacto\" captcha=\"off\" email=\"presidenta9cieto@gmail.com\" use_redirect=\"on\" success_message=\"Su mensaje ha sido enviado satisfactoriamente.\" input_border_radius=\"0\" use_border_color=\"off\" border_color=\"#ffffff\" border_style=\"solid\" custom_button=\"off\" button_letter_spacing=\"0\" button_use_icon=\"default\" button_icon_placement=\"right\" button_on_hover=\"on\" button_letter_spacing_hover=\"0\" redirect_url=\"http:\/\/congresoterapiaocupacional.umh.es\/contacto-3\/\"]<\/p><p>[et_pb_contact_field field_title=\"Nombre (requerido)\" field_type=\"input\" field_id=\"Name\" required_mark=\"on\" fullwidth_field=\"off\" form_field_font_select=\"default\" form_field_font=\"||||\" use_border_color=\"off\" border_style=\"solid\"] [\/et_pb_contact_field][et_pb_contact_field field_title=\"Direcci\u00f3n de correo electr\u00f3nico (requerido)\" field_type=\"email\" field_id=\"Email\" required_mark=\"on\" fullwidth_field=\"off\" form_field_font_select=\"default\" form_field_font=\"||||\" use_border_color=\"off\" border_style=\"solid\"] [\/et_pb_contact_field][et_pb_contact_field field_id=\"Issue\" field_title=\"Asunto\" field_type=\"input\" required_mark=\"on\" fullwidth_field=\"on\" form_field_font_select=\"default\" form_field_font=\"||||\" use_border_color=\"off\" border_style=\"solid\" \/][et_pb_contact_field field_title=\"Mensaje\" field_type=\"text\" field_id=\"Message\" required_mark=\"on\"] [\/et_pb_contact_field]<\/p><p>[\/et_pb_contact_form][\/et_pb_column][et_pb_column type=\"1_2\"][et_pb_text admin_label=\"Texto\" background_layout=\"light\" text_orientation=\"left\" use_border_color=\"on\" border_color=\"#7a26a8\" border_style=\"solid\" text_font_size=\"18\" text_line_height=\"1.8em\"]<\/p><p>S\u00edguenos en nuestras redes sociales. Ante cualquier pregunta que te plantees, tambi\u00e9n puedes mandarnos mensajes por ah\u00ed.<\/p><p>[\/et_pb_text][et_pb_text admin_label=\"Texto\" background_layout=\"light\" text_orientation=\"left\" use_border_color=\"off\" border_color=\"#7a26a8\" border_style=\"solid\" text_font_size=\"18\" text_line_height=\"1.8em\" border_width=\"2px\"]<\/p><p><strong>Instagram<\/strong>: @CIETOYCITOUMH<\/p><p><strong>Twitter<\/strong>: @CIETOYCITOUMH<\/p><p><strong>Facebook<\/strong>: CIETO Y CITO UMH<\/p><p>[\/et_pb_text][\/et_pb_column][\/et_pb_row][\/et_pb_section][:en][et_pb_section admin_label=\"section\"][et_pb_row admin_label=\"Fila\"][et_pb_column type=\"4_4\"][et_pb_text admin_label=\"Texto\" background_layout=\"light\" text_orientation=\"left\" text_font_size=\"33\" text_text_color=\"#7a26a8\" use_border_color=\"off\" border_color=\"#ffffff\" border_style=\"solid\" text_font=\"|on|||\"]<\/p><p style=\"text-align: center;\">Contact us<\/p><p>[\/et_pb_text][et_pb_text admin_label=\"Texto\" background_layout=\"light\" text_orientation=\"left\" text_text_color=\"#7a26a8\" use_border_color=\"off\" border_color=\"#ffffff\" border_style=\"solid\" text_font_size=\"16\"]<\/p><p style=\"text-align: center;\">Don't be in doubt!<\/p><p>[\/et_pb_text][\/et_pb_column][\/et_pb_row][et_pb_row admin_label=\"row\"][et_pb_column type=\"1_2\"][et_pb_text admin_label=\"Texto\" background_layout=\"light\" text_orientation=\"left\" use_border_color=\"on\" border_color=\"#7a26a8\" border_style=\"solid\" text_font_size=\"18\" text_line_height=\"1.8em\"]<\/p><p>If you have any question, contact us. Please, fill out the next form and we will\u00a0respond you as soon as possible.<\/p><p>[\/et_pb_text][et_pb_contact_form admin_label=\"Formulario de contacto\" captcha=\"off\" email=\"presidenta9cieto@gmail.com\" use_redirect=\"on\" success_message=\"Su mensaje ha sido enviado satisfactoriamente.\" input_border_radius=\"0\" use_border_color=\"off\" border_color=\"#ffffff\" border_style=\"solid\" custom_button=\"off\" button_letter_spacing=\"0\" button_use_icon=\"default\" button_icon_placement=\"right\" button_on_hover=\"on\" button_letter_spacing_hover=\"0\" redirect_url=\"http:\/\/congresoterapiaocupacional.umh.es\/contacto-3\/\"]<\/p><p>[et_pb_contact_field field_title=\"Name\" field_type=\"input\" field_id=\"Name\" required_mark=\"on\" fullwidth_field=\"off\" form_field_font_select=\"default\" form_field_font=\"||||\" use_border_color=\"off\" border_style=\"solid\"] [\/et_pb_contact_field][et_pb_contact_field field_title=\"Email\" field_type=\"email\" field_id=\"Email\" required_mark=\"on\" fullwidth_field=\"off\" form_field_font_select=\"default\" form_field_font=\"||||\" use_border_color=\"off\" border_style=\"solid\"] [\/et_pb_contact_field][et_pb_contact_field field_id=\"Issue\" field_title=\"Issue\" field_type=\"input\" required_mark=\"on\" fullwidth_field=\"on\" form_field_font_select=\"default\" form_field_font=\"||||\" use_border_color=\"off\" border_style=\"solid\"] [\/et_pb_contact_field][et_pb_contact_field field_title=\"Message\" field_type=\"text\" field_id=\"Message\" required_mark=\"on\" fullwidth_field=\"on\" form_field_font_select=\"default\" form_field_font=\"||||\" use_border_color=\"off\" border_style=\"solid\"] [\/et_pb_contact_field]<\/p><p>[\/et_pb_contact_form][\/et_pb_column][et_pb_column type=\"1_2\"][et_pb_text admin_label=\"Texto\" background_layout=\"light\" text_orientation=\"left\" use_border_color=\"on\" border_color=\"#7a26a8\" border_style=\"solid\" text_font_size=\"18\" text_line_height=\"1.8em\"]<\/p><p style=\"text-align: center;\">Follow us on social network<\/p><p>[\/et_pb_text][et_pb_text admin_label=\"Texto\" background_layout=\"light\" text_orientation=\"left\" use_border_color=\"off\" border_color=\"#7a26a8\" border_style=\"solid\" text_font_size=\"18\" text_line_height=\"1.8em\"]<\/p><p style=\"text-align: left;\"><strong>Instagram:<\/strong> @CIETOYCITOUMH<\/p><p style=\"text-align: left;\"><strong>Twitter<\/strong>: @CIETOYCITOUMH<\/p><p style=\"text-align: left;\"><strong>Facebook:<\/strong> CIETO Y CITO UMH<\/p><p>[\/et_pb_text][\/et_pb_column][\/et_pb_row][\/et_pb_section][:fr][et_pb_section admin_label=\"section\"][et_pb_row admin_label=\"Fila\"][et_pb_column type=\"4_4\"][et_pb_text admin_label=\"Texto\" background_layout=\"light\" text_orientation=\"left\" text_font_size=\"33\" text_text_color=\"#7a26a8\" use_border_color=\"off\" border_color=\"#ffffff\" border_style=\"solid\" text_font=\"|on|||\"]<\/p><p style=\"text-align: center;\"><strong>Contactez-nous<\/strong><\/p><p>[\/et_pb_text][et_pb_text admin_label=\"Texto\" background_layout=\"light\" text_orientation=\"left\" text_text_color=\"#7a26a8\" use_border_color=\"off\" border_color=\"#ffffff\" border_style=\"solid\" text_font_size=\"16\"]<\/p><p style=\"text-align: center;\">Ne restez\u00a0pas avec\u00a0les doutes!<\/p><p>[\/et_pb_text][\/et_pb_column][\/et_pb_row][et_pb_row admin_label=\"row\"][et_pb_column type=\"1_2\"][et_pb_text admin_label=\"Texto\" background_layout=\"light\" text_orientation=\"left\" use_border_color=\"on\" border_color=\"#7a26a8\" border_style=\"solid\" text_font_size=\"18\" text_line_height=\"1.8em\"]<\/p><p>Nous restons \u00e0 votre disposition pour toute information compl\u00e9mentaire.<\/p><p>[\/et_pb_text][et_pb_contact_form admin_label=\"Formulario de contacto\" captcha=\"off\" email=\"presidenta9cieto@gmail.com\" use_redirect=\"on\" success_message=\"Su mensaje ha sido enviado satisfactoriamente.\" input_border_radius=\"0\" use_border_color=\"off\" border_color=\"#ffffff\" border_style=\"solid\" custom_button=\"off\" button_letter_spacing=\"0\" button_use_icon=\"default\" button_icon_placement=\"right\" button_on_hover=\"on\" button_letter_spacing_hover=\"0\" redirect_url=\"http:\/\/congresoterapiaocupacional.umh.es\/contacto-3\/\"]<\/p><p>[et_pb_contact_field field_title=\"Nom\" field_type=\"input\" field_id=\"Name\" required_mark=\"on\" fullwidth_field=\"off\" form_field_font_select=\"default\" form_field_font=\"||||\" use_border_color=\"off\" border_style=\"solid\"] [\/et_pb_contact_field][et_pb_contact_field field_title=\"Email\" field_type=\"email\" field_id=\"Email\" required_mark=\"on\" fullwidth_field=\"off\" form_field_font_select=\"default\" form_field_font=\"||||\" use_border_color=\"off\" border_style=\"solid\"] [\/et_pb_contact_field][et_pb_contact_field field_id=\"Issue\" field_title=\"Sujet\" field_type=\"input\" required_mark=\"on\" fullwidth_field=\"on\" form_field_font_select=\"default\" form_field_font=\"||||\" use_border_color=\"off\" border_style=\"solid\"] [\/et_pb_contact_field][et_pb_contact_field field_title=\"Message\" field_type=\"text\" field_id=\"Message\" required_mark=\"on\" fullwidth_field=\"on\" form_field_font_select=\"default\" form_field_font=\"||||\" use_border_color=\"off\" border_style=\"solid\"] [\/et_pb_contact_field]<\/p><p>[\/et_pb_contact_form][\/et_pb_column][et_pb_column type=\"1_2\"][et_pb_text admin_label=\"Texto\" background_layout=\"light\" text_orientation=\"left\" use_border_color=\"on\" border_color=\"#7a26a8\" border_style=\"solid\" text_font_size=\"18\" text_line_height=\"1.8em\"]<\/p><p>Suivez-nous sur nos r\u00e9seaux sociaux.<\/p><p>[\/et_pb_text][et_pb_text admin_label=\"Texto\" background_layout=\"light\" text_orientation=\"left\" use_border_color=\"off\" border_color=\"#7a26a8\" border_style=\"solid\" text_font_size=\"18\" text_line_height=\"1.8em\"]<\/p><p><strong>Instagram<\/strong>: @CIETOYCITOUMH<\/p><p><strong>Twitter<\/strong>: @CIETOYCITOUMH<\/p><p><strong>Facebook<\/strong>: CIETO Y CITO UMH<\/p><p>[\/et_pb_text][\/et_pb_column][\/et_pb_row][\/et_pb_section][:]<\/p>","_et_gb_content_width":"","_links_to":"","_links_to_target":""},"_links":{"self":[{"href":"https:\/\/congresoterapiaocupacional.umh.es\/en\/wp-json\/wp\/v2\/pages\/30177"}],"collection":[{"href":"https:\/\/congresoterapiaocupacional.umh.es\/en\/wp-json\/wp\/v2\/pages"}],"about":[{"href":"https:\/\/congresoterapiaocupacional.umh.es\/en\/wp-json\/wp\/v2\/types\/page"}],"author":[{"embeddable":true,"href":"https:\/\/congresoterapiaocupacional.umh.es\/en\/wp-json\/wp\/v2\/users\/23339"}],"replies":[{"embeddable":true,"href":"https:\/\/congresoterapiaocupacional.umh.es\/en\/wp-json\/wp\/v2\/comments?post=30177"}],"version-history":[{"count":0,"href":"https:\/\/congresoterapiaocupacional.umh.es\/en\/wp-json\/wp\/v2\/pages\/30177\/revisions"}],"wp:attachment":[{"href":"https:\/\/congresoterapiaocupacional.umh.es\/en\/wp-json\/wp\/v2\/media?parent=30177"}],"curies":[{"name":"wp","href":"https:\/\/api.w.org\/{rel}","templated":true}]}}