{"id":30105,"date":"2022-10-30T19:55:10","date_gmt":"2022-10-30T19:55:10","guid":{"rendered":"https:\/\/congresoterapiaocupacional.umh.es\/?page_id=30105"},"modified":"2025-11-07T10:44:00","modified_gmt":"2025-11-07T10:44:00","slug":"poster-contest","status":"publish","type":"page","link":"https:\/\/congresoterapiaocupacional.umh.es\/en\/poster-contest\/","title":{"rendered":"Poster contest"},"content":{"rendered":"<p>[et_pb_section fb_built=&#8221;1&#8243; admin_label=&#8221;section&#8221; _builder_version=&#8221;4.16&#8243; global_colors_info=&#8221;{}&#8221;][et_pb_row admin_label=&#8221;row&#8221; _builder_version=&#8221;4.16&#8243; background_size=&#8221;initial&#8221; background_position=&#8221;top_left&#8221; background_repeat=&#8221;repeat&#8221; global_colors_info=&#8221;{}&#8221;][et_pb_column type=&#8221;4_4&#8243; _builder_version=&#8221;4.16&#8243; custom_padding=&#8221;|||&#8221; global_colors_info=&#8221;{}&#8221; custom_padding__hover=&#8221;|||&#8221;][et_pb_text _builder_version=&#8221;4.17.4&#8243; _module_preset=&#8221;default&#8221; text_text_color=&#8221;#8300E9&#8243; text_font_size=&#8221;22px&#8221; global_colors_info=&#8221;{}&#8221;]<\/p>\n<h2 style=\"text-align: center\"><span style=\"color: #000000\"><strong>RULES OF THE POSTER CONTEST XIII CIETO<\/strong><\/span><\/h2>\n<p>[\/et_pb_text][et_pb_text _builder_version=&#8221;4.17.4&#8243; _module_preset=&#8221;default&#8221; text_text_color=&#8221;#8300E9&#8243; text_font_size=&#8221;16px&#8221; global_colors_info=&#8221;{}&#8221; disabled_on=&#8221;on|on|on&#8221; disabled=&#8221;on&#8221;]<\/p>\n<p style=\"text-align: center\"><span style=\"color: #000000\"><strong>Organization:<\/strong> International Congress of Occupational Therapy Students (CIETO) of the Miguel Hern\u00e1ndez University of the Sant Joan campus (Alacant).<\/span><\/p>\n<p style=\"text-align: center\"><span style=\"color: #000000\"><strong>1. Objective:<\/strong><\/span><br \/><span style=\"color: #000000\"> The purpose of this contest is to select the design for the poster of the XIII CIETO.<\/span><\/p>\n<p style=\"text-align: center\"><span style=\"color: #000000\"><strong>2. Participants:<\/strong><\/span><br \/><span style=\"color: #000000\"> All those who wish may participate, regardless of whether or not they belong to the degree in Occupational Therapy or to the Miguel Hern\u00e1ndez University.<\/span><\/p>\n<p style=\"text-align: center\"><span style=\"color: #000000\">The participant, by the fact of participating, is recognized as the legitimate and exclusive owner of any type of right that may derive from the designs presented, exempting the Miguel Hern\u00e1ndez University from any responsibility for them.<\/span><\/p>\n<p style=\"text-align: center\"><span style=\"color: #000000\"><strong>3. Designs:<\/strong><\/span><br \/><span style=\"color: #000000\"> The participant may submit all the designs they want, as long as the theme is related to Occupational Therapy.<\/span><\/p>\n<p style=\"text-align: center\"><span style=\"color: #000000\">The winning design may be requested slight changes.<\/span><\/p>\n<p style=\"text-align: center\"><span style=\"color: #000000\">The designs must be original and unpublished works that have not been awarded or represented in other contests or contests.<\/span><\/p>\n<p style=\"text-align: center\"><span style=\"color: #000000\">The design can be based on drawings, images, fonts, words, phrases, numbers or any other graphic element.<\/span><\/p>\n<p style=\"text-align: center\"><span style=\"color: #000000\">The posters must include the following points:<\/span><br \/><span style=\"color: #000000\"> \u25cf Title (highlighted): \u201cXII International Congress of Occupational Therapy Students\u201d. OR \u201cXIII CIETO\u201d<\/span><br \/><span style=\"color: #000000\"> \u25cf Date: May 8, 9 and 10.<\/span><br \/><span style=\"color: #000000\"> \u25cf Place: Assembly Hall of the Severo Ochoa Building on the San Juan campus of the UMH<\/span><br \/><span style=\"color: #000000\"> \u25cf Logos: CIETO, CITO, Miguel Hern\u00e1ndez University and Congress Center. Request formats to promocioN13cieto@gmail.com<\/span><br \/><span style=\"color: #000000\"> \u25cf Form and term of presentation: The works will be presented in digital format PDF and modifiable format to the email: promocion13cieto@gmail.com under the subject: &#8220;Cartel CIETO&#8221;. The personal data of the author of the poster (name, surnames and telephone number) must be included in the email sent. The submission period will be from October 11 to November 7, 2023.<\/span><\/p>\n<p style=\"text-align: center\"><span style=\"color: #000000\"><strong>4. Publication:<\/strong><\/span><br \/><span style=\"color: #000000\"> The winning design will be published on November 11. Before that, the author of the work will be personally informed.<\/span><\/p>\n<p style=\"text-align: center\"><span style=\"color: #000000\"><strong>5. Jury:<\/strong><\/span><br \/><span style=\"color: #000000\"> The posters will be valued by the Boards of Directors of CIETO.<\/span><\/p>\n<p style=\"text-align: center\"><span style=\"color: #000000\"><strong>6. Prizes:<\/strong><\/span><br \/><span style=\"color: #000000\"> The name of the winner of the contest will appear on the web, social networks and various events as a special collaborator of the congress in recognition of her work.<\/span><\/p>\n<p style=\"text-align: center\"><span style=\"color: #000000\">The winner of the award will be able to choose between opting for a scholarship for the CIETO with free attendance at the congress or a merchandising pack.<\/span><\/p>\n<p style=\"text-align: center\"><span style=\"color: #000000\"><strong>7. Obligations of the participants:<\/strong><\/span><br \/><span style=\"color: #000000\"> The presentation to the contest implies the authorization of the author of the disclosure of his work by any means of communication and the images that are going to be used are of free origin and not plagiarized.<\/span><\/p>\n<p style=\"text-align: center\"><span style=\"color: #000000\">By granting this award, the organizers exclusively acquire all the rights for reproduction, distribution, public communication and transformation, having the right to express the work by any means or tangible or intangible support, including each and every one of the modalities of exploitation, including the rights of reproduction in any support or format, as well as the rights of distribution and public communication of the work.<\/span><\/p>\n<p style=\"text-align: center\"><span style=\"color: #000000\"><strong>8. Other provisions:<\/strong><\/span><br \/><span style=\"color: #000000\"> Participation in this call implies accepting each and every one of the provisions contained in these rules and compliance with the decisions of the Jury. The organization reserves the right of admission for those works whose content may be controversial.<\/span><\/p>\n<p style=\"text-align: center\"><span style=\"color: #000000\"><strong>9. Attention to participants:<\/strong><\/span><br \/><span style=\"color: #000000\"> For any questions or clarification, you can contact us via email: promocion13cieto@gmail.com<\/span><\/p>\n<p>&nbsp;<\/p>\n<p>[\/et_pb_text][\/et_pb_column][\/et_pb_row][\/et_pb_section]<\/p>\n","protected":false},"excerpt":{"rendered":"<p>RULES OF THE POSTER CONTEST XIII CIETOOrganization: International Congress of Occupational Therapy Students (CIETO) of the Miguel Hern\u00e1ndez University of the Sant Joan campus (Alacant). 1. Objective: The purpose of this contest is to select the design for the poster of the XIII CIETO. 2. Participants: All those who wish may participate, regardless of whether [&hellip;]<\/p>\n","protected":false},"author":23339,"featured_media":0,"parent":0,"menu_order":0,"comment_status":"open","ping_status":"open","template":"","meta":{"_et_pb_use_builder":"on","_et_pb_old_content":"<p>[et_pb_section fb_built=\"1\" admin_label=\"section\" _builder_version=\"4.16\" global_colors_info=\"{}\"][et_pb_row admin_label=\"row\" _builder_version=\"4.16\" background_size=\"initial\" background_position=\"top_left\" background_repeat=\"repeat\" global_colors_info=\"{}\"][et_pb_column type=\"4_4\" _builder_version=\"4.16\" custom_padding=\"|||\" global_colors_info=\"{}\" custom_padding__hover=\"|||\"][et_pb_text _builder_version=\"4.17.4\" _module_preset=\"default\" text_text_color=\"#8300E9\" text_font_size=\"22px\" global_colors_info=\"{}\"]<\/p><p style=\"text-align: center;\"><strong>BASES DEL CONCURSO CARTEL XII CIETO Y VII CITO<\/strong><\/p><p>[\/et_pb_text][et_pb_text _builder_version=\"4.17.4\" _module_preset=\"default\" text_text_color=\"#8300E9\" text_font_size=\"16px\" hover_enabled=\"0\" global_colors_info=\"{}\" sticky_enabled=\"0\"]<\/p><p style=\"text-align: center;\">Organizaci\u00f3n: Congreso Internacional de Estudiantes de Terapia Ocupacional (CIETO) de la Universidad Miguel Hern\u00e1ndez del campus de Sant Joan (Alacant) y Congreso Internacional de Terapeutas Ocupacionales (CITO).<\/p><p style=\"text-align: center;\"><strong>1. Objetivo:<\/strong><br \/>El presente concurso tiene como finalidad la selecci\u00f3n del dise\u00f1o para el cartel del XII CIETO y VII CITO.<\/p><p style=\"text-align: center;\"><strong>2. Participantes:<\/strong><br \/>Podr\u00e1n participar todas aquellas personas que deseen, independientemente de pertenecer o no al grado de Terapia Ocupacional o a la Universidad Miguel Hern\u00e1ndez.<\/p><p style=\"text-align: center;\">El participante por el hecho de participar se reconoce como titular leg\u00edtimo y exclusivo de cualquier tipo de derecho que pudiera derivarse de los dise\u00f1os presentados, eximiendo a la Universidad Miguel Hern\u00e1ndez de cualquier responsabilidad de los mismos.<\/p><p style=\"text-align: center;\"><strong>3. Dise\u00f1os:<\/strong><br \/>El participante podr\u00e1 presentar todos los dise\u00f1os que desee, siempre que la tem\u00e1tica est\u00e9 relacionada con Terapia Ocupacional.<\/p><p style=\"text-align: center;\">Al dise\u00f1o ganador se le podr\u00e1n solicitar ligeros cambios.<\/p><p style=\"text-align: center;\">Los dise\u00f1os deber\u00e1n ser obras originales e in\u00e9ditas que no hayan sido premiadas o representadas en otros cert\u00e1menes o concursos.<\/p><p style=\"text-align: center;\">El dise\u00f1o puede realizarse en base a dibujos, im\u00e1genes, tipograf\u00edas, palabras, frases, n\u00fameros o cualquier otro elemento gr\u00e1fico.<\/p><p style=\"text-align: center;\">Los carteles deber\u00e1n incluir obligatoriamente los siguientes puntos:<br \/>\u25cf T\u00edtulo (destacado): \u201cXII Congreso Internacional de Estudiantes de Terapia Ocupacional y VII Congreso Internacional de Terapia Ocupacional\u201d. O \u201cXII CIETO Y VII CITO\u201d<br \/>\u25cf Fecha: 10, 11 y 12 de mayo.<br \/>\u25cf Lugar: Por determinar.<br \/>\u25cf Logos: CIETO, CITO, Universidad Miguel Hern\u00e1ndez y Centro de congresos. Solicitar formatos a promocioncietoo@gmail.com<br \/>\u25cf Forma y plazo de presentaci\u00f3n: Los trabajos se presentar\u00e1n en soporte digital formato PDF y formato modificable al correo electr\u00f3nico: promocioncietoo@gmail.com bajo el asunto: \u201cCartel CIETO\u201d. En el correo enviado deber\u00e1n incluirse los datos personales del autor del cartel (nombre, apellidos y n\u00famero de tel\u00e9fono). El plazo de presentaci\u00f3n ser\u00e1 desde el d\u00eda 11 de octubre hasta el d\u00eda 7 de noviembre de 2022.<\/p><p style=\"text-align: center;\"><strong>4. Publicaci\u00f3n:<\/strong><br \/>El dise\u00f1o ganador ser\u00e1 publicado el d\u00eda 11 de noviembre. Antes de ello se le comunicar\u00e1 personalmente al autor de la obra.<\/p><p style=\"text-align: center;\"><strong>5. Jurado:<\/strong><br \/>Los carteles ser\u00e1n valorados por las Juntas Directivas del CIETO y CITO.<\/p><p style=\"text-align: center;\"><strong>6. Premios:<\/strong><br \/>El nombre del ganador del concurso constar\u00e1 en web, redes sociales y diversos eventos como colaborador especial del congreso en reconocimiento por su trabajo.<\/p><p style=\"text-align: center;\">El ganador del premio podr\u00e1 elegir entre optar a una beca para el CIETO con asistencia gratuita al congreso o un pack de merchandising.<\/p><p style=\"text-align: center;\"><strong>7. Obligaciones de los participantes:<\/strong><br \/>La presentaci\u00f3n al concurso implica la autorizaci\u00f3n del autor de la divulgaci\u00f3n de su trabajo por cualquier medio de comunicaci\u00f3n y las im\u00e1genes que se vayan a utilizar sean de origen libre y no plagiadas.<\/p><p style=\"text-align: center;\">Mediante el otorgamiento de este premio los organizadores, adquieren en exclusiva todos los derechos para la reproducci\u00f3n, distribuci\u00f3n, comunicaci\u00f3n p\u00fablica y transformaci\u00f3n, teniendo derecho a expresar la obra por cualquier medio o soporte tangible, o intangible, comprendiendo, todas y cada una de las modalidades de explotaci\u00f3n, incluy\u00e9ndose los derechos de reproducci\u00f3n en cualquier soporte o formato, as\u00ed como los derechos de distribuci\u00f3n y comunicaci\u00f3n p\u00fablica de la obra.<\/p><p style=\"text-align: center;\"><strong>8. Otras disposiciones:<\/strong><br \/>La participaci\u00f3n en la presente convocatoria implica aceptar todas y cada una de las disposiciones contenidas en las presentes bases y la conformidad con las decisiones del Jurado. La organizaci\u00f3n se reserva el derecho de admisi\u00f3n para aquellos trabajos cuyo contenido pueda resultar controvertido.<\/p><p style=\"text-align: center;\"><strong>9. Atenci\u00f3n a participantes:<\/strong><br \/>Para cualquier duda o aclaraci\u00f3n se pueden poner en contacto a trav\u00e9s del correo electr\u00f3nico: promocioncietoo@gmail.com<\/p><p>\u00a0<\/p><p>[\/et_pb_text][\/et_pb_column][\/et_pb_row][\/et_pb_section]<\/p>","_et_gb_content_width":"","_links_to":"","_links_to_target":""},"_links":{"self":[{"href":"https:\/\/congresoterapiaocupacional.umh.es\/en\/wp-json\/wp\/v2\/pages\/30105"}],"collection":[{"href":"https:\/\/congresoterapiaocupacional.umh.es\/en\/wp-json\/wp\/v2\/pages"}],"about":[{"href":"https:\/\/congresoterapiaocupacional.umh.es\/en\/wp-json\/wp\/v2\/types\/page"}],"author":[{"embeddable":true,"href":"https:\/\/congresoterapiaocupacional.umh.es\/en\/wp-json\/wp\/v2\/users\/23339"}],"replies":[{"embeddable":true,"href":"https:\/\/congresoterapiaocupacional.umh.es\/en\/wp-json\/wp\/v2\/comments?post=30105"}],"version-history":[{"count":0,"href":"https:\/\/congresoterapiaocupacional.umh.es\/en\/wp-json\/wp\/v2\/pages\/30105\/revisions"}],"wp:attachment":[{"href":"https:\/\/congresoterapiaocupacional.umh.es\/en\/wp-json\/wp\/v2\/media?parent=30105"}],"curies":[{"name":"wp","href":"https:\/\/api.w.org\/{rel}","templated":true}]}}