{"id":30048,"date":"2022-10-30T19:06:13","date_gmt":"2022-10-30T19:06:13","guid":{"rendered":"https:\/\/congresoterapiaocupacional.umh.es\/?page_id=30048"},"modified":"2026-04-16T09:36:07","modified_gmt":"2026-04-16T09:36:07","slug":"inicio","status":"publish","type":"page","link":"https:\/\/congresoterapiaocupacional.umh.es\/en\/inicio\/","title":{"rendered":"Beginning"},"content":{"rendered":"<p>[et_pb_section fb_built=&#8221;1&#8243; admin_label=&#8221;section&#8221; _builder_version=&#8221;4.16&#8243; global_colors_info=&#8221;{}&#8221;][et_pb_row admin_label=&#8221;row&#8221; _builder_version=&#8221;4.16&#8243; background_size=&#8221;initial&#8221; background_position=&#8221;top_left&#8221; background_repeat=&#8221;repeat&#8221; min_height=&#8221;463.8px&#8221; global_colors_info=&#8221;{}&#8221;][et_pb_column type=&#8221;4_4&#8243; _builder_version=&#8221;4.16&#8243; custom_padding=&#8221;|||&#8221; global_colors_info=&#8221;{}&#8221; custom_padding__hover=&#8221;|||&#8221;][et_pb_text disabled_on=&#8221;on|on|on&#8221; admin_label=&#8221;Texto&#8221; _builder_version=&#8221;4.17.4&#8243; text_text_color=&#8221;#0066bf&#8221; text_font_size=&#8221;35&#8243; text_line_height=&#8221;1.8em&#8221; background_size=&#8221;initial&#8221; background_position=&#8221;top_left&#8221; background_repeat=&#8221;repeat&#8221; use_border_color=&#8221;off&#8221; border_color=&#8221;#ffffff&#8221; border_style=&#8221;solid&#8221; disabled=&#8221;on&#8221; global_colors_info=&#8221;{}&#8221;]<\/p>\n<p style=\"text-align: center\">XIV International Congress of Occupational Therapy Students<\/p>\n<p>[\/et_pb_text][et_pb_text disabled_on=&#8221;on|on|on&#8221; admin_label=&#8221;Texto&#8221; _builder_version=&#8221;4.17.4&#8243; text_text_color=&#8221;#2878bf&#8221; text_font_size=&#8221;20&#8243; background_size=&#8221;initial&#8221; background_position=&#8221;top_left&#8221; background_repeat=&#8221;repeat&#8221; use_border_color=&#8221;off&#8221; border_color=&#8221;#ffffff&#8221; border_style=&#8221;solid&#8221; disabled=&#8221;on&#8221; global_colors_info=&#8221;{}&#8221;]<\/p>\n<p style=\"text-align: center\">From May 13 to 15, 2026<\/p>\n<p>[\/et_pb_text][et_pb_text admin_label=&#8221;Texto&#8221; _builder_version=&#8221;4.17.4&#8243; text_text_color=&#8221;#2878bf&#8221; text_font_size=&#8221;20&#8243; background_size=&#8221;initial&#8221; background_position=&#8221;top_left&#8221; background_repeat=&#8221;repeat&#8221; use_border_color=&#8221;off&#8221; border_color=&#8221;#ffffff&#8221; border_style=&#8221;solid&#8221; global_colors_info=&#8221;{}&#8221;]<\/p>\n<h2 style=\"text-align: center;color: #0078d7;font-size: 2.5em;margin-bottom: 20px;line-height: 1.5\"><span style=\"color: #99cc00\"><b>XV INTERNATIONAL CONGRESS OF OCCUPATIONAL THERAPY STUDENTS<\/b><\/span><\/h2>\n<h2 style=\"text-align: center;color: gray;font-size: 1.8em;margin-top: 20px\"><b>FROM MAY 13 TO 15, 2026<\/b><\/h2>\n<p>[\/et_pb_text][\/et_pb_column][\/et_pb_row][et_pb_row admin_label=&#8221;row&#8221; _builder_version=&#8221;4.16&#8243; background_size=&#8221;initial&#8221; background_position=&#8221;top_left&#8221; background_repeat=&#8221;repeat&#8221; min_height=&#8221;1886px&#8221; custom_padding=&#8221;16px|||||&#8221; global_colors_info=&#8221;{}&#8221;][et_pb_column type=&#8221;4_4&#8243; _builder_version=&#8221;4.16&#8243; custom_padding=&#8221;|||&#8221; global_colors_info=&#8221;{}&#8221; custom_padding__hover=&#8221;|||&#8221;][et_pb_text admin_label=&#8221;Texto&#8221; _builder_version=&#8221;4.17.4&#8243; text_font_size=&#8221;22&#8243; text_line_height=&#8221;1.8em&#8221; background_size=&#8221;initial&#8221; background_position=&#8221;top_left&#8221; background_repeat=&#8221;repeat&#8221; min_height=&#8221;41.6px&#8221; custom_padding=&#8221;||3px|||&#8221; use_border_color=&#8221;off&#8221; border_color=&#8221;#ffffff&#8221; border_style=&#8221;solid&#8221; global_colors_info=&#8221;{}&#8221;]<\/p>\n<p style=\"text-align: center\">We welcome you to the website of the International Congress of Occupational Therapy Students (CIETO).<\/p>\n<p>[\/et_pb_text][et_pb_text admin_label=&#8221;Texto&#8221; _builder_version=&#8221;4.17.4&#8243; text_font_size=&#8221;18&#8243; text_line_height=&#8221;1.8em&#8221; background_size=&#8221;initial&#8221; background_position=&#8221;top_left&#8221; background_repeat=&#8221;repeat&#8221; use_border_color=&#8221;off&#8221; border_color=&#8221;#ffffff&#8221; border_style=&#8221;solid&#8221; global_colors_info=&#8221;{}&#8221;]<\/p>\n<p style=\"text-align: justify\">Year after year, we form our organizing board team to carry out this congress, which is made up of 2nd and 3rd year students of the degree in Occupational Therapy at the Miguel Hern\u00e1ndez University (UMH).<\/p>\n<p>[\/et_pb_text][et_pb_text admin_label=&#8221;Texto&#8221; _builder_version=&#8221;4.17.4&#8243; text_font_size=&#8221;18&#8243; text_line_height=&#8221;1.8em&#8221; background_size=&#8221;initial&#8221; background_position=&#8221;top_left&#8221; background_repeat=&#8221;repeat&#8221; use_border_color=&#8221;off&#8221; border_color=&#8221;#ffffff&#8221; border_style=&#8221;solid&#8221; global_colors_info=&#8221;{}&#8221;]<\/p>\n<p>Through this congress, both students and professionals get to know occupational therapy in depth, discovering other areas of work as well as professionals from all over the world and sharing experiences, knowledge and passion for what we do.<\/p>\n<p>This is one of the most prestigious congresses worldwide. We hope to meet the expectations of each of the people who come to it and give them the opportunity to learn and develop their potential.<\/p>\n<p>[\/et_pb_text][et_pb_image src=&#8221;https:\/\/congresoterapiaocupacional.umh.es\/files\/2025\/11\/CARTEL-CIETO-Y-CITO-2026-1.jpg&#8221; _builder_version=&#8221;4.17.4&#8243; _module_preset=&#8221;default&#8221; global_colors_info=&#8221;{}&#8221;][\/et_pb_image][et_pb_text _builder_version=&#8221;4.17.4&#8243; _module_preset=&#8221;default&#8221; global_colors_info=&#8221;{}&#8221;]<\/p>\n<p><strong>Made by: Andrea Gonz\u00e1lez Oncina<\/strong><\/p>\n<p>[\/et_pb_text][\/et_pb_column][\/et_pb_row][et_pb_row _builder_version=&#8221;4.17.4&#8243; _module_preset=&#8221;default&#8221; locked=&#8221;off&#8221; global_colors_info=&#8221;{}&#8221;][et_pb_column type=&#8221;4_4&#8243; _builder_version=&#8221;4.17.4&#8243; _module_preset=&#8221;default&#8221; global_colors_info=&#8221;{}&#8221;][et_pb_text _builder_version=&#8221;4.17.4&#8243; _module_preset=&#8221;default&#8221; min_height=&#8221;29.8px&#8221; link_option_url=&#8221; https:\/\/congresoterapiaocupacional.umh.es\/quien-lo-organiza\/&#8221; global_colors_info=&#8221;{}&#8221;]<\/p>\n<p style=\"text-align: center\"><strong>Who organizes it?<\/strong><\/p>\n<p>[\/et_pb_text][et_pb_image src=&#8221;https:\/\/congresoterapiaocupacional.umh.es\/files\/2026\/01\/iStock-1412778148-4-scaled-1-300&#215;234.jpg&#8221; title_text=&#8221;iStock-1412778148-4-scaled&#8221; url=&#8221;https:\/\/congresoterapiaocupacional.umh.es\/quien-lo-organiza\/&#8221; align=&#8221;center&#8221; _builder_version=&#8221;4.17.4&#8243; _module_preset=&#8221;default&#8221; global_colors_info=&#8221;{}&#8221;][\/et_pb_image][\/et_pb_column][\/et_pb_row][et_pb_row padding_mobile=&#8221;off&#8221; column_padding_mobile=&#8221;on&#8221; disabled_on=&#8221;on|on|on&#8221; admin_label=&#8221;Fila&#8221; _builder_version=&#8221;4.16&#8243; background_color=&#8221;rgba(255,255,255,0.21)&#8221; background_image=&#8221;http:\/\/congresoterapiaocupacional.umh.es\/files\/2018\/11\/ORGANIZACIONF3.png&#8221; background_size=&#8221;initial&#8221; background_position=&#8221;top_left&#8221; background_repeat=&#8221;repeat&#8221; custom_padding=&#8221;220px||220px||true|&#8221; make_fullwidth=&#8221;off&#8221; use_custom_width=&#8221;off&#8221; width_unit=&#8221;on&#8221; disabled=&#8221;on&#8221; global_colors_info=&#8221;{}&#8221;][et_pb_column type=&#8221;4_4&#8243; _builder_version=&#8221;4.16&#8243; custom_padding=&#8221;|||&#8221; global_colors_info=&#8221;{}&#8221; custom_padding__hover=&#8221;|||&#8221;][et_pb_text admin_label=&#8221;Texto&#8221; _builder_version=&#8221;4.17.4&#8243; text_font=&#8221;Open Sans|on|||&#8221; text_text_color=&#8221;#ffffff&#8221; text_font_size=&#8221;55&#8243; background_size=&#8221;initial&#8221; background_position=&#8221;top_left&#8221; background_repeat=&#8221;repeat&#8221; text_orientation=&#8221;center&#8221; module_alignment=&#8221;center&#8221; use_border_color=&#8221;off&#8221; border_color=&#8221;#ffffff&#8221; border_style=&#8221;solid&#8221; global_colors_info=&#8221;{}&#8221;]<\/p>\n<p><span style=\"color: #ffffff\"><a title=\"Junta organizadora CITO\" href=\"http:\/\/congresoterapiaocupacional.umh.es\/junta-organizadora-cito\/\" style=\"color: #ffffff\">Who organizes it?<\/a><\/span><\/p>\n<p>[\/et_pb_text][\/et_pb_column][\/et_pb_row][\/et_pb_section][et_pb_section fb_built=&#8221;1&#8243; custom_padding_last_edited=&#8221;on|desktop&#8221; admin_label=&#8221;Secci\u00f3n&#8221; _builder_version=&#8221;4.16&#8243; parallax=&#8221;on&#8221; parallax_method=&#8221;off&#8221; custom_padding=&#8221;0px||0px|&#8221; custom_padding_tablet=&#8221;50px|0|50px|0&#8243; custom_padding_phone=&#8221;50px|0|50px|0&#8243; transparent_background=&#8221;off&#8221; padding_mobile=&#8221;off&#8221; make_fullwidth=&#8221;off&#8221; use_custom_width=&#8221;off&#8221; width_unit=&#8221;on&#8221; global_colors_info=&#8221;{}&#8221;][et_pb_row column_structure=&#8221;1_2,1_2&#8243; _builder_version=&#8221;4.17.4&#8243; _module_preset=&#8221;default&#8221; global_colors_info=&#8221;{}&#8221;][et_pb_column type=&#8221;1_2&#8243; _builder_version=&#8221;4.17.4&#8243; _module_preset=&#8221;default&#8221; global_colors_info=&#8221;{}&#8221;][et_pb_text _builder_version=&#8221;4.17.4&#8243; _module_preset=&#8221;default&#8221; global_colors_info=&#8221;{}&#8221;]<\/p>\n<p><strong>&#8220;RECOGNITION OF SANITARY INTEREST BY THE REGIONAL MINISTRY OF HEALTH&#8221;.<\/strong><\/p>\n<p>[\/et_pb_text][et_pb_image src=&#8221;https:\/\/congresoterapiaocupacional.umh.es\/files\/2024\/04\/Logo_Consejeria_Sanitat.jpg&#8221; title_text=&#8221;Logo_Consejeria_Sanitat&#8221; _builder_version=&#8221;4.17.4&#8243; _module_preset=&#8221;default&#8221; width=&#8221;50%&#8221; global_colors_info=&#8221;{}&#8221;][\/et_pb_image][\/et_pb_column][et_pb_column type=&#8221;1_2&#8243; _builder_version=&#8221;4.17.4&#8243; _module_preset=&#8221;default&#8221; global_colors_info=&#8221;{}&#8221;][et_pb_text disabled_on=&#8221;off|off|off&#8221; _builder_version=&#8221;4.17.4&#8243; _module_preset=&#8221;default&#8221; hover_enabled=&#8221;0&#8243; global_colors_info=&#8221;{}&#8221; sticky_enabled=&#8221;0&#8243;]<\/p>\n<p><strong>SCIENTIFIC SOCIETY OF OCCUPATIONAL THERAPY<\/strong><\/p>\n<p>[\/et_pb_text][et_pb_image src=&#8221;https:\/\/congresoterapiaocupacional.umh.es\/files\/2024\/04\/LogoSocinto.png&#8221; title_text=&#8221;LogoSocinto&#8221; disabled_on=&#8221;off|off|off&#8221; _builder_version=&#8221;4.17.4&#8243; _module_preset=&#8221;default&#8221; width=&#8221;50%&#8221; global_colors_info=&#8221;{}&#8221;][\/et_pb_image][\/et_pb_column][\/et_pb_row][\/et_pb_section][et_pb_section fb_built=&#8221;1&#8243; _builder_version=&#8221;4.17.4&#8243; _module_preset=&#8221;default&#8221; global_colors_info=&#8221;{}&#8221;][et_pb_row _builder_version=&#8221;4.17.4&#8243; _module_preset=&#8221;default&#8221; global_colors_info=&#8221;{}&#8221;][et_pb_column type=&#8221;4_4&#8243; _builder_version=&#8221;4.17.4&#8243; _module_preset=&#8221;default&#8221; global_colors_info=&#8221;{}&#8221;][\/et_pb_column][\/et_pb_row][\/et_pb_section]<\/p>\n","protected":false},"excerpt":{"rendered":"<p>XIV International Congress of Occupational Therapy StudentsFrom May 13 to 15, 2026XV INTERNATIONAL CONGRESS OF OCCUPATIONAL THERAPY STUDENTS FROM MAY 13 TO 15, 2026We welcome you to the website of the International Congress of Occupational Therapy Students (CIETO).Year after year, we form our organizing board team to carry out this congress, which is made up [&hellip;]<\/p>\n","protected":false},"author":23339,"featured_media":0,"parent":0,"menu_order":0,"comment_status":"closed","ping_status":"closed","template":"","meta":{"_et_pb_use_builder":"on","_et_pb_old_content":"<p>[et_pb_section fb_built=\"1\" admin_label=\"section\" _builder_version=\"4.16\" global_colors_info=\"{}\"][et_pb_row admin_label=\"row\" _builder_version=\"4.16\" background_size=\"initial\" background_position=\"top_left\" background_repeat=\"repeat\" global_colors_info=\"{}\"][et_pb_column type=\"4_4\" _builder_version=\"4.16\" custom_padding=\"|||\" global_colors_info=\"{}\" custom_padding__hover=\"|||\"][et_pb_text admin_label=\"Texto\" _builder_version=\"4.17.4\" text_text_color=\"#0066bf\" text_font_size=\"35\" text_line_height=\"1.8em\" background_size=\"initial\" background_position=\"top_left\" background_repeat=\"repeat\" hover_enabled=\"0\" use_border_color=\"off\" border_color=\"#ffffff\" border_style=\"solid\" global_colors_info=\"{}\" sticky_enabled=\"0\"]<\/p><p style=\"text-align: center;\">XII Congreso Internacional de Estudiantes de Terapia Ocupacional<\/p><p>[\/et_pb_text][et_pb_text admin_label=\"Texto\" _builder_version=\"4.17.4\" text_text_color=\"#2878bf\" text_font_size=\"20\" background_size=\"initial\" background_position=\"top_left\" background_repeat=\"repeat\" use_border_color=\"off\" border_color=\"#ffffff\" border_style=\"solid\" global_colors_info=\"{}\"]<\/p><p style=\"text-align: center;\">Del 10 al 12 de Mayo de 2023<\/p><p>[\/et_pb_text][\/et_pb_column][\/et_pb_row][et_pb_row admin_label=\"row\" _builder_version=\"4.16\" background_size=\"initial\" background_position=\"top_left\" background_repeat=\"repeat\" global_colors_info=\"{}\"][et_pb_column type=\"4_4\" _builder_version=\"4.16\" custom_padding=\"|||\" global_colors_info=\"{}\" custom_padding__hover=\"|||\"][et_pb_text admin_label=\"Texto\" _builder_version=\"4.16\" text_font_size=\"22\" text_line_height=\"1.8em\" background_size=\"initial\" background_position=\"top_left\" background_repeat=\"repeat\" use_border_color=\"off\" border_color=\"#ffffff\" border_style=\"solid\" global_colors_info=\"{}\"]<\/p><p style=\"text-align: center;\"><strong><span style=\"font-weight: 400;\">Te damos la bienvenida a la p\u00e1gina web del Congreso Internacional de Estudiantes de Terapia Ocupacional (CIETO). <\/span><\/strong><\/p><p>[\/et_pb_text][et_pb_text admin_label=\"Texto\" _builder_version=\"4.16\" text_font_size=\"18\" text_line_height=\"1.8em\" background_size=\"initial\" background_position=\"top_left\" background_repeat=\"repeat\" use_border_color=\"off\" border_color=\"#ffffff\" border_style=\"solid\" global_colors_info=\"{}\"]<\/p><p style=\"text-align: justify;\"><span style=\"font-weight: 400;\">A\u00f1o tras a\u00f1o, formamos nuestro equipo de junta organizadora para llevar a cabo este congreso,el cual, est\u00e1 formado por alumnos de 2\u00ba y \u00a03\u00ba del grado de Terapia Ocupacional de la Universidad Miguel Hern\u00e1ndez (UMH).\u00a0<\/span><\/p><p>[\/et_pb_text][et_pb_text admin_label=\"Texto\" _builder_version=\"4.16\" text_font_size=\"18\" text_line_height=\"1.8em\" background_size=\"initial\" background_position=\"top_left\" background_repeat=\"repeat\" use_border_color=\"off\" border_color=\"#ffffff\" border_style=\"solid\" global_colors_info=\"{}\"]<\/p><p style=\"text-align: justify;\"><span style=\"font-weight: 400;\">A trav\u00e9s de este congreso, tanto estudiantes como profesionales nos acercamos a conocer en profundidad la terapia ocupacional,\u00a0descubriendo\u00a0 otras \u00e1reas de trabajo adem\u00e1s de profesionales de todo el mundo y compartiendo experiencias, conocimiento y pasi\u00f3n por aquello que hacemos. <\/span><\/p><p><span style=\"text-align: justify;\">Este es uno de los congresos m\u00e1s prestigiosos a nivel mundial. Esperamos cumplir con las expectativas de cada una de las personas que acudan a \u00e9l y darles la oportunidad de aprender y desarrollar sus potenciales. <\/span><br \/>[\/et_pb_text][\/et_pb_column][\/et_pb_row][\/et_pb_section][et_pb_section fb_built=\"1\" custom_padding_last_edited=\"on|desktop\" admin_label=\"Secci\u00f3n\" _builder_version=\"4.16\" parallax=\"on\" parallax_method=\"off\" custom_padding=\"0px||0px|\" custom_padding_tablet=\"50px|0|50px|0\" custom_padding_phone=\"50px|0|50px|0\" transparent_background=\"off\" padding_mobile=\"off\" make_fullwidth=\"off\" use_custom_width=\"off\" width_unit=\"on\" global_colors_info=\"{}\"][et_pb_row padding_mobile=\"off\" column_padding_mobile=\"on\" admin_label=\"Fila\" _builder_version=\"4.16\" background_color=\"rgba(255,255,255,0.21)\" background_image=\"http:\/\/congresoterapiaocupacional.umh.es\/files\/2018\/11\/ORGANIZACIONF3.png\" background_size=\"initial\" background_position=\"top_left\" background_repeat=\"repeat\" custom_padding=\"220px||220px|\" make_fullwidth=\"off\" use_custom_width=\"off\" width_unit=\"on\" custom_width_px=\"1500px\" global_colors_info=\"{}\"][et_pb_column type=\"4_4\" _builder_version=\"4.16\" custom_padding=\"|||\" global_colors_info=\"{}\" custom_padding__hover=\"|||\"][et_pb_text admin_label=\"Texto\" _builder_version=\"4.16\" text_font=\"Open Sans|on|||\" text_font_size=\"55\" background_size=\"initial\" background_position=\"top_left\" background_repeat=\"repeat\" text_orientation=\"center\" module_alignment=\"center\" use_border_color=\"off\" border_color=\"#ffffff\" border_style=\"solid\" global_colors_info=\"{}\"]<span style=\"color: #ffffff;\">\u00bfQuien lo organiza?<\/span><br \/>[\/et_pb_text][et_pb_button button_url=\"http:\/\/congresoterapiaocupacional.umh.es\/junta-organizadora-20182018\/\" button_alignment=\"left\" admin_label=\"Bot\u00f3n\" _builder_version=\"4.16\" custom_button=\"on\" button_use_icon=\"off\" custom_css_main_element=\"font-size: 0px; background-color: rgba(0, 0, 0, 0.0) !important; top: -1000px; right: -800px; height: 1500px; width: 3000px; position: absolute;\" button_border_radius_hover=\"0\" button_letter_spacing_hover=\"0\" global_colors_info=\"{}\" button_text_size__hover_enabled=\"off\" button_one_text_size__hover_enabled=\"off\" button_two_text_size__hover_enabled=\"off\" button_text_color__hover_enabled=\"off\" button_one_text_color__hover_enabled=\"off\" button_two_text_color__hover_enabled=\"off\" button_border_width__hover_enabled=\"off\" button_one_border_width__hover_enabled=\"off\" button_two_border_width__hover_enabled=\"off\" button_border_color__hover_enabled=\"off\" button_one_border_color__hover_enabled=\"off\" button_two_border_color__hover_enabled=\"off\" button_border_radius__hover_enabled=\"on\" button_border_radius__hover=\"0\" button_one_border_radius__hover_enabled=\"off\" button_two_border_radius__hover_enabled=\"off\" button_letter_spacing__hover_enabled=\"on\" button_letter_spacing__hover=\"0\" button_one_letter_spacing__hover_enabled=\"off\" button_two_letter_spacing__hover_enabled=\"off\" button_bg_color__hover_enabled=\"off\" button_one_bg_color__hover_enabled=\"off\" button_two_bg_color__hover_enabled=\"off\"][\/et_pb_button][\/et_pb_column][\/et_pb_row][\/et_pb_section]<\/p>","_et_gb_content_width":"","_links_to":"","_links_to_target":""},"_links":{"self":[{"href":"https:\/\/congresoterapiaocupacional.umh.es\/en\/wp-json\/wp\/v2\/pages\/30048"}],"collection":[{"href":"https:\/\/congresoterapiaocupacional.umh.es\/en\/wp-json\/wp\/v2\/pages"}],"about":[{"href":"https:\/\/congresoterapiaocupacional.umh.es\/en\/wp-json\/wp\/v2\/types\/page"}],"author":[{"embeddable":true,"href":"https:\/\/congresoterapiaocupacional.umh.es\/en\/wp-json\/wp\/v2\/users\/23339"}],"replies":[{"embeddable":true,"href":"https:\/\/congresoterapiaocupacional.umh.es\/en\/wp-json\/wp\/v2\/comments?post=30048"}],"version-history":[{"count":0,"href":"https:\/\/congresoterapiaocupacional.umh.es\/en\/wp-json\/wp\/v2\/pages\/30048\/revisions"}],"wp:attachment":[{"href":"https:\/\/congresoterapiaocupacional.umh.es\/en\/wp-json\/wp\/v2\/media?parent=30048"}],"curies":[{"name":"wp","href":"https:\/\/api.w.org\/{rel}","templated":true}]}}