{"id":30015,"date":"2022-10-26T07:19:51","date_gmt":"2022-10-26T07:19:51","guid":{"rendered":"https:\/\/congresoterapiaocupacional.umh.es\/?page_id=30015"},"modified":"2025-11-12T19:52:30","modified_gmt":"2025-11-12T19:52:30","slug":"cito","status":"publish","type":"page","link":"https:\/\/congresoterapiaocupacional.umh.es\/en\/cito\/","title":{"rendered":"CITO"},"content":{"rendered":"<p>[et_pb_section fb_built=&#8221;1&#8243; admin_label=&#8221;section&#8221; _builder_version=&#8221;4.16&#8243; width=&#8221;100%&#8221; global_colors_info=&#8221;{}&#8221;][et_pb_row admin_label=&#8221;row&#8221; _builder_version=&#8221;4.16&#8243; background_size=&#8221;initial&#8221; background_position=&#8221;top_left&#8221; background_repeat=&#8221;repeat&#8221; min_height=&#8221;563px&#8221; global_colors_info=&#8221;{}&#8221;][et_pb_column type=&#8221;4_4&#8243; _builder_version=&#8221;4.16&#8243; custom_padding=&#8221;|||&#8221; global_colors_info=&#8221;{}&#8221; custom_padding__hover=&#8221;|||&#8221;][et_pb_text admin_label=&#8221;Texto&#8221; _builder_version=&#8221;4.17.4&#8243; text_text_color=&#8221;#0066bf&#8221; text_font_size=&#8221;35px&#8221; text_line_height=&#8221;2.1em&#8221; background_size=&#8221;initial&#8221; background_position=&#8221;top_left&#8221; background_repeat=&#8221;repeat&#8221; hover_enabled=&#8221;0&#8243; use_border_color=&#8221;off&#8221; border_color=&#8221;#ffffff&#8221; border_style=&#8221;solid&#8221; global_colors_info=&#8221;{}&#8221; sticky_enabled=&#8221;0&#8243;]<\/p>\n<h2 style=\"text-align: center;color: #0078d7;font-size: 1.2em;margin-bottom: 20px;line-height: 1.5\"><b>IX INTERNATIONAL CONGRESS OF OCCUPATIONAL THERAPY<\/b><\/h2>\n<h2 style=\"text-align: center;color: gray;font-size: 0.6em;margin-top: 20px\"><b>From May 13 to 15, 2026<\/b><\/h2>\n<p>[\/et_pb_text][et_pb_text admin_label=&#8221;Texto&#8221; _builder_version=&#8221;4.17.4&#8243; text_text_color=&#8221;#0066bf&#8221; text_font_size=&#8221;35px&#8221; text_line_height=&#8221;2.1em&#8221; background_size=&#8221;initial&#8221; background_position=&#8221;top_left&#8221; background_repeat=&#8221;repeat&#8221; use_border_color=&#8221;off&#8221; border_color=&#8221;#ffffff&#8221; border_style=&#8221;solid&#8221; global_colors_info=&#8221;{}&#8221;]<\/p>\n<h2 style=\"text-align: center;color: black;font-size: 0.8em;margin-bottom: 20px;line-height: 1.5\">Welcome to the website of the International Congress of Occupational Therapy Professionals (CITO)<\/h2>\n<p>[\/et_pb_text][et_pb_text _builder_version=&#8221;4.17.4&#8243; _module_preset=&#8221;default&#8221; global_colors_info=&#8221;{}&#8221;]<\/p>\n<p style=\"text-align: center\"><span style=\"color: #3366ff\">THE ORGANIZING BOARD IS ALREADY WORKING ON THE 2026 EDITION. WE WILL GIVE YOU MORE INFORMATION SOON!<\/span><\/p>\n<pre class=\"tw-data-text tw-text-large tw-ta\" data-placeholder=\"Traducci\u00f3n\" id=\"tw-target-text\" role=\"text\" data-ved=\"2ahUKEwjy0qOUhsKQAxWc0gIHHfduE9kQ3ewLegQIChAV\" aria-label=\"Texto traducido: THE ORGANIZING BOARD IS ALREADY WORKING ON THE 2026 EDITION. WE WILL GIVE YOU MORE INFORMATION SOON!\"><\/pre>\n<p>[\/et_pb_text][\/et_pb_column][\/et_pb_row][et_pb_row admin_label=&#8221;Fila&#8221; _builder_version=&#8221;4.16&#8243; background_size=&#8221;initial&#8221; background_position=&#8221;top_left&#8221; background_repeat=&#8221;repeat&#8221; global_colors_info=&#8221;{}&#8221;][et_pb_column type=&#8221;4_4&#8243; _builder_version=&#8221;4.16&#8243; custom_padding=&#8221;|||&#8221; global_colors_info=&#8221;{}&#8221; custom_padding__hover=&#8221;|||&#8221;][et_pb_text disabled_on=&#8221;on|on|on&#8221; admin_label=&#8221;Texto&#8221; _builder_version=&#8221;4.17.4&#8243; text_text_color=&#8221;#000000&#8243; text_font_size=&#8221;18px&#8221; background_size=&#8221;initial&#8221; background_position=&#8221;top_left&#8221; background_repeat=&#8221;repeat&#8221; use_border_color=&#8221;off&#8221; border_color=&#8221;#ffffff&#8221; border_style=&#8221;solid&#8221; disabled=&#8221;on&#8221; global_colors_info=&#8221;{}&#8221;]<\/p>\n<p style=\"color: black\">The scientific and organizing committee of the congress has started working on this new edition of CITO, and we will soon inform you of the progress on this website. Here\u2019s a preview of the upcoming highlights.<\/p>\n<ul style=\"color: black\">\n<li>We are preparing a <strong>program<\/strong> for Occupational Therapy professionals that will run <strong>parallel<\/strong> to the student program.<\/li>\n<li>You will be able to present works of <strong>professional experiences<\/strong> such as clinical cases, descriptions of occupational therapy clinical services, and intervention programs, in addition to research papers.<\/li>\n<li>In addition to the opening and closing lectures, we will have three more <strong>lectures<\/strong> on relevant and current topics in therapy, along with <strong>debate panels<\/strong> and <strong>working groups<\/strong>.<\/li>\n<li>As in previous years, we will maintain <strong>peer review<\/strong> with external reviewers, the publication of a <strong>conference proceedings book<\/strong>, and the <strong>awards<\/strong> for the best-presented works.<\/li>\n<li>Check out this edition\u2019s <strong>awards<\/strong> here:<br \/><a href=\"https:\/\/congresoterapiaocupacional.umh.es\/en\/selection-criteria-for-oral-works-and-posters\/\">https:\/\/congresoterapiaocupacional.umh.es\/en\/selection-criteria-for-oral-works-and-posters\/<\/a>\u00a0<\/li>\n<\/ul>\n<p><strong><\/strong><\/p>\n<p><strong>NEW!!!<\/strong><\/p>\n<p><br data-start=\"556\" data-end=\"559\" \/>This year we are offering <strong data-start=\"585\" data-end=\"608\">CULTURAL ACTIVITIES<\/strong>.<br data-start=\"609\" data-end=\"612\" \/>Registrations for cultural activities will open soon. Limited spots available. Stay tuned to our social media!<\/p>\n<p data-start=\"724\" data-end=\"750\"><strong data-start=\"724\" data-end=\"748\">CULTURAL ACTIVITIES:<\/strong><\/p>\n<ul data-start=\"751\" data-end=\"884\">\n<li data-start=\"751\" data-end=\"829\"><strong data-start=\"753\" data-end=\"794\">GUIDED TOUR THROUGH DOWNTOWN ALICANTE<\/strong> (Wednesday, May 14 at 7:00 p.m.)<\/li>\n<li data-start=\"830\" data-end=\"884\"><strong data-start=\"832\" data-end=\"848\">WINE TASTING<\/strong> (Thursday, May 15 in the afternoon)<\/li>\n<\/ul>\n<p data-start=\"886\" data-end=\"1112\">All the details here:<br data-start=\"907\" data-end=\"910\" \/><a href=\"https:\/\/docs.google.com\/forms\/d\/e\/1FAIpQLSf1iP88pmXALb5cm92xw13vDkBhozOXq5oIp257RSB0ugqdmQ\/viewform\" data-start=\"910\" data-end=\"1112\">https:\/\/docs.google.com\/forms\/d\/e\/1FAIpQLSf1iP88pmXALb5cm92xw13vDkBhozOXq5oIp257RSB0ugqdmQ\/viewform<\/a><\/p>\n<p style=\"color: black\">If you need additional information, write to us at <a class=\"mail-link\" target=\"_blank\" rel=\"noopener\" href=\"mailto:cito@umh.es\"><span>cito@umh.es<\/span><\/a><\/p>\n<p>[\/et_pb_text][\/et_pb_column][\/et_pb_row][et_pb_row _builder_version=&#8221;4.17.4&#8243; _module_preset=&#8221;default&#8221; global_colors_info=&#8221;{}&#8221;][et_pb_column type=&#8221;4_4&#8243; _builder_version=&#8221;4.17.4&#8243; _module_preset=&#8221;default&#8221; global_colors_info=&#8221;{}&#8221;][et_pb_text disabled_on=&#8221;off|off|off&#8221; admin_label=&#8221;Texto&#8221; _builder_version=&#8221;4.17.4&#8243; _module_preset=&#8221;default&#8221; text_text_color=&#8221;#0C71C3&#8243; min_height=&#8221;48.8px&#8221; global_colors_info=&#8221;{}&#8221;]<\/p>\n<h4 style=\"text-align: center;color: black;font-size: 1.8em;margin-bottom: 20px;line-height: 1.5\"><strong data-start=\"14\" data-end=\"34\">CONGRESS PROGRAM<\/strong><\/h4>\n<p>[\/et_pb_text][et_pb_image src=&#8221;https:\/\/congresoterapiaocupacional.umh.es\/files\/2025\/10\/Coming-soon-CIETO-300&#215;212.jpg&#8221; title_text=&#8221;Coming soon CIETO&#8221; align=&#8221;center&#8221; _builder_version=&#8221;4.17.4&#8243; _module_preset=&#8221;default&#8221; global_colors_info=&#8221;{}&#8221;][\/et_pb_image][et_pb_text disabled_on=&#8221;on|on|on&#8221; _builder_version=&#8221;4.17.4&#8243; _module_preset=&#8221;default&#8221; text_text_color=&#8221;#000000&#8243; disabled=&#8221;on&#8221; global_colors_info=&#8221;{}&#8221;]<\/p>\n<p data-start=\"0\" data-end=\"281\">If you want to download the brochure, you can do so here: <a href=\"https:\/\/congresoterapiaocupacional.umh.es\/files\/2025\/05\/TRIPTICO-CIETO-XIV-Y-CITO-abr2025.pdf\">https:\/\/congresoterapiaocupacional.umh.es\/files\/2025\/05\/TRIPTICO-CIETO-XIV-Y-CITO-abr2025-1.pdf<\/a><\/p>\n<p data-start=\"283\" data-end=\"602\">If you want the extended version of the program (preliminary version), you can download it here: <a href=\"https:\/\/congresoterapiaocupacional.umh.es\/files\/2025\/05\/PROGRAMA-EXTENDIDO-XIV-CIETO-Y-VIII-CITO-abr2025.pdf\">https:\/\/congresoterapiaocupacional.umh.es\/files\/2025\/05\/PROGRAMA-EXTENDIDO-XIV-CIETO-Y-VIII-CITO-abr2025-1.pdf<\/a><\/p>\n<p>[\/et_pb_text][et_pb_image src=&#8221;https:\/\/congresoterapiaocupacional.umh.es\/files\/2025\/05\/TRIPTICO-CIETO-XIV-Y-CITO-8mayo_Pagina_1-scaled.jpg&#8221; title_text=&#8221;TR\u00cdPTICO CIETO XIV Y CITO 8mayo_P\u00e1gina_1&#8243; disabled_on=&#8221;on|on|on&#8221; _builder_version=&#8221;4.17.4&#8243; _module_preset=&#8221;default&#8221; min_height=&#8221;541px&#8221; disabled=&#8221;on&#8221; global_colors_info=&#8221;{}&#8221;][\/et_pb_image][et_pb_image src=&#8221;https:\/\/congresoterapiaocupacional.umh.es\/files\/2025\/05\/TRIPTICO-CIETO-XIV-Y-CITO-8mayo_Pagina_2-scaled.jpg&#8221; title_text=&#8221;TR\u00cdPTICO CIETO XIV Y CITO 8mayo_P\u00e1gina_2&#8243; disabled_on=&#8221;on|on|on&#8221; _builder_version=&#8221;4.17.4&#8243; _module_preset=&#8221;default&#8221; disabled=&#8221;on&#8221; global_colors_info=&#8221;{}&#8221;][\/et_pb_image][\/et_pb_column][\/et_pb_row][\/et_pb_section][et_pb_section fb_built=&#8221;1&#8243; custom_padding_last_edited=&#8221;on|desktop&#8221; admin_label=&#8221;Secci\u00f3n&#8221; _builder_version=&#8221;4.16&#8243; parallax=&#8221;on&#8221; parallax_method=&#8221;off&#8221; custom_padding=&#8221;0px||0px|&#8221; custom_padding_tablet=&#8221;50px|0|50px|0&#8243; custom_padding_phone=&#8221;50px|0|50px|0&#8243; transparent_background=&#8221;off&#8221; padding_mobile=&#8221;off&#8221; make_fullwidth=&#8221;off&#8221; use_custom_width=&#8221;off&#8221; width_unit=&#8221;on&#8221; global_colors_info=&#8221;{}&#8221;][et_pb_row padding_mobile=&#8221;off&#8221; column_padding_mobile=&#8221;on&#8221; admin_label=&#8221;Fila&#8221; _builder_version=&#8221;4.17.4&#8243; background_color=&#8221;rgba(255,255,255,0.21)&#8221; background_image=&#8221;http:\/\/congresoterapiaocupacional.umh.es\/files\/2018\/11\/ORGANIZACIONF3.png&#8221; background_size=&#8221;initial&#8221; background_position=&#8221;top_left&#8221; background_repeat=&#8221;repeat&#8221; custom_padding=&#8221;220px||220px||true|&#8221; make_fullwidth=&#8221;off&#8221; use_custom_width=&#8221;off&#8221; width_unit=&#8221;on&#8221; global_colors_info=&#8221;{}&#8221;][et_pb_column type=&#8221;4_4&#8243; _builder_version=&#8221;4.16&#8243; custom_padding=&#8221;|||&#8221; global_colors_info=&#8221;{}&#8221; custom_padding__hover=&#8221;|||&#8221;][et_pb_text admin_label=&#8221;Texto&#8221; _builder_version=&#8221;4.17.4&#8243; text_font=&#8221;Open Sans|on|||&#8221; text_text_color=&#8221;#ffffff&#8221; text_font_size=&#8221;55&#8243; background_size=&#8221;initial&#8221; background_position=&#8221;top_left&#8221; background_repeat=&#8221;repeat&#8221; text_orientation=&#8221;center&#8221; module_alignment=&#8221;center&#8221; use_border_color=&#8221;off&#8221; border_color=&#8221;#ffffff&#8221; border_style=&#8221;solid&#8221; global_colors_info=&#8221;{}&#8221;]<\/p>\n<p><span style=\"color: #ffffff\"><a title=\"Junta organizadora CITO\" href=\"http:\/\/congresoterapiaocupacional.umh.es\/junta-organizadora-cito\/\" style=\"color: #ffffff\">Who is organizing it?<\/a><\/span><\/p>\n<p>[\/et_pb_text][\/et_pb_column][\/et_pb_row][\/et_pb_section]<\/p>\n","protected":false},"excerpt":{"rendered":"<p>IX INTERNATIONAL CONGRESS OF OCCUPATIONAL THERAPY From May 13 to 15, 2026Welcome to the website of the International Congress of Occupational Therapy Professionals (CITO)THE ORGANIZING BOARD IS ALREADY WORKING ON THE 2026 EDITION. WE WILL GIVE YOU MORE INFORMATION SOON! The scientific and organizing committee of the congress has started working on this new edition [&hellip;]<\/p>\n","protected":false},"author":6277,"featured_media":0,"parent":0,"menu_order":0,"comment_status":"closed","ping_status":"closed","template":"","meta":{"_et_pb_use_builder":"on","_et_pb_old_content":"<p>[et_pb_section fb_built=\"1\" admin_label=\"section\" _builder_version=\"4.16\" global_colors_info=\"{}\"][et_pb_row admin_label=\"row\" _builder_version=\"4.16\" background_size=\"initial\" background_position=\"top_left\" background_repeat=\"repeat\" global_colors_info=\"{}\"][et_pb_column type=\"4_4\" _builder_version=\"4.16\" custom_padding=\"|||\" global_colors_info=\"{}\" custom_padding__hover=\"|||\"][et_pb_text admin_label=\"Texto\" _builder_version=\"4.17.4\" text_text_color=\"#0066bf\" text_font_size=\"35px\" text_line_height=\"2.1em\" background_size=\"initial\" background_position=\"top_left\" background_repeat=\"repeat\" use_border_color=\"off\" border_color=\"#ffffff\" border_style=\"solid\" global_colors_info=\"{}\"]<\/p><p style=\"text-align: center;\"><span style=\"color: #3366ff;\">VII CONGRESO INTERNACIONAL DE TERAPIA <\/span><span style=\"color: #3366ff;\">OCUPACIONAL \u00a0 \u00a0 <\/span><span style=\"color: #3366ff;\">UNIVERSIDAD MIGUEL HERN\u00c1NDEZ<\/span><br \/><span style=\"color: #3366ff;\"> (CITO)<\/span><\/p><p>[\/et_pb_text][et_pb_text admin_label=\"Texto\" _builder_version=\"4.17.4\" text_font=\"||||||||\" text_text_color=\"#2878bf\" text_font_size=\"20px\" background_size=\"initial\" background_position=\"top_left\" background_repeat=\"repeat\" use_border_color=\"off\" border_color=\"#ffffff\" border_style=\"solid\" global_colors_info=\"{}\"]<\/p><p style=\"text-align: center;\"><span style=\"color: #3366ff;\">Del 10 al 12 de Mayo de 2023<\/span><\/p><p>[\/et_pb_text][\/et_pb_column][\/et_pb_row][et_pb_row admin_label=\"Fila\" _builder_version=\"4.16\" background_size=\"initial\" background_position=\"top_left\" background_repeat=\"repeat\" global_colors_info=\"{}\"][et_pb_column type=\"4_4\" _builder_version=\"4.16\" custom_padding=\"|||\" global_colors_info=\"{}\" custom_padding__hover=\"|||\"][et_pb_text admin_label=\"Texto\" _builder_version=\"4.17.4\" text_text_color=\"#000000\" text_font_size=\"18px\" background_size=\"initial\" background_position=\"top_left\" background_repeat=\"repeat\" use_border_color=\"off\" border_color=\"#ffffff\" border_style=\"solid\" global_colors_info=\"{}\"]<\/p><p style=\"text-align: justify;\"><span style=\"color: #333333;\">El comit\u00e9 cient\u00edfico y organizador del congreso ha empezado a trabajar en esta nueva edici\u00f3n del CITO y pr\u00f3ximamente te iremos informando de los avances en esta web. Te contamos aqu\u00ed un adelanto de las novedades.<\/span><\/p><ul><li style=\"text-align: justify;\"><span style=\"color: #333333;\">Estamos confeccionado un <strong>programa<\/strong> para profesionales de Terapia Ocupacional <strong>paralelo<\/strong> al programa de estudiantes.<\/span><\/li><li style=\"text-align: justify;\"><span style=\"color: #333333;\">Se podr\u00e1n presentar trabajos de <strong>experiencias profesionales<\/strong> como casos cl\u00ednicos, descripciones de servicios cl\u00ednicos de terapia ocupacional y programas de intervenci\u00f3n, adem\u00e1s de trabajos de investigaci\u00f3n.<\/span><\/li><li style=\"text-align: justify;\"><span style=\"color: #333333;\">Adem\u00e1s de las ponencias de inauguraci\u00f3n y clausura, contaremos con tres <strong>ponencias<\/strong> m\u00e1s de temas relevantes y actuales de la terapia, junto a <strong>mesas de debates<\/strong> y <strong>grupos de trabajo<\/strong>.<\/span><\/li><li style=\"text-align: justify;\"><span style=\"color: #333333;\">\u00a0Al igual que en a\u00f1os previos, mantenemos la <strong>evaluaci\u00f3n por pares<\/strong> con revisores\/as externos\/as, la publicaci\u00f3n de un <strong>libro de actas<\/strong> y los <strong>premios<\/strong> para los mejores trabajos presentados.<\/span><\/li><\/ul><h4><span style=\"color: #333333;\"><strong>Calendario:<\/strong><\/span><\/h4><ul><li><span style=\"color: #333333;\">Plazo de env\u00edo de res\u00famenes de comuicaciones orales:<\/span><ul><li><span style=\"color: #333333;\">Apertura: 10 de Octubre de 2022<\/span><\/li><li><span style=\"color: #333333;\">Cierre: 24 de Diciembre de 2022<\/span><\/li><\/ul><\/li><\/ul><p style=\"text-align: justify;\"><span style=\"color: #333333;\">Si necesitas informaci\u00f3n adicional escr\u00edbenos a <a style=\"color: #333333;\" href=\"mailto:cito@umh.es\" target=\"_blank\" rel=\"noopener\">cito@umh.es<\/a><\/span><\/p><p>[\/et_pb_text][\/et_pb_column][\/et_pb_row][\/et_pb_section][et_pb_section fb_built=\"1\" custom_padding_last_edited=\"on|desktop\" admin_label=\"Secci\u00f3n\" _builder_version=\"4.16\" parallax=\"on\" parallax_method=\"off\" custom_padding=\"0px||0px|\" custom_padding_tablet=\"50px|0|50px|0\" custom_padding_phone=\"50px|0|50px|0\" transparent_background=\"off\" padding_mobile=\"off\" make_fullwidth=\"off\" use_custom_width=\"off\" width_unit=\"on\" global_colors_info=\"{}\"][et_pb_row padding_mobile=\"off\" column_padding_mobile=\"on\" admin_label=\"Fila\" _builder_version=\"4.16\" background_color=\"rgba(255,255,255,0.21)\" background_image=\"http:\/\/congresoterapiaocupacional.umh.es\/files\/2018\/11\/ORGANIZACIONF3.png\" background_size=\"initial\" background_position=\"top_left\" background_repeat=\"repeat\" custom_padding=\"220px||220px|\" make_fullwidth=\"off\" use_custom_width=\"off\" width_unit=\"on\" global_colors_info=\"{}\"][et_pb_column type=\"4_4\" _builder_version=\"4.16\" custom_padding=\"|||\" global_colors_info=\"{}\" custom_padding__hover=\"|||\"][et_pb_text admin_label=\"Texto\" _builder_version=\"4.17.4\" text_font=\"Open Sans|on|||\" text_text_color=\"#ffffff\" text_font_size=\"55\" background_size=\"initial\" background_position=\"top_left\" background_repeat=\"repeat\" text_orientation=\"center\" module_alignment=\"center\" use_border_color=\"off\" border_color=\"#ffffff\" border_style=\"solid\" global_colors_info=\"{}\"]<\/p><p><a title=\"Junta organizadora CITO\" href=\"http:\/\/congresoterapiaocupacional.umh.es\/junta-organizadora-cito\/\">\u00bfQui\u00e9n lo organiza?<\/a><\/p><p>[\/et_pb_text][\/et_pb_column][\/et_pb_row][\/et_pb_section][et_pb_section fb_built=\"1\" custom_padding_last_edited=\"on|desktop\" admin_label=\"section\" _builder_version=\"4.16\" custom_padding_tablet=\"50px|0|50px|0\" custom_padding_phone=\"50px|0|50px|0\" transparent_background=\"off\" padding_mobile=\"off\" make_fullwidth=\"off\" use_custom_width=\"off\" width_unit=\"on\" global_colors_info=\"{}\"][et_pb_row admin_label=\"row\" _builder_version=\"4.16\" background_size=\"initial\" background_position=\"top_left\" background_repeat=\"repeat\" global_colors_info=\"{}\"][et_pb_column type=\"4_4\" _builder_version=\"4.16\" custom_padding=\"|||\" global_colors_info=\"{}\" custom_padding__hover=\"|||\"][et_pb_text admin_label=\"Texto\" _builder_version=\"4.17.4\" text_text_color=\"#0066bf\" text_font_size=\"35px\" text_line_height=\"1.8em\" background_size=\"initial\" background_position=\"top_left\" background_repeat=\"repeat\" background_layout=\"dark\" use_border_color=\"off\" border_color=\"#ffffff\" border_style=\"solid\" global_colors_info=\"{}\"]<\/p><p style=\"text-align: center;\"><span style=\"color: #3366ff;\">VII International Congress of Occupational Therapy of the Miguel Hern\u00e1ndez University (CITO)<\/span><\/p><p>[\/et_pb_text][et_pb_text admin_label=\"Texto\" _builder_version=\"4.17.4\" text_text_color=\"#2878bf\" text_font_size=\"20px\" background_size=\"initial\" background_position=\"top_left\" background_repeat=\"repeat\" use_border_color=\"off\" border_color=\"#ffffff\" border_style=\"solid\" global_colors_info=\"{}\"]<\/p><p style=\"text-align: center;\"><span style=\"color: #1e73be;\">From 10th to 12th of May 2023<\/span><\/p><h1 style=\"text-align: center;\">\u00a0<\/h1><p>[\/et_pb_text][\/et_pb_column][\/et_pb_row][et_pb_row admin_label=\"Fila\" _builder_version=\"4.16\" background_size=\"initial\" background_position=\"top_left\" background_repeat=\"repeat\" global_colors_info=\"{}\"][et_pb_column type=\"4_4\" _builder_version=\"4.16\" custom_padding=\"|||\" global_colors_info=\"{}\" custom_padding__hover=\"|||\"][et_pb_text admin_label=\"Texto\" _builder_version=\"4.17.4\" text_font_size=\"18px\" background_size=\"initial\" background_position=\"top_left\" background_repeat=\"repeat\" use_border_color=\"off\" border_color=\"#ffffff\" border_style=\"solid\" global_colors_info=\"{}\"]<\/p><p>The scientific organizing committee has begun work on the upcoming edition of the CITO Congress. Stay tuned for upcoming information about the progress. Here we\u2019ll give you a sneak peek at what\u2019s new.<\/p><ul><li>We\u2019re designing a program for occupational therapy professionals as well as a program for students.<\/li><li>We\u2019ll be accepting work related to professional experiences such as clinical cases, descriptions of occupational therapy clinical services and intervention programs, in addition to research work.<\/li><li>In addition to the inauguration and closing speeches, we will include three presentations related to current relevant topics in therapy, together with roundtable debates and working groups.<\/li><li>As in prior years, we will continue to include peer review with external reviewers, the publication of a book of proceedings and prizes for the best presentations.<\/li><\/ul><p><strong>Calendar:<\/strong><\/p><ul><li>Deadline for submission of abstracts for oral communications:<ul><li>Opening: 10 October 2022<\/li><li>Closing date: 24 December 2022<\/li><\/ul><\/li><\/ul><p>If you need more information, contact us at <a href=\"mailto:cito@umh.es\">cito@umh.es<\/a><\/p><p>[\/et_pb_text][\/et_pb_column][\/et_pb_row][\/et_pb_section][et_pb_section fb_built=\"1\" custom_padding_last_edited=\"on|desktop\" admin_label=\"section\" _builder_version=\"4.16\" custom_padding_tablet=\"50px|0|50px|0\" custom_padding_phone=\"50px|0|50px|0\" transparent_background=\"off\" padding_mobile=\"off\" make_fullwidth=\"off\" use_custom_width=\"off\" width_unit=\"on\" global_colors_info=\"{}\"][et_pb_row admin_label=\"row\" _builder_version=\"4.16\" background_size=\"initial\" background_position=\"top_left\" background_repeat=\"repeat\" global_colors_info=\"{}\"][et_pb_column type=\"4_4\" _builder_version=\"4.16\" custom_padding=\"|||\" global_colors_info=\"{}\" custom_padding__hover=\"|||\"][et_pb_text admin_label=\"Texto\" _builder_version=\"4.17.4\" text_text_color=\"#0066bf\" text_font_size=\"35px\" text_line_height=\"1.8em\" background_size=\"initial\" background_position=\"top_left\" background_repeat=\"repeat\" use_border_color=\"off\" border_color=\"#ffffff\" border_style=\"solid\" global_colors_info=\"{}\"]<\/p><p style=\"text-align: center;\"><strong><span style=\"color: #2a6ba6;\">VII Congr\u00e8s International d\u2019Ergoth\u00e9rapie, Miguel Hern\u00e1ndez University (CITO)<\/span><\/strong><\/p><p>[\/et_pb_text][et_pb_text admin_label=\"Texto\" _builder_version=\"4.17.4\" text_text_color=\"#2878bf\" text_font_size=\"20px\" background_size=\"initial\" background_position=\"top_left\" background_repeat=\"repeat\" use_border_color=\"off\" border_color=\"#ffffff\" border_style=\"solid\" global_colors_info=\"{}\"]<\/p><p style=\"text-align: center;\"><span style=\"color: #2a6ba6;\">10, 11 i 12 mai 2023<\/span><\/p><h1 style=\"text-align: center;\">\u00a0<\/h1><h1 style=\"text-align: center;\">\u00a0<\/h1><p>[\/et_pb_text][\/et_pb_column][\/et_pb_row][et_pb_row admin_label=\"Fila\" _builder_version=\"4.16\" background_size=\"initial\" background_position=\"top_left\" background_repeat=\"repeat\" global_colors_info=\"{}\"][et_pb_column type=\"4_4\" _builder_version=\"4.16\" custom_padding=\"|||\" global_colors_info=\"{}\" custom_padding__hover=\"|||\"][et_pb_text admin_label=\"Texto\" _builder_version=\"4.17.4\" text_font_size=\"18px\" background_size=\"initial\" background_position=\"top_left\" background_repeat=\"repeat\" use_border_color=\"off\" border_color=\"#ffffff\" border_style=\"solid\" global_colors_info=\"{}\"]<\/p><p>Le comit\u00e9 scientifique et d'organisation du congr\u00e8s a commenc\u00e9 \u00e0 travailler sur cette nouvelle \u00e9dition du CITO et nous vous tiendrons inform\u00e9s des progr\u00e8s sur ce site. Voici un avant-go\u00fbt de ce qui est nouveau.<\/p><ul><li>Nous pr\u00e9parons un programme pour les professionnels de l'ergoth\u00e9rapie, parall\u00e8le au programme pour les \u00e9tudiants.<\/li><li>Le programme comprendra des pr\u00e9sentations d'exp\u00e9riences professionnelles telles que des cas cliniques, des descriptions de services cliniques et de programmes d'intervention en ergoth\u00e9rapie, ainsi que des articles de recherche.<\/li><li>Outre les communications d'ouverture et de cl\u00f4ture, trois autres communications seront pr\u00e9sent\u00e9es sur des questions pertinentes et d'actualit\u00e9 en mati\u00e8re de th\u00e9rapie, ainsi que des tables rondes et des groupes de travail.<\/li><li>Comme les ann\u00e9es pr\u00e9c\u00e9dentes, nous maintiendrons l'examen par les pairs avec des \u00e9valuateurs externes, la publication d'un livre d'actes et des prix pour les meilleures communications pr\u00e9sent\u00e9es.<\/li><\/ul><p><strong>Calendrier :<\/strong><\/p><ul><li>Date limite de soumission des r\u00e9sum\u00e9s pour les communications orales :<ul><li>Ouverture : 10 octobre 2022<\/li><li>Date de cl\u00f4ture : 24 d\u00e9cembre 2022<\/li><\/ul><\/li><\/ul><p>Si vous avez besoin d'informations suppl\u00e9mentaires, veuillez nous contacter \u00e0 l'adresse cito@umh.es.<\/p><h1 style=\"text-align: center;\">\u00a0<\/h1><h1 style=\"text-align: center;\">\u00a0<\/h1><p>[\/et_pb_text][\/et_pb_column][\/et_pb_row][\/et_pb_section][et_pb_section fb_built=\"1\" _builder_version=\"4.17.4\" _module_preset=\"default\" global_colors_info=\"{}\"][et_pb_row _builder_version=\"4.17.4\" _module_preset=\"default\" global_colors_info=\"{}\"][et_pb_column type=\"4_4\" _builder_version=\"4.17.4\" _module_preset=\"default\" global_colors_info=\"{}\"][:es _i=\"0\" _address=\"4.0.0.0\" theme_builder_area=\"post_content\" \/][:en _i=\"1\" _address=\"4.0.0.1\" theme_builder_area=\"post_content\" \/][:fr _i=\"2\" _address=\"4.0.0.2\" theme_builder_area=\"post_content\" \/][: _i=\"3\" _address=\"4.0.0.3\" theme_builder_area=\"post_content\" \/][\/et_pb_column][\/et_pb_row][\/et_pb_section]<\/p>","_et_gb_content_width":"","_links_to":"","_links_to_target":""},"_links":{"self":[{"href":"https:\/\/congresoterapiaocupacional.umh.es\/en\/wp-json\/wp\/v2\/pages\/30015"}],"collection":[{"href":"https:\/\/congresoterapiaocupacional.umh.es\/en\/wp-json\/wp\/v2\/pages"}],"about":[{"href":"https:\/\/congresoterapiaocupacional.umh.es\/en\/wp-json\/wp\/v2\/types\/page"}],"author":[{"embeddable":true,"href":"https:\/\/congresoterapiaocupacional.umh.es\/en\/wp-json\/wp\/v2\/users\/6277"}],"replies":[{"embeddable":true,"href":"https:\/\/congresoterapiaocupacional.umh.es\/en\/wp-json\/wp\/v2\/comments?post=30015"}],"version-history":[{"count":0,"href":"https:\/\/congresoterapiaocupacional.umh.es\/en\/wp-json\/wp\/v2\/pages\/30015\/revisions"}],"wp:attachment":[{"href":"https:\/\/congresoterapiaocupacional.umh.es\/en\/wp-json\/wp\/v2\/media?parent=30015"}],"curies":[{"name":"wp","href":"https:\/\/api.w.org\/{rel}","templated":true}]}}